{"id":1041,"date":"2019-06-03T21:32:19","date_gmt":"2019-06-03T21:32:19","guid":{"rendered":"https:\/\/simicur.dalphes.com\/?page_id=1041"},"modified":"2019-06-03T21:32:19","modified_gmt":"2019-06-03T21:32:19","slug":"cat-balance-naturfutter-fuetterungsempfehlung","status":"publish","type":"page","link":"https:\/\/simicur.com\/de\/natuerliches-katzenfutter\/cat-balance-naturfutter-fuetterungsempfehlung\/","title":{"rendered":"Cat Balance Naturfutter: F\u00fctterungsempfehlung"},"content":{"rendered":"<p>Cat Balance Katzenfutter ist ein f\u00fcr die Katze vollwertiges und ausgewogenes Futter, in Form von expandierten Br\u00f6ckchen f\u00fcr K\u00e4tzchen, erwachsene Katzen und die \u00e4ltere Katze. Durch die hohen Energiewerte und die leichte Verdaulichkeit braucht nur wenig gef\u00fcttert werden und es entsteht nur eine kleine Menge fester Stuhl. Die M\u00f6glichkeit von Magen- und Darmproblemen ist so gut wie Null. Es ist ein vollst\u00e4ndiges Futter, so dass es nicht n\u00f6tig ist beizuf\u00fcttern. Es wird auch abgeraten, andere Produkte oder Vitaminpr\u00e4parate und Kalk zu geben.<\/p>\n<p>Die knusprigen, expandierten Br\u00f6ckchen werden nach dem Fressen im Magen abgelegt Um daf\u00fcr zu sorgen, dass der Futterbrei im Magen nicht austrocknet ist es absolut notwendig, der Katze ausreichend frisches Trinkwasser beim Fressen zur Verf\u00fcgung zu stellen. Wenn Ihre Katze Schwierigkeiten mit dem Kauen hat, wird die Verdauung nicht optimal verlaufen k\u00f6nnen. Das Futter ist dann nicht gut genug mit Speichel vorgeweicht. Es ist dann und auch bei jungen Katzen bis im Alter von 3 Monaten vern\u00fcnftig, die Brocken im warmen Wasser einzuweichen, bevor sie der Katze gegeben werden.<\/p>\n<p><strong> Wie viel Cat Balance f\u00fcttern.<\/strong><br \/>\nBeim F\u00fcttern sollte eine Anzahl Richtlinien beachtet werden:<\/p>\n<ol>\n<li>Nicht zuviel f\u00fcttern (d.h., zuviel f\u00fcttern f\u00fchrt zu Durchfall)<\/li>\n<li>Es ist ein vollst\u00e4ndiges Futter, so dass es nicht n\u00f6tig ist beizuf\u00fcttern. Es wird auch abgeraten, andere Produkte oder Vitaminpr\u00e4parate und Kalk zu geben. M\u00f6chten Sie der Katze ab und zu etwas extra geben, dann geben Sie etwas Fleich (Herz), eventuell erg\u00e4nzt mit Reis und Gem\u00fcse (BioFlakes).<\/li>\n<li>Die Menge Futter, die die Katze braucht, wird nach dem Gewicht der Katze berechnet und nach dem ben\u00f6tigten verdaulichen Brennwert (Siehe Tabellen der verschiedenen Futtersorten).<\/li>\n<\/ol>\n<p><strong>Warum ist das so wichtig?<br \/>\n<\/strong>Wenn man einer Katze 10% zuviel Futter gibt, nimmt das Tier ungef\u00e4hr 50% mehr Wasser auf. Hierdurch nimmt der Magen 60% an Volumen zu, das Tier bekommt ein aufgebl\u00e4htes Gef\u00fchl und will das so schnell wie m\u00f6glich verlieren. Das \u00e4u\u00dfert sich manchmal in Erbrechen, meistens in Durchfall.<\/p>\n<p>Auch beim \u00dcbergang von unterschiedlichen Futtersorten ist es wichtig, das nicht auf einmal zu tun, sondern nach und nach. Dadurch ist das Risiko auf Durchfall geringer. Nehmen Sie hierf\u00fcr mindestens 5 Tage \u00dcbergangszeit, in der das alte Futter langsam durch das neue Futter ersetzt wird.<\/p>\n<p>Ein praktisches Schema hierbei ist das folgende:<\/p>\n<p>Tag 1: 4\/5 alt + 1\/5 neu<br \/>\nTag 2: 3\/5 alt + 2\/5 neu<br \/>\nTag 3: 50% alt + 50% neu<br \/>\nTag 4: 2\/5 alt + 3\/5 neu<br \/>\nTag 5: 1\/5 alt + 4\/5 neu<br \/>\nab Tag 6: 100% neues Futter.<\/p>\n","protected":false},"excerpt":{"rendered":"<p>Cat Balance Katzenfutter ist ein f\u00fcr die Katze vollwertiges und  [&#8230;]<\/p>\n","protected":false},"author":1,"featured_media":0,"parent":1043,"menu_order":0,"comment_status":"closed","ping_status":"closed","template":"","meta":{"footnotes":""},"class_list":["post-1041","page","type-page","status-publish","hentry"],"_links":{"self":[{"href":"https:\/\/simicur.com\/de\/wp-json\/wp\/v2\/pages\/1041","targetHints":{"allow":["GET"]}}],"collection":[{"href":"https:\/\/simicur.com\/de\/wp-json\/wp\/v2\/pages"}],"about":[{"href":"https:\/\/simicur.com\/de\/wp-json\/wp\/v2\/types\/page"}],"author":[{"embeddable":true,"href":"https:\/\/simicur.com\/de\/wp-json\/wp\/v2\/users\/1"}],"replies":[{"embeddable":true,"href":"https:\/\/simicur.com\/de\/wp-json\/wp\/v2\/comments?post=1041"}],"version-history":[{"count":1,"href":"https:\/\/simicur.com\/de\/wp-json\/wp\/v2\/pages\/1041\/revisions"}],"predecessor-version":[{"id":1042,"href":"https:\/\/simicur.com\/de\/wp-json\/wp\/v2\/pages\/1041\/revisions\/1042"}],"up":[{"embeddable":true,"href":"https:\/\/simicur.com\/de\/wp-json\/wp\/v2\/pages\/1043"}],"wp:attachment":[{"href":"https:\/\/simicur.com\/de\/wp-json\/wp\/v2\/media?parent=1041"}],"curies":[{"name":"wp","href":"https:\/\/api.w.org\/{rel}","templated":true}]}}