{"id":1045,"date":"2019-06-03T21:36:52","date_gmt":"2019-06-03T21:36:52","guid":{"rendered":"https:\/\/simicur.dalphes.com\/?page_id=1045"},"modified":"2020-01-20T11:14:58","modified_gmt":"2020-01-20T11:14:58","slug":"natuerliches-hundefutter","status":"publish","type":"page","link":"https:\/\/simicur.com\/de\/natuerliches-hundefutter\/","title":{"rendered":"Nat\u00fcrliches Hundefutter"},"content":{"rendered":"<div class=\"woocommerce columns-3 \"><ul class=\"products clearfix products-3\">\n<li class=\"product type-product post-1395 status-publish first outofstock product_cat-naturliches-hundefutter has-post-thumbnail taxable shipping-taxable purchasable product-type-variable product-grid-view\">\n\t<div class=\"fusion-product-wrapper\">\n<a href=\"https:\/\/simicur.com\/de\/shop\/naturliches-hundefutter\/adult-balance\/\" class=\"product-images\" aria-label=\"Adult Balance\">\n<div class=\"fusion-woo-badges-wrapper\">\n\t<div class=\"fusion-out-of-stock\">\n\t\t<div class=\"fusion-position-text\">\n\t\t\tOut of stock\t\t<\/div>\n\t<\/div>\n<\/div><div class=\"featured-image\">\n\t\t<img decoding=\"async\" width=\"350\" height=\"450\" src=\"https:\/\/simicur.com\/wp-content\/uploads\/2020\/01\/Adult_Balance_4b7eaa0210158.jpg\" class=\"attachment-woocommerce_thumbnail size-woocommerce_thumbnail wp-post-image\" alt=\"\" srcset=\"https:\/\/simicur.com\/wp-content\/uploads\/2020\/01\/Adult_Balance_4b7eaa0210158-200x257.jpg 200w, https:\/\/simicur.com\/wp-content\/uploads\/2020\/01\/Adult_Balance_4b7eaa0210158-233x300.jpg 233w, https:\/\/simicur.com\/wp-content\/uploads\/2020\/01\/Adult_Balance_4b7eaa0210158.jpg 350w\" sizes=\"(max-width: 350px) 100vw, 350px\" \/>\n\t\t\t\t\t\t<div class=\"cart-loading\"><i class=\"awb-icon-spinner\" aria-hidden=\"true\"><\/i><\/div>\n\t\t\t<\/div>\n<\/a>\n<div class=\"fusion-product-content\">\n\t<div class=\"product-details\">\n\t\t<div class=\"product-details-container\">\n<h3 class=\"product-title\">\n\t<a href=\"https:\/\/simicur.com\/de\/shop\/naturliches-hundefutter\/adult-balance\/\">\n\t\tAdult Balance\t<\/a>\n<\/h3>\n<div class=\"fusion-price-rating\">\n\t<div itemprop=\"description\" style=\"font-size: 80%; height:150px;\">\r\n\t\t<p>F\u00fcr alle erwachsenen Hunde. Sie k\u00f6nnen trocken gef\u00fcttert werden und sie sind gut f\u00fcr die Z\u00e4hne. Es ist ein vollwertiges Hundefutter, leicht verdaulich und ohne k\u00fcnstliche Zus\u00e4tze.<\/p>\n\t<\/div>\r\n\t\n\t<span class=\"price\">Vanaf : <span class=\"woocommerce-Price-amount amount\"><bdi><span class=\"woocommerce-Price-currencySymbol\">&euro;<\/span>4.02<\/bdi><\/span><\/span>\n\t\t<\/div>\n\t<\/div>\n<\/div>\n\n\n\t<div class=\"product-buttons\">\n\t\t<div class=\"fusion-content-sep sep-double sep-solid\"><\/div>\n\t\t<div class=\"product-buttons-container clearfix\">\n\n<a href=\"https:\/\/simicur.com\/de\/shop\/naturliches-hundefutter\/adult-balance\/\" class=\"show_details_button\" style=\"float:none;max-width:none;text-align:center;\">\n\tDetails<\/a>\n\n\n\t<\/div>\n\t<\/div>\n\n\t<\/div> <\/div>\n<\/li>\n<li class=\"product type-product post-1383 status-publish outofstock product_cat-naturliches-hundefutter has-post-thumbnail taxable shipping-taxable purchasable product-type-variable product-grid-view\">\n\t<div class=\"fusion-product-wrapper\">\n<a href=\"https:\/\/simicur.com\/de\/shop\/naturliches-hundefutter\/bioflakes\/\" class=\"product-images\" aria-label=\"BioFlakes\">\n<div class=\"fusion-woo-badges-wrapper\">\n\t<div class=\"fusion-out-of-stock\">\n\t\t<div class=\"fusion-position-text\">\n\t\t\tOut of stock\t\t<\/div>\n\t<\/div>\n<\/div><div class=\"featured-image\">\n\t\t<img decoding=\"async\" width=\"350\" height=\"450\" src=\"https:\/\/simicur.com\/wp-content\/uploads\/2020\/01\/Diet_Balance_Bio_4b7ea8fc0e3fe.jpg\" class=\"attachment-woocommerce_thumbnail size-woocommerce_thumbnail wp-post-image\" alt=\"\" srcset=\"https:\/\/simicur.com\/wp-content\/uploads\/2020\/01\/Diet_Balance_Bio_4b7ea8fc0e3fe-200x257.jpg 200w, https:\/\/simicur.com\/wp-content\/uploads\/2020\/01\/Diet_Balance_Bio_4b7ea8fc0e3fe-233x300.jpg 233w, https:\/\/simicur.com\/wp-content\/uploads\/2020\/01\/Diet_Balance_Bio_4b7ea8fc0e3fe.jpg 350w\" sizes=\"(max-width: 350px) 100vw, 350px\" \/>\n\t\t\t\t\t\t<div class=\"cart-loading\"><i class=\"awb-icon-spinner\" aria-hidden=\"true\"><\/i><\/div>\n\t\t\t<\/div>\n<\/a>\n<div class=\"fusion-product-content\">\n\t<div class=\"product-details\">\n\t\t<div class=\"product-details-container\">\n<h3 class=\"product-title\">\n\t<a href=\"https:\/\/simicur.com\/de\/shop\/naturliches-hundefutter\/bioflakes\/\">\n\t\tBioFlakes\t<\/a>\n<\/h3>\n<div class=\"fusion-price-rating\">\n\t<div itemprop=\"description\" style=\"font-size: 80%; height:150px;\">\r\n\t\t<p>F\u00fcr alle schlecht fressenden und von Krankheit genesenden Hunde. Die Reismahlzeit ist speziell geeignet als \u00dcbergang zwischen zwei Futterarten und im Erholungszeitraum nach einer Operation oder Krankheit. Eine fleischarme Mahlzeit f\u00fcr den genesenden Hund, mit einem niedrigen Eiwei\u00df- und Fettgehalt.<\/p>\n\t<\/div>\r\n\t\n\t<span class=\"price\">Vanaf : <span class=\"woocommerce-Price-amount amount\"><bdi><span class=\"woocommerce-Price-currencySymbol\">&euro;<\/span>5.40<\/bdi><\/span><\/span>\n\t\t<\/div>\n\t<\/div>\n<\/div>\n\n\n\t<div class=\"product-buttons\">\n\t\t<div class=\"fusion-content-sep sep-double sep-solid\"><\/div>\n\t\t<div class=\"product-buttons-container clearfix\">\n\n<a href=\"https:\/\/simicur.com\/de\/shop\/naturliches-hundefutter\/bioflakes\/\" class=\"show_details_button\" style=\"float:none;max-width:none;text-align:center;\">\n\tDetails<\/a>\n\n\n\t<\/div>\n\t<\/div>\n\n\t<\/div> <\/div>\n<\/li>\n<li class=\"product type-product post-1387 status-publish last outofstock product_cat-naturliches-hundefutter has-post-thumbnail taxable shipping-taxable purchasable product-type-variable product-grid-view\">\n\t<div class=\"fusion-product-wrapper\">\n<a href=\"https:\/\/simicur.com\/de\/shop\/naturliches-hundefutter\/dinner-balance\/\" class=\"product-images\" aria-label=\"Dinner Balance\">\n<div class=\"fusion-woo-badges-wrapper\">\n\t<div class=\"fusion-out-of-stock\">\n\t\t<div class=\"fusion-position-text\">\n\t\t\tOut of stock\t\t<\/div>\n\t<\/div>\n<\/div><div class=\"featured-image\">\n\t\t<img decoding=\"async\" width=\"350\" height=\"450\" src=\"https:\/\/simicur.com\/wp-content\/uploads\/2020\/01\/Dinner_Balance_4b7ea926bd2e0.jpg\" class=\"attachment-woocommerce_thumbnail size-woocommerce_thumbnail wp-post-image\" alt=\"\" srcset=\"https:\/\/simicur.com\/wp-content\/uploads\/2020\/01\/Dinner_Balance_4b7ea926bd2e0-200x257.jpg 200w, https:\/\/simicur.com\/wp-content\/uploads\/2020\/01\/Dinner_Balance_4b7ea926bd2e0-233x300.jpg 233w, https:\/\/simicur.com\/wp-content\/uploads\/2020\/01\/Dinner_Balance_4b7ea926bd2e0.jpg 350w\" sizes=\"(max-width: 350px) 100vw, 350px\" \/>\n\t\t\t\t\t\t<div class=\"cart-loading\"><i class=\"awb-icon-spinner\" aria-hidden=\"true\"><\/i><\/div>\n\t\t\t<\/div>\n<\/a>\n<div class=\"fusion-product-content\">\n\t<div class=\"product-details\">\n\t\t<div class=\"product-details-container\">\n<h3 class=\"product-title\">\n\t<a href=\"https:\/\/simicur.com\/de\/shop\/naturliches-hundefutter\/dinner-balance\/\">\n\t\tDinner Balance\t<\/a>\n<\/h3>\n<div class=\"fusion-price-rating\">\n\t<div itemprop=\"description\" style=\"font-size: 80%; height:150px;\">\r\n\t\t<p>Eine ausgewogene und leicht verdauliche Fleischmahlzeit f\u00fcr alle erwachsenen, aktiven Hunde. Die Fleischmahlzeit ist ein vollwertiges Hundefutter, speziell f\u00fcr anspruchsvolle oder schlecht fressende Hunde. Auch f\u00fcr Besitzer, die ihrem Hund lieber Nassfutter als Trockenfutter geben, ist diese Mahlzeit eine geeignete Alternative.<\/p>\n\t<\/div>\r\n\t\n\t<span class=\"price\">Vanaf : <span class=\"woocommerce-Price-amount amount\"><bdi><span class=\"woocommerce-Price-currencySymbol\">&euro;<\/span>3.10<\/bdi><\/span><\/span>\n\t\t<\/div>\n\t<\/div>\n<\/div>\n\n\n\t<div class=\"product-buttons\">\n\t\t<div class=\"fusion-content-sep sep-double sep-solid\"><\/div>\n\t\t<div class=\"product-buttons-container clearfix\">\n\n<a href=\"https:\/\/simicur.com\/de\/shop\/naturliches-hundefutter\/dinner-balance\/\" class=\"show_details_button\" style=\"float:none;max-width:none;text-align:center;\">\n\tDetails<\/a>\n\n\n\t<\/div>\n\t<\/div>\n\n\t<\/div> <\/div>\n<\/li>\n<li class=\"product type-product post-1379 status-publish first outofstock product_cat-naturliches-hundefutter has-post-thumbnail taxable shipping-taxable purchasable product-type-variable product-grid-view\">\n\t<div class=\"fusion-product-wrapper\">\n<a href=\"https:\/\/simicur.com\/de\/shop\/naturliches-hundefutter\/energy-balance\/\" class=\"product-images\" aria-label=\"Energy Balance\">\n<div class=\"fusion-woo-badges-wrapper\">\n\t<div class=\"fusion-out-of-stock\">\n\t\t<div class=\"fusion-position-text\">\n\t\t\tOut of stock\t\t<\/div>\n\t<\/div>\n<\/div><div class=\"featured-image\">\n\t\t<img decoding=\"async\" width=\"350\" height=\"450\" src=\"https:\/\/simicur.com\/wp-content\/uploads\/2020\/01\/Energy_Balance_4b7eaa4e6a373.jpg\" class=\"attachment-woocommerce_thumbnail size-woocommerce_thumbnail wp-post-image\" alt=\"\" srcset=\"https:\/\/simicur.com\/wp-content\/uploads\/2020\/01\/Energy_Balance_4b7eaa4e6a373-200x257.jpg 200w, https:\/\/simicur.com\/wp-content\/uploads\/2020\/01\/Energy_Balance_4b7eaa4e6a373-233x300.jpg 233w, https:\/\/simicur.com\/wp-content\/uploads\/2020\/01\/Energy_Balance_4b7eaa4e6a373.jpg 350w\" sizes=\"(max-width: 350px) 100vw, 350px\" \/>\n\t\t\t\t\t\t<div class=\"cart-loading\"><i class=\"awb-icon-spinner\" aria-hidden=\"true\"><\/i><\/div>\n\t\t\t<\/div>\n<\/a>\n<div class=\"fusion-product-content\">\n\t<div class=\"product-details\">\n\t\t<div class=\"product-details-container\">\n<h3 class=\"product-title\">\n\t<a href=\"https:\/\/simicur.com\/de\/shop\/naturliches-hundefutter\/energy-balance\/\">\n\t\tEnergy Balance\t<\/a>\n<\/h3>\n<div class=\"fusion-price-rating\">\n\t<div itemprop=\"description\" style=\"font-size: 80%; height:150px;\">\r\n\t\t<p>F\u00fcr alle erwachsenen aktiven Hunde. Vollwertiges Hundefutter f\u00fcr die Ruheperiode von Hunden, die sehr aktiv sind und\/ oder aktiv trainiert werden. Eine leicht verdauliche Mahlzeit f\u00fcr den aktiven Hund, mit einer angeglichenen Menge an Eiwei\u00dfen und Fetten.<\/p>\n\t<\/div>\r\n\t\n\t<span class=\"price\">Vanaf : <span class=\"woocommerce-Price-amount amount\"><bdi><span class=\"woocommerce-Price-currencySymbol\">&euro;<\/span>6.56<\/bdi><\/span><\/span>\n\t\t<\/div>\n\t<\/div>\n<\/div>\n\n\n\t<div class=\"product-buttons\">\n\t\t<div class=\"fusion-content-sep sep-double sep-solid\"><\/div>\n\t\t<div class=\"product-buttons-container clearfix\">\n\n<a href=\"https:\/\/simicur.com\/de\/shop\/naturliches-hundefutter\/energy-balance\/\" class=\"show_details_button\" style=\"float:none;max-width:none;text-align:center;\">\n\tDetails<\/a>\n\n\n\t<\/div>\n\t<\/div>\n\n\t<\/div> <\/div>\n<\/li>\n<li class=\"product type-product post-1404 status-publish outofstock product_cat-naturliches-hundefutter has-post-thumbnail taxable shipping-taxable purchasable product-type-variable product-grid-view\">\n\t<div class=\"fusion-product-wrapper\">\n<a href=\"https:\/\/simicur.com\/de\/shop\/naturliches-hundefutter\/lamb-rice-balance\/\" class=\"product-images\" aria-label=\"Lamb &#038; Rice Balance\">\n<div class=\"fusion-woo-badges-wrapper\">\n\t<div class=\"fusion-out-of-stock\">\n\t\t<div class=\"fusion-position-text\">\n\t\t\tOut of stock\t\t<\/div>\n\t<\/div>\n<\/div><div class=\"featured-image\">\n\t\t<img decoding=\"async\" width=\"350\" height=\"450\" src=\"https:\/\/simicur.com\/wp-content\/uploads\/2020\/01\/Lamb_Rice_Balanc_4b7ea96dafc53.jpg\" class=\"attachment-woocommerce_thumbnail size-woocommerce_thumbnail wp-post-image\" alt=\"\" srcset=\"https:\/\/simicur.com\/wp-content\/uploads\/2020\/01\/Lamb_Rice_Balanc_4b7ea96dafc53-200x257.jpg 200w, https:\/\/simicur.com\/wp-content\/uploads\/2020\/01\/Lamb_Rice_Balanc_4b7ea96dafc53-233x300.jpg 233w, https:\/\/simicur.com\/wp-content\/uploads\/2020\/01\/Lamb_Rice_Balanc_4b7ea96dafc53.jpg 350w\" sizes=\"(max-width: 350px) 100vw, 350px\" \/>\n\t\t\t\t\t\t<div class=\"cart-loading\"><i class=\"awb-icon-spinner\" aria-hidden=\"true\"><\/i><\/div>\n\t\t\t<\/div>\n<\/a>\n<div class=\"fusion-product-content\">\n\t<div class=\"product-details\">\n\t\t<div class=\"product-details-container\">\n<h3 class=\"product-title\">\n\t<a href=\"https:\/\/simicur.com\/de\/shop\/naturliches-hundefutter\/lamb-rice-balance\/\">\n\t\tLamb &#038; Rice Balance\t<\/a>\n<\/h3>\n<div class=\"fusion-price-rating\">\n\t<div itemprop=\"description\" style=\"font-size: 80%; height:150px;\">\r\n\t\t<table width=\"100%\">\n<tbody>\n<tr>\n<td>Ein nat\u00fcrliches Futter f\u00fcr alle Hunde jeden Alters. Vollwertiges Hundefutter f\u00fcr Hunde mit einer Nahrungsmittelallergie und \/ oder Hautproblemen. Dieses Futter hilft in den meisten F\u00e4llen, wenn die Ursache der medizinischen Probleme bei der Nahrung liegt.<\/td>\n<\/tr>\n<tr>\n<td><\/td>\n<\/tr>\n<\/tbody>\n<\/table>\n\t<\/div>\r\n\t\n\t<span class=\"price\">Vanaf : <span class=\"woocommerce-Price-amount amount\"><bdi><span class=\"woocommerce-Price-currencySymbol\">&euro;<\/span>5.03<\/bdi><\/span><\/span>\n\t\t<\/div>\n\t<\/div>\n<\/div>\n\n\n\t<div class=\"product-buttons\">\n\t\t<div class=\"fusion-content-sep sep-double sep-solid\"><\/div>\n\t\t<div class=\"product-buttons-container clearfix\">\n\n<a href=\"https:\/\/simicur.com\/de\/shop\/naturliches-hundefutter\/lamb-rice-balance\/\" class=\"show_details_button\" style=\"float:none;max-width:none;text-align:center;\">\n\tDetails<\/a>\n\n\n\t<\/div>\n\t<\/div>\n\n\t<\/div> <\/div>\n<\/li>\n<li class=\"product type-product post-1391 status-publish last outofstock product_cat-naturliches-hundefutter has-post-thumbnail taxable shipping-taxable purchasable product-type-variable product-grid-view\">\n\t<div class=\"fusion-product-wrapper\">\n<a href=\"https:\/\/simicur.com\/de\/shop\/naturliches-hundefutter\/senior-balance\/\" class=\"product-images\" aria-label=\"Senior Balance\">\n<div class=\"fusion-woo-badges-wrapper\">\n\t<div class=\"fusion-out-of-stock\">\n\t\t<div class=\"fusion-position-text\">\n\t\t\tOut of stock\t\t<\/div>\n\t<\/div>\n<\/div><div class=\"featured-image\">\n\t\t<img decoding=\"async\" width=\"350\" height=\"450\" src=\"https:\/\/simicur.com\/wp-content\/uploads\/2020\/01\/Senior_Balance_4b7ea9d361fbb.jpg\" class=\"attachment-woocommerce_thumbnail size-woocommerce_thumbnail wp-post-image\" alt=\"\" srcset=\"https:\/\/simicur.com\/wp-content\/uploads\/2020\/01\/Senior_Balance_4b7ea9d361fbb-200x257.jpg 200w, https:\/\/simicur.com\/wp-content\/uploads\/2020\/01\/Senior_Balance_4b7ea9d361fbb-233x300.jpg 233w, https:\/\/simicur.com\/wp-content\/uploads\/2020\/01\/Senior_Balance_4b7ea9d361fbb.jpg 350w\" sizes=\"(max-width: 350px) 100vw, 350px\" \/>\n\t\t\t\t\t\t<div class=\"cart-loading\"><i class=\"awb-icon-spinner\" aria-hidden=\"true\"><\/i><\/div>\n\t\t\t<\/div>\n<\/a>\n<div class=\"fusion-product-content\">\n\t<div class=\"product-details\">\n\t\t<div class=\"product-details-container\">\n<h3 class=\"product-title\">\n\t<a href=\"https:\/\/simicur.com\/de\/shop\/naturliches-hundefutter\/senior-balance\/\">\n\t\tSenior Balance\t<\/a>\n<\/h3>\n<div class=\"fusion-price-rating\">\n\t<div itemprop=\"description\" style=\"font-size: 80%; height:150px;\">\r\n\t\t<p>Ein nat\u00fcrliches Futter f\u00fcr den \u00e4lteren oder weniger aktiven Hund. Das Futter enth\u00e4lt wenig Eiwei\u00dfe und Fette und ist auch f\u00fcr Hunde mit Eiwei\u00dfallergie geeignet. Die Brocken sind ebenfalls geeignet f\u00fcr Hunde mit \u00dcbergewicht und f\u00fcr Hunde, die nicht zunehmen d\u00fcrfen.<\/p>\n\t<\/div>\r\n\t\n\t<span class=\"price\">Vanaf : <span class=\"woocommerce-Price-amount amount\"><bdi><span class=\"woocommerce-Price-currencySymbol\">&euro;<\/span>4.58<\/bdi><\/span><\/span>\n\t\t<\/div>\n\t<\/div>\n<\/div>\n\n\n\t<div class=\"product-buttons\">\n\t\t<div class=\"fusion-content-sep sep-double sep-solid\"><\/div>\n\t\t<div class=\"product-buttons-container clearfix\">\n\n<a href=\"https:\/\/simicur.com\/de\/shop\/naturliches-hundefutter\/senior-balance\/\" class=\"show_details_button\" style=\"float:none;max-width:none;text-align:center;\">\n\tDetails<\/a>\n\n\n\t<\/div>\n\t<\/div>\n\n\t<\/div> <\/div>\n<\/li>\n<li class=\"product type-product post-1400 status-publish first outofstock product_cat-naturliches-hundefutter has-post-thumbnail taxable shipping-taxable purchasable product-type-variable product-grid-view\">\n\t<div class=\"fusion-product-wrapper\">\n<a href=\"https:\/\/simicur.com\/de\/shop\/naturliches-hundefutter\/welpen-balance\/\" class=\"product-images\" aria-label=\"Welpen Balance\">\n<div class=\"fusion-woo-badges-wrapper\">\n\t<div class=\"fusion-out-of-stock\">\n\t\t<div class=\"fusion-position-text\">\n\t\t\tOut of stock\t\t<\/div>\n\t<\/div>\n<\/div><div class=\"featured-image\">\n\t\t<img decoding=\"async\" width=\"350\" height=\"450\" src=\"https:\/\/simicur.com\/wp-content\/uploads\/2020\/01\/Pup_Balance_4b7ea9ca4bd79.jpg\" class=\"attachment-woocommerce_thumbnail size-woocommerce_thumbnail wp-post-image\" alt=\"\" srcset=\"https:\/\/simicur.com\/wp-content\/uploads\/2020\/01\/Pup_Balance_4b7ea9ca4bd79-200x257.jpg 200w, https:\/\/simicur.com\/wp-content\/uploads\/2020\/01\/Pup_Balance_4b7ea9ca4bd79-233x300.jpg 233w, https:\/\/simicur.com\/wp-content\/uploads\/2020\/01\/Pup_Balance_4b7ea9ca4bd79.jpg 350w\" sizes=\"(max-width: 350px) 100vw, 350px\" \/>\n\t\t\t\t\t\t<div class=\"cart-loading\"><i class=\"awb-icon-spinner\" aria-hidden=\"true\"><\/i><\/div>\n\t\t\t<\/div>\n<\/a>\n<div class=\"fusion-product-content\">\n\t<div class=\"product-details\">\n\t\t<div class=\"product-details-container\">\n<h3 class=\"product-title\">\n\t<a href=\"https:\/\/simicur.com\/de\/shop\/naturliches-hundefutter\/welpen-balance\/\">\n\t\tWelpen Balance\t<\/a>\n<\/h3>\n<div class=\"fusion-price-rating\">\n\t<div itemprop=\"description\" style=\"font-size: 80%; height:150px;\">\r\n\t\t<p>F\u00fcr alle jungen, wachsenden Hunde bis zum Alter von 12-16 Monaten. Vollwertiges Hundefutter f\u00fcr Welpen aller Rassen ab der 3. Lebenswoche und f\u00fcr tr\u00e4chtige oder s\u00e4ugende Hunde. Dieses Futter enth\u00e4lt (im Verh\u00e4ltnis) viel Eiwei\u00dfe und Fette und hat ein Calcium-Phosphor-Verh\u00e4ltnis, das f\u00fcr ein optimales Knochenwachstum notwendig ist.<\/p>\n\t<\/div>\r\n\t\n\t<span class=\"price\">Vanaf : <span class=\"woocommerce-Price-amount amount\"><bdi><span class=\"woocommerce-Price-currencySymbol\">&euro;<\/span>5.03<\/bdi><\/span><\/span>\n\t\t<\/div>\n\t<\/div>\n<\/div>\n\n\n\t<div class=\"product-buttons\">\n\t\t<div class=\"fusion-content-sep sep-double sep-solid\"><\/div>\n\t\t<div class=\"product-buttons-container clearfix\">\n\n<a href=\"https:\/\/simicur.com\/de\/shop\/naturliches-hundefutter\/welpen-balance\/\" class=\"show_details_button\" style=\"float:none;max-width:none;text-align:center;\">\n\tDetails<\/a>\n\n\n\t<\/div>\n\t<\/div>\n\n\t<\/div> <\/div>\n<\/li>\n<\/ul>\n<\/div>\n","protected":false},"excerpt":{"rendered":"","protected":false},"author":1,"featured_media":0,"parent":0,"menu_order":0,"comment_status":"closed","ping_status":"closed","template":"","meta":{"footnotes":""},"class_list":["post-1045","page","type-page","status-publish","hentry"],"_links":{"self":[{"href":"https:\/\/simicur.com\/de\/wp-json\/wp\/v2\/pages\/1045","targetHints":{"allow":["GET"]}}],"collection":[{"href":"https:\/\/simicur.com\/de\/wp-json\/wp\/v2\/pages"}],"about":[{"href":"https:\/\/simicur.com\/de\/wp-json\/wp\/v2\/types\/page"}],"author":[{"embeddable":true,"href":"https:\/\/simicur.com\/de\/wp-json\/wp\/v2\/users\/1"}],"replies":[{"embeddable":true,"href":"https:\/\/simicur.com\/de\/wp-json\/wp\/v2\/comments?post=1045"}],"version-history":[{"count":2,"href":"https:\/\/simicur.com\/de\/wp-json\/wp\/v2\/pages\/1045\/revisions"}],"predecessor-version":[{"id":1477,"href":"https:\/\/simicur.com\/de\/wp-json\/wp\/v2\/pages\/1045\/revisions\/1477"}],"wp:attachment":[{"href":"https:\/\/simicur.com\/de\/wp-json\/wp\/v2\/media?parent=1045"}],"curies":[{"name":"wp","href":"https:\/\/api.w.org\/{rel}","templated":true}]}}