{"id":1047,"date":"2019-06-03T21:38:11","date_gmt":"2019-06-03T21:38:11","guid":{"rendered":"https:\/\/simicur.dalphes.com\/?page_id=1047"},"modified":"2020-01-20T11:14:40","modified_gmt":"2020-01-20T11:14:40","slug":"kraeuter-nahrungsergaenzung","status":"publish","type":"page","link":"https:\/\/simicur.com\/de\/kraeuter-nahrungsergaenzung\/","title":{"rendered":"Kr\u00e4uter &#038; Nahrungserg\u00e4nzung"},"content":{"rendered":"<div class=\"woocommerce columns-3 \"><ul class=\"products clearfix products-3\">\n<li class=\"product type-product post-1426 status-publish first instock product_cat-krauter-nahrungserganzung has-post-thumbnail taxable shipping-taxable purchasable product-type-variable product-grid-view\">\n\t<div class=\"fusion-product-wrapper\">\n<a href=\"https:\/\/simicur.com\/de\/shop\/krauter-nahrungserganzung\/digesticur\/\" class=\"product-images\" aria-label=\"Digesticur\">\n\n<div class=\"featured-image\">\n\t\t<img decoding=\"async\" width=\"300\" height=\"450\" src=\"https:\/\/simicur.com\/wp-content\/uploads\/2020\/01\/Digesticur_4b8157a83eead.png\" class=\"attachment-woocommerce_thumbnail size-woocommerce_thumbnail wp-post-image\" alt=\"\" srcset=\"https:\/\/simicur.com\/wp-content\/uploads\/2020\/01\/Digesticur_4b8157a83eead-200x300.png 200w, https:\/\/simicur.com\/wp-content\/uploads\/2020\/01\/Digesticur_4b8157a83eead.png 300w\" sizes=\"(max-width: 300px) 100vw, 300px\" \/>\n\t\t\t\t\t\t<div class=\"cart-loading\"><i class=\"awb-icon-spinner\" aria-hidden=\"true\"><\/i><\/div>\n\t\t\t<\/div>\n<\/a>\n<div class=\"fusion-product-content\">\n\t<div class=\"product-details\">\n\t\t<div class=\"product-details-container\">\n<h3 class=\"product-title\">\n\t<a href=\"https:\/\/simicur.com\/de\/shop\/krauter-nahrungserganzung\/digesticur\/\">\n\t\tDigesticur\t<\/a>\n<\/h3>\n<div class=\"fusion-price-rating\">\n\t<div itemprop=\"description\" style=\"font-size: 80%; height:150px;\">\r\n\t\t<p><b>Anwendung:<\/b> Kr\u00e4uterpr\u00e4parat f\u00fcr gesunde D\u00e4rme und Futteraufnahme. Anzuwenden bei empfindlichen D\u00e4rmen, Allergie, Immunschw\u00e4che, Darmkr\u00e4mpfe. Vorbeugung vor Wurmbefall, Stallbeine und schlechtes Hufwachstum.<\/p>\n\t<\/div>\r\n\t\n\t<span class=\"price\">Vanaf : <span class=\"woocommerce-Price-amount amount\"><bdi><span class=\"woocommerce-Price-currencySymbol\">&euro;<\/span>22.70<\/bdi><\/span><\/span>\n\t\t<\/div>\n\t<\/div>\n<\/div>\n\n\n\t<div class=\"product-buttons\">\n\t\t<div class=\"fusion-content-sep sep-double sep-solid\"><\/div>\n\t\t<div class=\"product-buttons-container clearfix\">\n<a href=\"https:\/\/simicur.com\/de\/shop\/krauter-nahrungserganzung\/digesticur\/\" aria-describedby=\"woocommerce_loop_add_to_cart_link_describedby_1426\" data-quantity=\"1\" class=\"button product_type_variable add_to_cart_button\" data-product_id=\"1426\" data-product_sku=\"ks-1\" aria-label=\"W\u00e4hle Optionen f\u00fcr \u201eDigesticur\u201c\" rel=\"nofollow\">Ausf\u00fchrung w\u00e4hlen<\/a>\t<span id=\"woocommerce_loop_add_to_cart_link_describedby_1426\" class=\"screen-reader-text\">\n\t\tDieses Produkt weist mehrere Varianten auf. Die Optionen k\u00f6nnen auf der Produktseite gew\u00e4hlt werden\t<\/span>\n\n<a href=\"https:\/\/simicur.com\/de\/shop\/krauter-nahrungserganzung\/digesticur\/\" class=\"show_details_button\">\n\tDetails<\/a>\n\n\n\t<\/div>\n\t<\/div>\n\n\t<\/div> <\/div>\n<\/li>\n<li class=\"product type-product post-1430 status-publish instock product_cat-krauter-nahrungserganzung has-post-thumbnail taxable shipping-taxable purchasable product-type-simple product-grid-view\">\n\t<div class=\"fusion-product-wrapper\">\n<a href=\"https:\/\/simicur.com\/de\/shop\/krauter-nahrungserganzung\/fenegriek\/\" class=\"product-images\" aria-label=\"Fenegriek\">\n\n<div class=\"featured-image\">\n\t\t<img decoding=\"async\" width=\"300\" height=\"450\" src=\"https:\/\/simicur.com\/wp-content\/uploads\/2020\/01\/fenergiek.jpg\" class=\"attachment-woocommerce_thumbnail size-woocommerce_thumbnail wp-post-image\" alt=\"\" srcset=\"https:\/\/simicur.com\/wp-content\/uploads\/2020\/01\/fenergiek-200x300.jpg 200w, https:\/\/simicur.com\/wp-content\/uploads\/2020\/01\/fenergiek.jpg 300w\" sizes=\"(max-width: 300px) 100vw, 300px\" \/>\n\t\t\t\t\t\t<div class=\"cart-loading\"><i class=\"awb-icon-spinner\" aria-hidden=\"true\"><\/i><\/div>\n\t\t\t<\/div>\n<\/a>\n<div class=\"fusion-product-content\">\n\t<div class=\"product-details\">\n\t\t<div class=\"product-details-container\">\n<h3 class=\"product-title\">\n\t<a href=\"https:\/\/simicur.com\/de\/shop\/krauter-nahrungserganzung\/fenegriek\/\">\n\t\tFenegriek\t<\/a>\n<\/h3>\n<div class=\"fusion-price-rating\">\n\t<div itemprop=\"description\" style=\"font-size: 80%; height:150px;\">\r\n\t\t<p><b>Anwendung:<\/b> Kr\u00e4uterpr\u00e4parat f\u00fcr Atemwege und Kondition. Zu verabreichen bei Hustenproblemen und schwacher Kondition.<\/p>\n\t<\/div>\r\n\t\n\t<span class=\"price\"><span class=\"woocommerce-Price-amount amount\"><bdi><span class=\"woocommerce-Price-currencySymbol\">&euro;<\/span>9.99<\/bdi><\/span><\/span>\n\t\t<\/div>\n\t<\/div>\n<\/div>\n\n\n\t<div class=\"product-buttons\">\n\t\t<div class=\"fusion-content-sep sep-double sep-solid\"><\/div>\n\t\t<div class=\"product-buttons-container clearfix\">\n<a href=\"\/de\/wp-json\/wp\/v2\/pages\/1047?add-to-cart=1430\" aria-describedby=\"woocommerce_loop_add_to_cart_link_describedby_1430\" data-quantity=\"1\" class=\"button product_type_simple add_to_cart_button ajax_add_to_cart\" data-product_id=\"1430\" data-product_sku=\"ks-4\" aria-label=\"In den Warenkorb legen: \u201eFenegriek\u201c\" rel=\"nofollow\">In den Warenkorb<\/a>\t<span id=\"woocommerce_loop_add_to_cart_link_describedby_1430\" class=\"screen-reader-text\">\n\t\t\t<\/span>\n\n<a href=\"https:\/\/simicur.com\/de\/shop\/krauter-nahrungserganzung\/fenegriek\/\" class=\"show_details_button\">\n\tDetails<\/a>\n\n\n\t<\/div>\n\t<\/div>\n\n\t<\/div> <\/div>\n<\/li>\n<li class=\"product type-product post-1433 status-publish last instock product_cat-krauter-nahrungserganzung has-post-thumbnail sold-individually taxable shipping-taxable purchasable product-type-simple product-grid-view\">\n\t<div class=\"fusion-product-wrapper\">\n<a href=\"https:\/\/simicur.com\/de\/shop\/krauter-nahrungserganzung\/herbalmix\/\" class=\"product-images\" aria-label=\"Herbalmix\">\n\n<div class=\"featured-image\">\n\t\t<img decoding=\"async\" width=\"450\" height=\"750\" src=\"https:\/\/simicur.com\/wp-content\/uploads\/2020\/01\/21_simicur_herbalmix.jpg\" class=\"attachment-woocommerce_thumbnail size-woocommerce_thumbnail wp-post-image\" alt=\"\" srcset=\"https:\/\/simicur.com\/wp-content\/uploads\/2020\/01\/21_simicur_herbalmix-180x300.jpg 180w, https:\/\/simicur.com\/wp-content\/uploads\/2020\/01\/21_simicur_herbalmix-200x333.jpg 200w, https:\/\/simicur.com\/wp-content\/uploads\/2020\/01\/21_simicur_herbalmix-400x667.jpg 400w, https:\/\/simicur.com\/wp-content\/uploads\/2020\/01\/21_simicur_herbalmix.jpg 450w\" sizes=\"(max-width: 450px) 100vw, 450px\" \/>\n\t\t\t\t\t\t<div class=\"cart-loading\"><i class=\"awb-icon-spinner\" aria-hidden=\"true\"><\/i><\/div>\n\t\t\t<\/div>\n<\/a>\n<div class=\"fusion-product-content\">\n\t<div class=\"product-details\">\n\t\t<div class=\"product-details-container\">\n<h3 class=\"product-title\">\n\t<a href=\"https:\/\/simicur.com\/de\/shop\/krauter-nahrungserganzung\/herbalmix\/\">\n\t\tHerbalmix\t<\/a>\n<\/h3>\n<div class=\"fusion-price-rating\">\n\t<div itemprop=\"description\" style=\"font-size: 80%; height:150px;\">\r\n\t\t<p><strong>Anwendung:<\/strong> Kr\u00e4uterpr\u00e4parat f\u00fcr Verdauung, Fell und Kondition. Zu verabreichen bei Problemen mit dem Fellwechsel, schlechter Kondition, Fressen von Kot und Problemen mit Knochen und Gelenken.<\/p>\n\t<\/div>\r\n\t\n\t<span class=\"price\"><span class=\"woocommerce-Price-amount amount\"><bdi><span class=\"woocommerce-Price-currencySymbol\">&euro;<\/span>24.99<\/bdi><\/span><\/span>\n\t\t<\/div>\n\t<\/div>\n<\/div>\n\n\n\t<div class=\"product-buttons\">\n\t\t<div class=\"fusion-content-sep sep-double sep-solid\"><\/div>\n\t\t<div class=\"product-buttons-container clearfix\">\n<a href=\"\/de\/wp-json\/wp\/v2\/pages\/1047?add-to-cart=1433\" aria-describedby=\"woocommerce_loop_add_to_cart_link_describedby_1433\" data-quantity=\"1\" class=\"button product_type_simple add_to_cart_button ajax_add_to_cart\" data-product_id=\"1433\" data-product_sku=\"ks-3\" aria-label=\"In den Warenkorb legen: \u201eHerbalmix\u201c\" rel=\"nofollow\">In den Warenkorb<\/a>\t<span id=\"woocommerce_loop_add_to_cart_link_describedby_1433\" class=\"screen-reader-text\">\n\t\t\t<\/span>\n\n<a href=\"https:\/\/simicur.com\/de\/shop\/krauter-nahrungserganzung\/herbalmix\/\" class=\"show_details_button\">\n\tDetails<\/a>\n\n\n\t<\/div>\n\t<\/div>\n\n\t<\/div> <\/div>\n<\/li>\n<li class=\"product type-product post-1431 status-publish first instock product_cat-krauter-nahrungserganzung has-post-thumbnail taxable shipping-taxable purchasable product-type-simple product-grid-view\">\n\t<div class=\"fusion-product-wrapper\">\n<a href=\"https:\/\/simicur.com\/de\/shop\/krauter-nahrungserganzung\/hoestmix\/\" class=\"product-images\" aria-label=\"Hoestmix\">\n\n<div class=\"featured-image\">\n\t\t<img decoding=\"async\" width=\"300\" height=\"450\" src=\"https:\/\/simicur.com\/wp-content\/uploads\/2020\/01\/hoestmix.jpg\" class=\"attachment-woocommerce_thumbnail size-woocommerce_thumbnail wp-post-image\" alt=\"\" srcset=\"https:\/\/simicur.com\/wp-content\/uploads\/2020\/01\/hoestmix-200x300.jpg 200w, https:\/\/simicur.com\/wp-content\/uploads\/2020\/01\/hoestmix.jpg 300w\" sizes=\"(max-width: 300px) 100vw, 300px\" \/>\n\t\t\t\t\t\t<div class=\"cart-loading\"><i class=\"awb-icon-spinner\" aria-hidden=\"true\"><\/i><\/div>\n\t\t\t<\/div>\n<\/a>\n<div class=\"fusion-product-content\">\n\t<div class=\"product-details\">\n\t\t<div class=\"product-details-container\">\n<h3 class=\"product-title\">\n\t<a href=\"https:\/\/simicur.com\/de\/shop\/krauter-nahrungserganzung\/hoestmix\/\">\n\t\tHoestmix\t<\/a>\n<\/h3>\n<div class=\"fusion-price-rating\">\n\t<div itemprop=\"description\" style=\"font-size: 80%; height:150px;\">\r\n\t\t<p><b>Anwendung:<\/b> Kr\u00e4uterpr\u00e4parat f\u00fcr die Atemwege und Lungen. Zu verabreichen bei empfindlichen Atemwegen und hustenden Tieren, f\u00fcr eine optimale Kondition von Kehle, Luftr\u00f6hre und Bronchien.<\/p>\n\t<\/div>\r\n\t\n\t<span class=\"price\"><span class=\"woocommerce-Price-amount amount\"><bdi><span class=\"woocommerce-Price-currencySymbol\">&euro;<\/span>24.99<\/bdi><\/span><\/span>\n\t\t<\/div>\n\t<\/div>\n<\/div>\n\n\n\t<div class=\"product-buttons\">\n\t\t<div class=\"fusion-content-sep sep-double sep-solid\"><\/div>\n\t\t<div class=\"product-buttons-container clearfix\">\n<a href=\"\/de\/wp-json\/wp\/v2\/pages\/1047?add-to-cart=1431\" aria-describedby=\"woocommerce_loop_add_to_cart_link_describedby_1431\" data-quantity=\"1\" class=\"button product_type_simple add_to_cart_button ajax_add_to_cart\" data-product_id=\"1431\" data-product_sku=\"ks-5\" aria-label=\"In den Warenkorb legen: \u201eHoestmix\u201c\" rel=\"nofollow\">In den Warenkorb<\/a>\t<span id=\"woocommerce_loop_add_to_cart_link_describedby_1431\" class=\"screen-reader-text\">\n\t\t\t<\/span>\n\n<a href=\"https:\/\/simicur.com\/de\/shop\/krauter-nahrungserganzung\/hoestmix\/\" class=\"show_details_button\">\n\tDetails<\/a>\n\n\n\t<\/div>\n\t<\/div>\n\n\t<\/div> <\/div>\n<\/li>\n<li class=\"product type-product post-1432 status-publish instock product_cat-krauter-nahrungserganzung has-post-thumbnail taxable shipping-taxable purchasable product-type-simple product-grid-view\">\n\t<div class=\"fusion-product-wrapper\">\n<a href=\"https:\/\/simicur.com\/de\/shop\/krauter-nahrungserganzung\/knoblauchgranulat\/\" class=\"product-images\" aria-label=\"Knoblauchgranulat\">\n\n<div class=\"featured-image\">\n\t\t<img decoding=\"async\" width=\"300\" height=\"450\" src=\"https:\/\/simicur.com\/wp-content\/uploads\/2020\/01\/knoflook.jpg\" class=\"attachment-woocommerce_thumbnail size-woocommerce_thumbnail wp-post-image\" alt=\"\" srcset=\"https:\/\/simicur.com\/wp-content\/uploads\/2020\/01\/knoflook-200x300.jpg 200w, https:\/\/simicur.com\/wp-content\/uploads\/2020\/01\/knoflook.jpg 300w\" sizes=\"(max-width: 300px) 100vw, 300px\" \/>\n\t\t\t\t\t\t<div class=\"cart-loading\"><i class=\"awb-icon-spinner\" aria-hidden=\"true\"><\/i><\/div>\n\t\t\t<\/div>\n<\/a>\n<div class=\"fusion-product-content\">\n\t<div class=\"product-details\">\n\t\t<div class=\"product-details-container\">\n<h3 class=\"product-title\">\n\t<a href=\"https:\/\/simicur.com\/de\/shop\/krauter-nahrungserganzung\/knoblauchgranulat\/\">\n\t\tKnoblauchgranulat\t<\/a>\n<\/h3>\n<div class=\"fusion-price-rating\">\n\t<div itemprop=\"description\" style=\"font-size: 80%; height:150px;\">\r\n\t\t<p><b>Anwendung:<\/b> Kr\u00e4uterpr\u00e4parat f\u00fcr gesunde Verdauung und Blutgef\u00e4\u00dfe. Zu verabreichen zur Steigerung der Abwehrkraft, F\u00f6rderung der Verdauung und als Abwehrmittel gegen Fliegen und M\u00fccken.<\/p>\n\t<\/div>\r\n\t\n\t<span class=\"price\"><span class=\"woocommerce-Price-amount amount\"><bdi><span class=\"woocommerce-Price-currencySymbol\">&euro;<\/span>11.99<\/bdi><\/span><\/span>\n\t\t<\/div>\n\t<\/div>\n<\/div>\n\n\n\t<div class=\"product-buttons\">\n\t\t<div class=\"fusion-content-sep sep-double sep-solid\"><\/div>\n\t\t<div class=\"product-buttons-container clearfix\">\n<a href=\"\/de\/wp-json\/wp\/v2\/pages\/1047?add-to-cart=1432\" aria-describedby=\"woocommerce_loop_add_to_cart_link_describedby_1432\" data-quantity=\"1\" class=\"button product_type_simple add_to_cart_button ajax_add_to_cart\" data-product_id=\"1432\" data-product_sku=\"ks-6\" aria-label=\"In den Warenkorb legen: \u201eKnoblauchgranulat\u201c\" rel=\"nofollow\">In den Warenkorb<\/a>\t<span id=\"woocommerce_loop_add_to_cart_link_describedby_1432\" class=\"screen-reader-text\">\n\t\t\t<\/span>\n\n<a href=\"https:\/\/simicur.com\/de\/shop\/krauter-nahrungserganzung\/knoblauchgranulat\/\" class=\"show_details_button\">\n\tDetails<\/a>\n\n\n\t<\/div>\n\t<\/div>\n\n\t<\/div> <\/div>\n<\/li>\n<li class=\"product type-product post-1425 status-publish last instock product_cat-krauter-nahrungserganzung has-post-thumbnail sale taxable shipping-taxable purchasable product-type-simple product-grid-view\">\n\t<div class=\"fusion-product-wrapper\">\n<a href=\"https:\/\/simicur.com\/de\/shop\/krauter-nahrungserganzung\/teufelskralle\/\" class=\"product-images\" aria-label=\"Teufelskralle\">\n<div class=\"fusion-woo-badges-wrapper\">\n\n\t<span class=\"onsale\">Sale!<\/span>\n\t<\/div><div class=\"featured-image\">\n\t\t<img decoding=\"async\" width=\"300\" height=\"450\" src=\"https:\/\/simicur.com\/wp-content\/uploads\/2020\/01\/duivelsklauw.jpg\" class=\"attachment-woocommerce_thumbnail size-woocommerce_thumbnail wp-post-image\" alt=\"\" srcset=\"https:\/\/simicur.com\/wp-content\/uploads\/2020\/01\/duivelsklauw-200x300.jpg 200w, https:\/\/simicur.com\/wp-content\/uploads\/2020\/01\/duivelsklauw.jpg 300w\" sizes=\"(max-width: 300px) 100vw, 300px\" \/>\n\t\t\t\t\t\t<div class=\"cart-loading\"><i class=\"awb-icon-spinner\" aria-hidden=\"true\"><\/i><\/div>\n\t\t\t<\/div>\n<\/a>\n<div class=\"fusion-product-content\">\n\t<div class=\"product-details\">\n\t\t<div class=\"product-details-container\">\n<h3 class=\"product-title\">\n\t<a href=\"https:\/\/simicur.com\/de\/shop\/krauter-nahrungserganzung\/teufelskralle\/\">\n\t\tTeufelskralle\t<\/a>\n<\/h3>\n<div class=\"fusion-price-rating\">\n\t<div itemprop=\"description\" style=\"font-size: 80%; height:150px;\">\r\n\t\t<p><b>Anwendung:<\/b> Anzuwenden bei Gelenkproblemen (Arthrose, Dysplasie) und bei allen Arten von Schmerzen (Muskeln und Gelenke).<\/p>\n\t<\/div>\r\n\t\n\t<span class=\"price\"><del aria-hidden=\"true\"><span class=\"woocommerce-Price-amount amount\"><bdi><span class=\"woocommerce-Price-currencySymbol\">&euro;<\/span>24.99<\/bdi><\/span><\/del> <span class=\"screen-reader-text\">Urspr\u00fcnglicher Preis war: &euro;24.99<\/span><ins aria-hidden=\"true\"><span class=\"woocommerce-Price-amount amount\"><bdi><span class=\"woocommerce-Price-currencySymbol\">&euro;<\/span>14.99<\/bdi><\/span><\/ins><span class=\"screen-reader-text\">Aktueller Preis ist: &euro;14.99.<\/span><\/span>\n\t\t<\/div>\n\t<\/div>\n<\/div>\n\n\n\t<div class=\"product-buttons\">\n\t\t<div class=\"fusion-content-sep sep-double sep-solid\"><\/div>\n\t\t<div class=\"product-buttons-container clearfix\">\n<a href=\"\/de\/wp-json\/wp\/v2\/pages\/1047?add-to-cart=1425\" aria-describedby=\"woocommerce_loop_add_to_cart_link_describedby_1425\" data-quantity=\"1\" class=\"button product_type_simple add_to_cart_button ajax_add_to_cart\" data-product_id=\"1425\" data-product_sku=\"ks-2\" aria-label=\"In den Warenkorb legen: \u201eTeufelskralle\u201c\" rel=\"nofollow\">In den Warenkorb<\/a>\t<span id=\"woocommerce_loop_add_to_cart_link_describedby_1425\" class=\"screen-reader-text\">\n\t\t\t<\/span>\n\n<a href=\"https:\/\/simicur.com\/de\/shop\/krauter-nahrungserganzung\/teufelskralle\/\" class=\"show_details_button\">\n\tDetails<\/a>\n\n\n\t<\/div>\n\t<\/div>\n\n\t<\/div> <\/div>\n<\/li>\n<\/ul>\n<\/div>\n","protected":false},"excerpt":{"rendered":"","protected":false},"author":1,"featured_media":0,"parent":0,"menu_order":0,"comment_status":"closed","ping_status":"closed","template":"","meta":{"footnotes":""},"class_list":["post-1047","page","type-page","status-publish","hentry"],"_links":{"self":[{"href":"https:\/\/simicur.com\/de\/wp-json\/wp\/v2\/pages\/1047","targetHints":{"allow":["GET"]}}],"collection":[{"href":"https:\/\/simicur.com\/de\/wp-json\/wp\/v2\/pages"}],"about":[{"href":"https:\/\/simicur.com\/de\/wp-json\/wp\/v2\/types\/page"}],"author":[{"embeddable":true,"href":"https:\/\/simicur.com\/de\/wp-json\/wp\/v2\/users\/1"}],"replies":[{"embeddable":true,"href":"https:\/\/simicur.com\/de\/wp-json\/wp\/v2\/comments?post=1047"}],"version-history":[{"count":2,"href":"https:\/\/simicur.com\/de\/wp-json\/wp\/v2\/pages\/1047\/revisions"}],"predecessor-version":[{"id":1476,"href":"https:\/\/simicur.com\/de\/wp-json\/wp\/v2\/pages\/1047\/revisions\/1476"}],"wp:attachment":[{"href":"https:\/\/simicur.com\/de\/wp-json\/wp\/v2\/media?parent=1047"}],"curies":[{"name":"wp","href":"https:\/\/api.w.org\/{rel}","templated":true}]}}