{"id":1049,"date":"2019-06-03T21:41:59","date_gmt":"2019-06-03T21:41:59","guid":{"rendered":"https:\/\/simicur.dalphes.com\/?page_id=1049"},"modified":"2020-01-20T08:44:02","modified_gmt":"2020-01-20T08:44:02","slug":"lexikon-erkrankungen-und-behandlungen","status":"publish","type":"page","link":"https:\/\/simicur.com\/de\/lexikon-erkrankungen-und-behandlungen\/","title":{"rendered":"Lexikon: Erkrankungen und Behandlungen"},"content":{"rendered":"<p><img decoding=\"async\" class=\"size-full wp-image-1051 alignright\" src=\"https:\/\/simicur.dalphes.com\/wp-content\/uploads\/2019\/05\/prod.png\" alt=\"\" width=\"222\" height=\"298\" srcset=\"https:\/\/simicur.com\/wp-content\/uploads\/2019\/05\/prod-200x268.png 200w, https:\/\/simicur.com\/wp-content\/uploads\/2019\/05\/prod.png 222w\" sizes=\"(max-width: 222px) 100vw, 222px\" \/>Eine diagnostische Methode, die in der ganzheitlichen Tierheilkunde angewendet wird, ist die \u201eSegmentale Diagnostik\u201c. Hierbei wird durch Abtasten des K\u00f6rpers untersucht, welche Hautpartien empfindlich, als auch schmerzend sind. Angesichts der Tatsache, dass eine energetische Verbindung zwischen bestimmten Hautpartien und Organen besteht, kann anhand der Schmerzstelle eine Entz\u00fcndung eines Organs festgestellt werden. Durch die \u201eSegmentale Diagnostik\u201c werden Krankheit oder Gesundheit von Pferd, Pony, Hund und Katze bis hin zur Organebene festgestellt. Die Wirkung der hom\u00f6opathischen Tierarzneimittel von Simicur, zielt durch deren Zusammensetzung auf Organe, Organsysteme und sonstige K\u00f6rperteile. Diese Tinkturen geh\u00f6ren in die klinische Hom\u00f6opathie, sind als Tierarzneimittel einsetzbar und zur Unterst\u00fctzung der durch Ihren Tierarzt einstellten Therapie.<\/p>\n<p>Im Lexikon unseres Onlineshops werden h\u00e4ufig vorkommende Erkrankungen bei Pferd und Pony, Hunden und Katzen beschrieben. Bei jeder Erkrankung werden die Behandlungsm\u00f6glichkeiten mit Simicur Hom\u00f6opathie angegeben. Weil viele Erkrankungen nicht f\u00fcr sich selbst stehen, wird in den meisten F\u00e4llen eine Kombinationstherapie aus verschiedenen Tinkturen verabreicht. Indem Sie von dieser Seite aus auf den Produktnamen klicken, gelangen Sie auf die Seite des Onlineshops, wo die Beschreibungen der Produkte stehen. Auf diese Weise k\u00f6nnen Sie sich ein Bild machen, ob eine hom\u00f6opathische Behandlung f\u00fcr Ihr Tier in Betracht kommt und mit welchen Mitteln Sie am besten arbeiten k\u00f6nnen.<\/p>\n<div class=\"fusion-layout-column fusion_builder_column fusion-builder-column-0 fusion_builder_column_1_3 1_3 fusion-flex-column\" style=\"--awb-bg-size:cover;--awb-width-large:33.333333333333%;--awb-margin-top-large:0px;--awb-margin-bottom-large:20px;--awb-width-medium:100%;--awb-width-small:100%;\"><div class=\"fusion-column-wrapper fusion-column-has-shadow fusion-flex-justify-content-flex-start fusion-content-layout-column\"><\/p>\n\n<!-- Page-list plugin v.5.9 wordpress.org\/plugins\/page-list\/ -->\n<!-- no pages to show -->\n<p><\/div><\/div>\n<div class=\"fusion-layout-column fusion_builder_column fusion-builder-column-1 fusion_builder_column_1_3 1_3 fusion-flex-column\" style=\"--awb-bg-size:cover;--awb-width-large:33.333333333333%;--awb-margin-top-large:0px;--awb-margin-bottom-large:20px;--awb-width-medium:100%;--awb-width-small:100%;\"><div class=\"fusion-column-wrapper fusion-column-has-shadow fusion-flex-justify-content-flex-start fusion-content-layout-column\"><\/p>\n\n<!-- Page-list plugin v.5.9 wordpress.org\/plugins\/page-list\/ -->\n<!-- no pages to show -->\n<p><\/div><\/div>\n<div class=\"fusion-layout-column fusion_builder_column fusion-builder-column-2 fusion_builder_column_1_3 1_3 fusion-flex-column\" style=\"--awb-bg-size:cover;--awb-width-large:33.333333333333%;--awb-margin-top-large:0px;--awb-margin-bottom-large:20px;--awb-width-medium:100%;--awb-width-small:100%;\"><div class=\"fusion-column-wrapper fusion-column-has-shadow fusion-flex-justify-content-flex-start fusion-content-layout-column\"><\/p>\n\n<!-- Page-list plugin v.5.9 wordpress.org\/plugins\/page-list\/ -->\n<!-- no pages to show -->\n<p><\/div><\/div>\n","protected":false},"excerpt":{"rendered":"<p>Eine diagnostische Methode, die in der ganzheitlichen Tierheilkunde angewendet wird,  [&#8230;]<\/p>\n","protected":false},"author":1,"featured_media":0,"parent":0,"menu_order":0,"comment_status":"closed","ping_status":"closed","template":"","meta":{"footnotes":""},"class_list":["post-1049","page","type-page","status-publish","hentry"],"_links":{"self":[{"href":"https:\/\/simicur.com\/de\/wp-json\/wp\/v2\/pages\/1049","targetHints":{"allow":["GET"]}}],"collection":[{"href":"https:\/\/simicur.com\/de\/wp-json\/wp\/v2\/pages"}],"about":[{"href":"https:\/\/simicur.com\/de\/wp-json\/wp\/v2\/types\/page"}],"author":[{"embeddable":true,"href":"https:\/\/simicur.com\/de\/wp-json\/wp\/v2\/users\/1"}],"replies":[{"embeddable":true,"href":"https:\/\/simicur.com\/de\/wp-json\/wp\/v2\/comments?post=1049"}],"version-history":[{"count":3,"href":"https:\/\/simicur.com\/de\/wp-json\/wp\/v2\/pages\/1049\/revisions"}],"predecessor-version":[{"id":1074,"href":"https:\/\/simicur.com\/de\/wp-json\/wp\/v2\/pages\/1049\/revisions\/1074"}],"wp:attachment":[{"href":"https:\/\/simicur.com\/de\/wp-json\/wp\/v2\/media?parent=1049"}],"curies":[{"name":"wp","href":"https:\/\/api.w.org\/{rel}","templated":true}]}}