{"id":1059,"date":"2019-06-03T21:58:24","date_gmt":"2019-06-03T21:58:24","guid":{"rendered":"https:\/\/simicur.dalphes.com\/?page_id=1059"},"modified":"2020-01-20T11:13:41","modified_gmt":"2020-01-20T11:13:41","slug":"pflegende-produkte","status":"publish","type":"page","link":"https:\/\/simicur.com\/de\/pflegende-produkte\/","title":{"rendered":"Pflegende Produkte"},"content":{"rendered":"<div class=\"woocommerce columns-3 \"><ul class=\"products clearfix products-3\">\n<li class=\"product type-product post-1423 status-publish first outofstock product_cat-pflegende-produkte has-post-thumbnail taxable shipping-taxable purchasable product-type-simple product-grid-view\">\n\t<div class=\"fusion-product-wrapper\">\n<a href=\"https:\/\/simicur.com\/de\/shop\/pflegende-produkte\/hautol\/\" class=\"product-images\" aria-label=\"Haut\u00f6l\">\n<div class=\"fusion-woo-badges-wrapper\">\n\t<div class=\"fusion-out-of-stock\">\n\t\t<div class=\"fusion-position-text\">\n\t\t\tOut of stock\t\t<\/div>\n\t<\/div>\n<\/div><div class=\"featured-image\">\n\t\t<img decoding=\"async\" width=\"300\" height=\"450\" src=\"https:\/\/simicur.com\/wp-content\/uploads\/2020\/01\/Huidolie_4b8154bca2b50.png\" class=\"attachment-woocommerce_thumbnail size-woocommerce_thumbnail wp-post-image\" alt=\"\" srcset=\"https:\/\/simicur.com\/wp-content\/uploads\/2020\/01\/Huidolie_4b8154bca2b50-200x300.png 200w, https:\/\/simicur.com\/wp-content\/uploads\/2020\/01\/Huidolie_4b8154bca2b50.png 300w\" sizes=\"(max-width: 300px) 100vw, 300px\" \/>\n\t\t\t\t\t\t<div class=\"cart-loading\"><i class=\"awb-icon-spinner\" aria-hidden=\"true\"><\/i><\/div>\n\t\t\t<\/div>\n<\/a>\n<div class=\"fusion-product-content\">\n\t<div class=\"product-details\">\n\t\t<div class=\"product-details-container\">\n<h3 class=\"product-title\">\n\t<a href=\"https:\/\/simicur.com\/de\/shop\/pflegende-produkte\/hautol\/\">\n\t\tHaut\u00f6l\t<\/a>\n<\/h3>\n<div class=\"fusion-price-rating\">\n\t<div itemprop=\"description\" style=\"font-size: 80%; height:150px;\">\r\n\t\t<p><b>Indikationen:<\/b> Versorgung der juckenden Haut. Anzuwenden bei Sommerekzem, Flohallergie, allergischen Hautreaktionen die mit Juckreiz einhergehen.<\/p>\n\t<\/div>\r\n\t\n\t<span class=\"price\"><span class=\"woocommerce-Price-amount amount\"><bdi><span class=\"woocommerce-Price-currencySymbol\">&euro;<\/span>24.45<\/bdi><\/span><\/span>\n\t\t<\/div>\n\t<\/div>\n<\/div>\n\n\n\t<div class=\"product-buttons\">\n\t\t<div class=\"fusion-content-sep sep-double sep-solid\"><\/div>\n\t\t<div class=\"product-buttons-container clearfix\">\n\n<a href=\"https:\/\/simicur.com\/de\/shop\/pflegende-produkte\/hautol\/\" class=\"show_details_button\" style=\"float:none;max-width:none;text-align:center;\">\n\tDetails<\/a>\n\n\n\t<\/div>\n\t<\/div>\n\n\t<\/div> <\/div>\n<\/li>\n<li class=\"product type-product post-1422 status-publish outofstock product_cat-pflegende-produkte has-post-thumbnail taxable shipping-taxable purchasable product-type-simple product-grid-view\">\n\t<div class=\"fusion-product-wrapper\">\n<a href=\"https:\/\/simicur.com\/de\/shop\/pflegende-produkte\/hufol\/\" class=\"product-images\" aria-label=\"Huf\u00f6l\">\n<div class=\"fusion-woo-badges-wrapper\">\n\t<div class=\"fusion-out-of-stock\">\n\t\t<div class=\"fusion-position-text\">\n\t\t\tOut of stock\t\t<\/div>\n\t<\/div>\n<\/div><div class=\"featured-image\">\n\t\t<img decoding=\"async\" width=\"300\" height=\"450\" src=\"https:\/\/simicur.com\/wp-content\/uploads\/2020\/01\/Hoefolie_4b8155c735237.png\" class=\"attachment-woocommerce_thumbnail size-woocommerce_thumbnail wp-post-image\" alt=\"\" srcset=\"https:\/\/simicur.com\/wp-content\/uploads\/2020\/01\/Hoefolie_4b8155c735237-200x300.png 200w, https:\/\/simicur.com\/wp-content\/uploads\/2020\/01\/Hoefolie_4b8155c735237.png 300w\" sizes=\"(max-width: 300px) 100vw, 300px\" \/>\n\t\t\t\t\t\t<div class=\"cart-loading\"><i class=\"awb-icon-spinner\" aria-hidden=\"true\"><\/i><\/div>\n\t\t\t<\/div>\n<\/a>\n<div class=\"fusion-product-content\">\n\t<div class=\"product-details\">\n\t\t<div class=\"product-details-container\">\n<h3 class=\"product-title\">\n\t<a href=\"https:\/\/simicur.com\/de\/shop\/pflegende-produkte\/hufol\/\">\n\t\tHuf\u00f6l\t<\/a>\n<\/h3>\n<div class=\"fusion-price-rating\">\n\t<div itemprop=\"description\" style=\"font-size: 80%; height:150px;\">\r\n\t\t<p>Simicur Huf\u00f6l pflegt und h\u00e4lt die Hufe bei Pferden und Ponys geschmeidig und sorgt f\u00fcr sch\u00f6n gl\u00e4nzende Hufe.<\/p>\n\t<\/div>\r\n\t\n\t<span class=\"price\"><span class=\"woocommerce-Price-amount amount\"><bdi><span class=\"woocommerce-Price-currencySymbol\">&euro;<\/span>6.50<\/bdi><\/span><\/span>\n\t\t<\/div>\n\t<\/div>\n<\/div>\n\n\n\t<div class=\"product-buttons\">\n\t\t<div class=\"fusion-content-sep sep-double sep-solid\"><\/div>\n\t\t<div class=\"product-buttons-container clearfix\">\n\n<a href=\"https:\/\/simicur.com\/de\/shop\/pflegende-produkte\/hufol\/\" class=\"show_details_button\" style=\"float:none;max-width:none;text-align:center;\">\n\tDetails<\/a>\n\n\n\t<\/div>\n\t<\/div>\n\n\t<\/div> <\/div>\n<\/li>\n<li class=\"product type-product post-1424 status-publish last outofstock product_cat-pflegende-produkte has-post-thumbnail taxable shipping-taxable purchasable product-type-simple product-grid-view\">\n\t<div class=\"fusion-product-wrapper\">\n<a href=\"https:\/\/simicur.com\/de\/shop\/pflegende-produkte\/shampoo\/\" class=\"product-images\" aria-label=\"Shampoo\">\n<div class=\"fusion-woo-badges-wrapper\">\n\t<div class=\"fusion-out-of-stock\">\n\t\t<div class=\"fusion-position-text\">\n\t\t\tOut of stock\t\t<\/div>\n\t<\/div>\n<\/div><div class=\"featured-image\">\n\t\t<img decoding=\"async\" width=\"300\" height=\"450\" src=\"https:\/\/simicur.com\/wp-content\/uploads\/2020\/01\/Shampoo_4b81569e4cdc3.png\" class=\"attachment-woocommerce_thumbnail size-woocommerce_thumbnail wp-post-image\" alt=\"\" srcset=\"https:\/\/simicur.com\/wp-content\/uploads\/2020\/01\/Shampoo_4b81569e4cdc3-200x300.png 200w, https:\/\/simicur.com\/wp-content\/uploads\/2020\/01\/Shampoo_4b81569e4cdc3.png 300w\" sizes=\"(max-width: 300px) 100vw, 300px\" \/>\n\t\t\t\t\t\t<div class=\"cart-loading\"><i class=\"awb-icon-spinner\" aria-hidden=\"true\"><\/i><\/div>\n\t\t\t<\/div>\n<\/a>\n<div class=\"fusion-product-content\">\n\t<div class=\"product-details\">\n\t\t<div class=\"product-details-container\">\n<h3 class=\"product-title\">\n\t<a href=\"https:\/\/simicur.com\/de\/shop\/pflegende-produkte\/shampoo\/\">\n\t\tShampoo\t<\/a>\n<\/h3>\n<div class=\"fusion-price-rating\">\n\t<div itemprop=\"description\" style=\"font-size: 80%; height:150px;\">\r\n\t\t<p>SIMICUR Shampoo ist ein von Natur aus reines Shampoo, wirkt biologisch, pflegend und entfettend sowie beruhigend und desinfizierend.<\/p>\n\t<\/div>\r\n\t\n\t<span class=\"price\"><span class=\"woocommerce-Price-amount amount\"><bdi><span class=\"woocommerce-Price-currencySymbol\">&euro;<\/span>5.90<\/bdi><\/span><\/span>\n\t\t<\/div>\n\t<\/div>\n<\/div>\n\n\n\t<div class=\"product-buttons\">\n\t\t<div class=\"fusion-content-sep sep-double sep-solid\"><\/div>\n\t\t<div class=\"product-buttons-container clearfix\">\n\n<a href=\"https:\/\/simicur.com\/de\/shop\/pflegende-produkte\/shampoo\/\" class=\"show_details_button\" style=\"float:none;max-width:none;text-align:center;\">\n\tDetails<\/a>\n\n\n\t<\/div>\n\t<\/div>\n\n\t<\/div> <\/div>\n<\/li>\n<li class=\"product type-product post-1416 status-publish first instock product_cat-pflegende-produkte has-post-thumbnail featured taxable shipping-taxable purchasable product-type-simple product-grid-view\">\n\t<div class=\"fusion-product-wrapper\">\n<a href=\"https:\/\/simicur.com\/de\/shop\/pflegende-produkte\/spiergel\/\" class=\"product-images\" aria-label=\"Spiergel\">\n\n<div class=\"featured-image\">\n\t\t<img decoding=\"async\" width=\"300\" height=\"450\" src=\"https:\/\/simicur.com\/wp-content\/uploads\/2020\/01\/Spiergel_4b815563d0092.png\" class=\"attachment-woocommerce_thumbnail size-woocommerce_thumbnail wp-post-image\" alt=\"\" srcset=\"https:\/\/simicur.com\/wp-content\/uploads\/2020\/01\/Spiergel_4b815563d0092-200x300.png 200w, https:\/\/simicur.com\/wp-content\/uploads\/2020\/01\/Spiergel_4b815563d0092.png 300w\" sizes=\"(max-width: 300px) 100vw, 300px\" \/>\n\t\t\t\t\t\t<div class=\"cart-loading\"><i class=\"awb-icon-spinner\" aria-hidden=\"true\"><\/i><\/div>\n\t\t\t<\/div>\n<\/a>\n<div class=\"fusion-product-content\">\n\t<div class=\"product-details\">\n\t\t<div class=\"product-details-container\">\n<h3 class=\"product-title\">\n\t<a href=\"https:\/\/simicur.com\/de\/shop\/pflegende-produkte\/spiergel\/\">\n\t\tSpiergel\t<\/a>\n<\/h3>\n<div class=\"fusion-price-rating\">\n\t<div itemprop=\"description\" style=\"font-size: 80%; height:150px;\">\r\n\t\t<p><b>Indikationen:<\/b> Versorgung von Muskeln und Gelenken. Anzuwenden bei Verletzungen von Muskeln, Sehnen und Gelenken; als &#8218;warming up&#8216; und &#8218;cooling down&#8216; von Muskeln und Extremit\u00e4ten; um Muskeln geschmeidig zu halten und bei R\u00fcckenschmerzen.<\/p>\n\t<\/div>\r\n\t\n\t<span class=\"price\"><span class=\"woocommerce-Price-amount amount\"><bdi><span class=\"woocommerce-Price-currencySymbol\">&euro;<\/span>19.99<\/bdi><\/span><\/span>\n\t\t<\/div>\n\t<\/div>\n<\/div>\n\n\n\t<div class=\"product-buttons\">\n\t\t<div class=\"fusion-content-sep sep-double sep-solid\"><\/div>\n\t\t<div class=\"product-buttons-container clearfix\">\n<a href=\"\/de\/wp-json\/wp\/v2\/pages\/1059?add-to-cart=1416\" aria-describedby=\"woocommerce_loop_add_to_cart_link_describedby_1416\" data-quantity=\"1\" class=\"button product_type_simple add_to_cart_button ajax_add_to_cart\" data-product_id=\"1416\" data-product_sku=\"spier-1\" aria-label=\"In den Warenkorb legen: \u201eSpiergel\u201c\" rel=\"nofollow\">In den Warenkorb<\/a>\t<span id=\"woocommerce_loop_add_to_cart_link_describedby_1416\" class=\"screen-reader-text\">\n\t\t\t<\/span>\n\n<a href=\"https:\/\/simicur.com\/de\/shop\/pflegende-produkte\/spiergel\/\" class=\"show_details_button\">\n\tDetails<\/a>\n\n\n\t<\/div>\n\t<\/div>\n\n\t<\/div> <\/div>\n<\/li>\n<li class=\"product type-product post-1419 status-publish instock product_cat-pflegende-produkte has-post-thumbnail taxable shipping-taxable purchasable product-type-simple product-grid-view\">\n\t<div class=\"fusion-product-wrapper\">\n<a href=\"https:\/\/simicur.com\/de\/shop\/pflegende-produkte\/tendogel\/\" class=\"product-images\" aria-label=\"Tendogel\">\n\n<div class=\"featured-image\">\n\t\t<img decoding=\"async\" width=\"300\" height=\"450\" src=\"https:\/\/simicur.com\/wp-content\/uploads\/2020\/01\/Tendogel_4b8154f0cc561.png\" class=\"attachment-woocommerce_thumbnail size-woocommerce_thumbnail wp-post-image\" alt=\"\" srcset=\"https:\/\/simicur.com\/wp-content\/uploads\/2020\/01\/Tendogel_4b8154f0cc561-200x300.png 200w, https:\/\/simicur.com\/wp-content\/uploads\/2020\/01\/Tendogel_4b8154f0cc561.png 300w\" sizes=\"(max-width: 300px) 100vw, 300px\" \/>\n\t\t\t\t\t\t<div class=\"cart-loading\"><i class=\"awb-icon-spinner\" aria-hidden=\"true\"><\/i><\/div>\n\t\t\t<\/div>\n<\/a>\n<div class=\"fusion-product-content\">\n\t<div class=\"product-details\">\n\t\t<div class=\"product-details-container\">\n<h3 class=\"product-title\">\n\t<a href=\"https:\/\/simicur.com\/de\/shop\/pflegende-produkte\/tendogel\/\">\n\t\tTendogel\t<\/a>\n<\/h3>\n<div class=\"fusion-price-rating\">\n\t<div itemprop=\"description\" style=\"font-size: 80%; height:150px;\">\r\n\t\t<p><b>Indikationen:<\/b> Versorgung von Sehnen und B\u00e4ndern. Anzuwenden bei Sehnenverletzungen und bei Gelenkverstauchungen.<\/p>\n\t<\/div>\r\n\t\n\t<span class=\"price\"><span class=\"woocommerce-Price-amount amount\"><bdi><span class=\"woocommerce-Price-currencySymbol\">&euro;<\/span>19.99<\/bdi><\/span><\/span>\n\t\t<\/div>\n\t<\/div>\n<\/div>\n\n\n\t<div class=\"product-buttons\">\n\t\t<div class=\"fusion-content-sep sep-double sep-solid\"><\/div>\n\t\t<div class=\"product-buttons-container clearfix\">\n<a href=\"\/de\/wp-json\/wp\/v2\/pages\/1059?add-to-cart=1419\" aria-describedby=\"woocommerce_loop_add_to_cart_link_describedby_1419\" data-quantity=\"1\" class=\"button product_type_simple add_to_cart_button ajax_add_to_cart\" data-product_id=\"1419\" data-product_sku=\"\" aria-label=\"In den Warenkorb legen: \u201eTendogel\u201c\" rel=\"nofollow\">In den Warenkorb<\/a>\t<span id=\"woocommerce_loop_add_to_cart_link_describedby_1419\" class=\"screen-reader-text\">\n\t\t\t<\/span>\n\n<a href=\"https:\/\/simicur.com\/de\/shop\/pflegende-produkte\/tendogel\/\" class=\"show_details_button\">\n\tDetails<\/a>\n\n\n\t<\/div>\n\t<\/div>\n\n\t<\/div> <\/div>\n<\/li>\n<li class=\"product type-product post-1420 status-publish last outofstock product_cat-pflegende-produkte has-post-thumbnail taxable shipping-taxable purchasable product-type-simple product-grid-view\">\n\t<div class=\"fusion-product-wrapper\">\n<a href=\"https:\/\/simicur.com\/de\/shop\/pflegende-produkte\/wundsalbe\/\" class=\"product-images\" aria-label=\"Wundsalbe\">\n<div class=\"fusion-woo-badges-wrapper\">\n\t<div class=\"fusion-out-of-stock\">\n\t\t<div class=\"fusion-position-text\">\n\t\t\tOut of stock\t\t<\/div>\n\t<\/div>\n<\/div><div class=\"featured-image\">\n\t\t<img decoding=\"async\" width=\"450\" height=\"300\" src=\"https:\/\/simicur.com\/wp-content\/uploads\/2020\/01\/Wondzalf_4b8155009dab5.png\" class=\"attachment-woocommerce_thumbnail size-woocommerce_thumbnail wp-post-image\" alt=\"\" srcset=\"https:\/\/simicur.com\/wp-content\/uploads\/2020\/01\/Wondzalf_4b8155009dab5-200x133.png 200w, https:\/\/simicur.com\/wp-content\/uploads\/2020\/01\/Wondzalf_4b8155009dab5-300x200.png 300w, https:\/\/simicur.com\/wp-content\/uploads\/2020\/01\/Wondzalf_4b8155009dab5-400x267.png 400w, https:\/\/simicur.com\/wp-content\/uploads\/2020\/01\/Wondzalf_4b8155009dab5.png 450w\" sizes=\"(max-width: 450px) 100vw, 450px\" \/>\n\t\t\t\t\t\t<div class=\"cart-loading\"><i class=\"awb-icon-spinner\" aria-hidden=\"true\"><\/i><\/div>\n\t\t\t<\/div>\n<\/a>\n<div class=\"fusion-product-content\">\n\t<div class=\"product-details\">\n\t\t<div class=\"product-details-container\">\n<h3 class=\"product-title\">\n\t<a href=\"https:\/\/simicur.com\/de\/shop\/pflegende-produkte\/wundsalbe\/\">\n\t\tWundsalbe\t<\/a>\n<\/h3>\n<div class=\"fusion-price-rating\">\n\t<div itemprop=\"description\" style=\"font-size: 80%; height:150px;\">\r\n\t\t<p><b>Indikationen:<\/b> Versorgung von Haut und Wunden. Anzuwenden bei schlecht heilenden Wunden und bei empfindlicher und trockener Haut.<\/p>\n\t<\/div>\r\n\t\n\t<span class=\"price\"><span class=\"woocommerce-Price-amount amount\"><bdi><span class=\"woocommerce-Price-currencySymbol\">&euro;<\/span>14.99<\/bdi><\/span><\/span>\n\t\t<\/div>\n\t<\/div>\n<\/div>\n\n\n\t<div class=\"product-buttons\">\n\t\t<div class=\"fusion-content-sep sep-double sep-solid\"><\/div>\n\t\t<div class=\"product-buttons-container clearfix\">\n\n<a href=\"https:\/\/simicur.com\/de\/shop\/pflegende-produkte\/wundsalbe\/\" class=\"show_details_button\" style=\"float:none;max-width:none;text-align:center;\">\n\tDetails<\/a>\n\n\n\t<\/div>\n\t<\/div>\n\n\t<\/div> <\/div>\n<\/li>\n<li class=\"product type-product post-1421 status-publish first instock product_cat-pflegende-produkte has-post-thumbnail taxable shipping-taxable purchasable product-type-simple product-grid-view\">\n\t<div class=\"fusion-product-wrapper\">\n<a href=\"https:\/\/simicur.com\/de\/shop\/pflegende-produkte\/wundspray\/\" class=\"product-images\" aria-label=\"Wundspray\">\n\n<div class=\"featured-image\">\n\t\t<img decoding=\"async\" width=\"300\" height=\"450\" src=\"https:\/\/simicur.com\/wp-content\/uploads\/2020\/01\/Wondspray_4b8154f8cd4a3.png\" class=\"attachment-woocommerce_thumbnail size-woocommerce_thumbnail wp-post-image\" alt=\"\" srcset=\"https:\/\/simicur.com\/wp-content\/uploads\/2020\/01\/Wondspray_4b8154f8cd4a3-200x300.png 200w, https:\/\/simicur.com\/wp-content\/uploads\/2020\/01\/Wondspray_4b8154f8cd4a3.png 300w\" sizes=\"(max-width: 300px) 100vw, 300px\" \/>\n\t\t\t\t\t\t<div class=\"cart-loading\"><i class=\"awb-icon-spinner\" aria-hidden=\"true\"><\/i><\/div>\n\t\t\t<\/div>\n<\/a>\n<div class=\"fusion-product-content\">\n\t<div class=\"product-details\">\n\t\t<div class=\"product-details-container\">\n<h3 class=\"product-title\">\n\t<a href=\"https:\/\/simicur.com\/de\/shop\/pflegende-produkte\/wundspray\/\">\n\t\tWundspray\t<\/a>\n<\/h3>\n<div class=\"fusion-price-rating\">\n\t<div itemprop=\"description\" style=\"font-size: 80%; height:150px;\">\r\n\t\t<p><b>Indikationen:<\/b> Versorgung von Haut und Wunden. Anzuwenden bei Wunden, Schimmelinfektion und Mauke.<\/p>\n\t<\/div>\r\n\t\n\t<span class=\"price\"><span class=\"woocommerce-Price-amount amount\"><bdi><span class=\"woocommerce-Price-currencySymbol\">&euro;<\/span>9.99<\/bdi><\/span><\/span>\n\t\t<\/div>\n\t<\/div>\n<\/div>\n\n\n\t<div class=\"product-buttons\">\n\t\t<div class=\"fusion-content-sep sep-double sep-solid\"><\/div>\n\t\t<div class=\"product-buttons-container clearfix\">\n<a href=\"\/de\/wp-json\/wp\/v2\/pages\/1059?add-to-cart=1421\" aria-describedby=\"woocommerce_loop_add_to_cart_link_describedby_1421\" data-quantity=\"1\" class=\"button product_type_simple add_to_cart_button ajax_add_to_cart\" data-product_id=\"1421\" data-product_sku=\"\" aria-label=\"In den Warenkorb legen: \u201eWundspray\u201c\" rel=\"nofollow\">In den Warenkorb<\/a>\t<span id=\"woocommerce_loop_add_to_cart_link_describedby_1421\" class=\"screen-reader-text\">\n\t\t\t<\/span>\n\n<a href=\"https:\/\/simicur.com\/de\/shop\/pflegende-produkte\/wundspray\/\" class=\"show_details_button\">\n\tDetails<\/a>\n\n\n\t<\/div>\n\t<\/div>\n\n\t<\/div> <\/div>\n<\/li>\n<\/ul>\n<\/div>\n","protected":false},"excerpt":{"rendered":"","protected":false},"author":1,"featured_media":0,"parent":0,"menu_order":0,"comment_status":"closed","ping_status":"closed","template":"","meta":{"footnotes":""},"class_list":["post-1059","page","type-page","status-publish","hentry"],"_links":{"self":[{"href":"https:\/\/simicur.com\/de\/wp-json\/wp\/v2\/pages\/1059","targetHints":{"allow":["GET"]}}],"collection":[{"href":"https:\/\/simicur.com\/de\/wp-json\/wp\/v2\/pages"}],"about":[{"href":"https:\/\/simicur.com\/de\/wp-json\/wp\/v2\/types\/page"}],"author":[{"embeddable":true,"href":"https:\/\/simicur.com\/de\/wp-json\/wp\/v2\/users\/1"}],"replies":[{"embeddable":true,"href":"https:\/\/simicur.com\/de\/wp-json\/wp\/v2\/comments?post=1059"}],"version-history":[{"count":2,"href":"https:\/\/simicur.com\/de\/wp-json\/wp\/v2\/pages\/1059\/revisions"}],"predecessor-version":[{"id":1475,"href":"https:\/\/simicur.com\/de\/wp-json\/wp\/v2\/pages\/1059\/revisions\/1475"}],"wp:attachment":[{"href":"https:\/\/simicur.com\/de\/wp-json\/wp\/v2\/media?parent=1059"}],"curies":[{"name":"wp","href":"https:\/\/api.w.org\/{rel}","templated":true}]}}