{"id":1075,"date":"2020-01-19T19:42:57","date_gmt":"2020-01-19T19:42:57","guid":{"rendered":"https:\/\/simicur.dalphes.com\/lexikon-erkrankungen-und-behandlungen\/erkrankungen-hunde\/ataxie-und-lahmungen\/"},"modified":"2020-01-19T19:42:57","modified_gmt":"2020-01-19T19:42:57","slug":"ataxie-und-lahmungen","status":"publish","type":"page","link":"https:\/\/simicur.com\/de\/lexikon-erkrankungen-und-behandlungen\/erkrankungen-hunde\/ataxie-und-lahmungen\/","title":{"rendered":"Ataxie und L\u00e4hmungen"},"content":{"rendered":"<p><strong>Die hom\u00f6opathische Behandlung von Ataxie und L\u00e4hmungen beim Hund<\/strong><br \/>\nAtaxie ist eine Erkrankung des Nervensystems, bei der die Versorgung der Nerven zu den Muskeln der Gliedma\u00dfen gest\u00f6rt ist, so dass beim Laufen in der Koordination der Beine keine Gleichm\u00e4\u00dfigkeit mehr besteht. Das Tier l\u00e4uft dann wie ein \u0084Betrunkener\u0093 oder die Hinterbeine kommen nicht mit den Vorderbeinen mit. Die Ursache kann im Gehirn (zerebellare Ataxie bei einigen Hunderassen) oder im R\u00fcckenmark (Lumbalsakralstenose bei Hunden, Wirbels\u00e4ulenunfall) liegen.<\/p>\n<p>Auch \u00e4ltere Hunde k\u00f6nnen einen akuten Anfall von Ataxie bekommen, wobei sie wie betrunken laufen oder manchmal st\u00fcrzen und nicht mehr aufstehen k\u00f6nnen. Oft bewegen sich die Augen regelm\u00e4\u00dfig von links nach rechts oder von oben nach unten in die Augenh\u00f6hlen. Die Ursache ist nicht immer bekannt. Obwohl eine schlimme anomalie nicht ausgeschlossen werden kann, erholen sich die meisten Tiere spontan, oft tritt eine Verbesserung schon innerhalb von 24-48 Stunden auf. Parallel kommt Ataxie bei \u00e4lteren Hunden gr\u00f6\u00dferer Rassen (Sch\u00e4ferhund, Labrador) als Folge einer Verengung des Wirbelkanals zwischen dem letzten R\u00fcckenwirbel und dem Kreuzbein vor. Diese Erkrankung wird \u0084 Lumbalsakralstenose\u0093 genannt. Bei dieser Erkrankung des unteren R\u00fcckens kommt es zu einer Verengung des Wirbelkanals, wodurch sich das Nervensystem der Hinterhand verklemmt und immer schlechter funktioniert. Der Hund lahmt dann immer mehr, wodurch der Besitzer die Krallen h\u00f6rt und zu Unrecht glaubt, dass diese zu lang sind.<\/p>\n<p><strong>Behandlung:<\/strong> Zur Behandlung des Nervengewebes ist <u><a href=\"https:\/\/simicur.com\/de\/homeopathische-medicijnen\/neuralcur-100-ml.html\">neuralcur<\/a><\/u> das geeignete Mittel. Daneben ist die Verabreichung von <u><a href=\"https:\/\/simicur.com\/de\/homeopathische-medicijnen\/anemiacur-100-ml.html\">anemiacur<\/a><\/u> zur Unterst\u00fctzung der Kondition vern\u00fcnftig.<\/p>\n","protected":false},"excerpt":{"rendered":"<p>Die hom\u00f6opathische Behandlung von Ataxie und L\u00e4hmungen beim Hund Ataxie  [&#8230;]<\/p>\n","protected":false},"author":1,"featured_media":0,"parent":1061,"menu_order":0,"comment_status":"closed","ping_status":"closed","template":"","meta":{"footnotes":""},"class_list":["post-1075","page","type-page","status-publish","hentry"],"_links":{"self":[{"href":"https:\/\/simicur.com\/de\/wp-json\/wp\/v2\/pages\/1075","targetHints":{"allow":["GET"]}}],"collection":[{"href":"https:\/\/simicur.com\/de\/wp-json\/wp\/v2\/pages"}],"about":[{"href":"https:\/\/simicur.com\/de\/wp-json\/wp\/v2\/types\/page"}],"author":[{"embeddable":true,"href":"https:\/\/simicur.com\/de\/wp-json\/wp\/v2\/users\/1"}],"replies":[{"embeddable":true,"href":"https:\/\/simicur.com\/de\/wp-json\/wp\/v2\/comments?post=1075"}],"version-history":[{"count":0,"href":"https:\/\/simicur.com\/de\/wp-json\/wp\/v2\/pages\/1075\/revisions"}],"up":[{"embeddable":true,"href":"https:\/\/simicur.com\/de\/wp-json\/wp\/v2\/pages\/1061"}],"wp:attachment":[{"href":"https:\/\/simicur.com\/de\/wp-json\/wp\/v2\/media?parent=1075"}],"curies":[{"name":"wp","href":"https:\/\/api.w.org\/{rel}","templated":true}]}}