{"id":1077,"date":"2020-01-19T19:45:21","date_gmt":"2020-01-19T19:45:21","guid":{"rendered":"https:\/\/simicur.dalphes.com\/?page_id=1077"},"modified":"2020-01-19T19:45:21","modified_gmt":"2020-01-19T19:45:21","slug":"blasenentzuendung","status":"publish","type":"page","link":"https:\/\/simicur.com\/de\/lexikon-erkrankungen-und-behandlungen\/erkrankungen-hunde\/blasenentzuendung\/","title":{"rendered":"Blasenentz\u00fcndung"},"content":{"rendered":"<div class=\"post-content\"><strong>Die hom\u00f6opathische Behandlung von Blasenentz\u00fcndung beim Hund<\/strong><br \/>\nBlasenentz\u00fcndung oder Zystitis ist eine h\u00e4ufig vorkommende Erkrankung, sowohl bei R\u00fcden als auch bei H\u00fcndinnen. Meistens sind eine bakterielle Infektion der Blase oder Blasensteine, bzw. &#8211; Gries die Ursache. Ein Hund mit Blasenentz\u00fcndung uriniert h\u00e4ufig und kurz, wobei lediglich eine kleine Menge Urin (vereinzelte Tropfen) kommt. Der Urin sieht oft tr\u00fcbe aus und kann Blut enthalten.<\/p>\n<p><strong>Behandlung:<\/strong> Geben Sie dem Hund <u><a href=\"https:\/\/simicur.com\/de\/homeopathische-medicijnen\/urogenicur-100-ml.html\">urogenicur<\/a><\/u>, in akuten F\u00e4llen 4 mal t\u00e4glich 20 Tropfen und in sonstigen F\u00e4llen 2 mal t\u00e4glich 15-20 Tropfen durch das Futter oder direkt ins Maul. Im Falle von Blasensteinen muss man auf das Futter achten. Am Besten ist dann, das leicht verdauliche <u><a href=\"https:\/\/simicur.com\/de\/voeding-voor-de-hond\/senior-balance.html\">senior balance<\/a><\/u> oder BioFlocken in Kombination mit <u><a href=\"https:\/\/simicur.com\/de\/kruiden-en-voedersupplementen\/digesticur.html\">digesticur<\/a><\/u> zu geben.<\/div>\n","protected":false},"excerpt":{"rendered":"<p>Die hom\u00f6opathische Behandlung von Blasenentz\u00fcndung beim Hund Blasenentz\u00fcndung oder Zystitis  [&#8230;]<\/p>\n","protected":false},"author":1,"featured_media":0,"parent":1061,"menu_order":0,"comment_status":"closed","ping_status":"closed","template":"","meta":{"footnotes":""},"class_list":["post-1077","page","type-page","status-publish","hentry"],"_links":{"self":[{"href":"https:\/\/simicur.com\/de\/wp-json\/wp\/v2\/pages\/1077","targetHints":{"allow":["GET"]}}],"collection":[{"href":"https:\/\/simicur.com\/de\/wp-json\/wp\/v2\/pages"}],"about":[{"href":"https:\/\/simicur.com\/de\/wp-json\/wp\/v2\/types\/page"}],"author":[{"embeddable":true,"href":"https:\/\/simicur.com\/de\/wp-json\/wp\/v2\/users\/1"}],"replies":[{"embeddable":true,"href":"https:\/\/simicur.com\/de\/wp-json\/wp\/v2\/comments?post=1077"}],"version-history":[{"count":1,"href":"https:\/\/simicur.com\/de\/wp-json\/wp\/v2\/pages\/1077\/revisions"}],"predecessor-version":[{"id":1078,"href":"https:\/\/simicur.com\/de\/wp-json\/wp\/v2\/pages\/1077\/revisions\/1078"}],"up":[{"embeddable":true,"href":"https:\/\/simicur.com\/de\/wp-json\/wp\/v2\/pages\/1061"}],"wp:attachment":[{"href":"https:\/\/simicur.com\/de\/wp-json\/wp\/v2\/media?parent=1077"}],"curies":[{"name":"wp","href":"https:\/\/api.w.org\/{rel}","templated":true}]}}