{"id":1079,"date":"2020-01-19T19:46:30","date_gmt":"2020-01-19T19:46:30","guid":{"rendered":"https:\/\/simicur.dalphes.com\/?page_id=1079"},"modified":"2020-01-19T19:46:30","modified_gmt":"2020-01-19T19:46:30","slug":"bluterguss-haematom","status":"publish","type":"page","link":"https:\/\/simicur.com\/de\/lexikon-erkrankungen-und-behandlungen\/erkrankungen-hunde\/bluterguss-haematom\/","title":{"rendered":"Bluterguss, H\u00e4matom"},"content":{"rendered":"<p><strong>Die hom\u00f6opathische Behandlung von Bluterguss \/ H\u00e4matom beim Hund<\/strong><br \/>\nEin Bluterguss oder H\u00e4matom ist eine innere Blutung, bei der das Blut zwischen das umliegende Gewebe gelangt. Eine Blutung entsteht nach oder durch eine Besch\u00e4digung eines Blutgef\u00e4\u00dfes. Es gibt verschiedene Arten von Blutungen: arterielle, nerv\u00f6se und kleine Kapillarblutungen, welche sowohl innerlich als auch \u00e4u\u00dferlich vorkommen k\u00f6nnen. Bei einer inneren Sch\u00e4digung gelangt das Blut in und zwischen das umgebende Gewebe. Es bildet sich eine Schwellung unter der Haut.<\/p>\n<p><strong>Behandlung:<\/strong> Die Behandlung eines H\u00e4matoms zielt auf die Resorption des Blutpfropfens. Hom\u00f6opathisch sollte zun\u00e4chst <u><a href=\"https:\/\/simicur.com\/de\/homeopathische-medicijnen\/traumacur-100-ml.html\">traumacur<\/a><\/u> verabreicht werden (im akuten Stadium) und danach <u><a href=\"https:\/\/simicur.com\/de\/homeopathische-medicijnen\/tendocur-100-ml.html\">tendocur<\/a><\/u>. Daneben empfiehlt sich die Massage mit <u><a href=\"http:\/\/simicur.com\/spiergel.html\">spiergel<\/a><\/u>.<\/p>\n","protected":false},"excerpt":{"rendered":"<p>Die hom\u00f6opathische Behandlung von Bluterguss \/ H\u00e4matom beim Hund Ein  [&#8230;]<\/p>\n","protected":false},"author":1,"featured_media":0,"parent":1061,"menu_order":0,"comment_status":"closed","ping_status":"closed","template":"","meta":{"footnotes":""},"class_list":["post-1079","page","type-page","status-publish","hentry"],"_links":{"self":[{"href":"https:\/\/simicur.com\/de\/wp-json\/wp\/v2\/pages\/1079","targetHints":{"allow":["GET"]}}],"collection":[{"href":"https:\/\/simicur.com\/de\/wp-json\/wp\/v2\/pages"}],"about":[{"href":"https:\/\/simicur.com\/de\/wp-json\/wp\/v2\/types\/page"}],"author":[{"embeddable":true,"href":"https:\/\/simicur.com\/de\/wp-json\/wp\/v2\/users\/1"}],"replies":[{"embeddable":true,"href":"https:\/\/simicur.com\/de\/wp-json\/wp\/v2\/comments?post=1079"}],"version-history":[{"count":1,"href":"https:\/\/simicur.com\/de\/wp-json\/wp\/v2\/pages\/1079\/revisions"}],"predecessor-version":[{"id":1080,"href":"https:\/\/simicur.com\/de\/wp-json\/wp\/v2\/pages\/1079\/revisions\/1080"}],"up":[{"embeddable":true,"href":"https:\/\/simicur.com\/de\/wp-json\/wp\/v2\/pages\/1061"}],"wp:attachment":[{"href":"https:\/\/simicur.com\/de\/wp-json\/wp\/v2\/media?parent=1079"}],"curies":[{"name":"wp","href":"https:\/\/api.w.org\/{rel}","templated":true}]}}