{"id":1085,"date":"2020-01-19T19:49:18","date_gmt":"2020-01-19T19:49:18","guid":{"rendered":"https:\/\/simicur.dalphes.com\/?page_id=1085"},"modified":"2020-01-19T19:49:18","modified_gmt":"2020-01-19T19:49:18","slug":"durchfall","status":"publish","type":"page","link":"https:\/\/simicur.com\/de\/lexikon-erkrankungen-und-behandlungen\/erkrankungen-hunde\/durchfall\/","title":{"rendered":"Durchfall"},"content":{"rendered":"<p><strong>Die hom\u00f6opathische Behandlung von Durchfall beim Hund<\/strong><br \/>\nBei Durchfall ist der Stuhlgang zu d\u00fcnn oder w\u00e4ssrig. Es gibt sehr viele Krankheiten, die Durchfall verursachen k\u00f6nnen. In den meisten F\u00e4llen ist der Durchfall eine vor\u00fcbergehende Erscheinung, da er durch falsches oder verdorbenes Futter verursacht wird. Andere Ursachen von Durchfall sind unter anderem fast alle Magen- und Darmprobleme, Leberkrankheiten und Erkrankungen der Bauchspeicheldr\u00fcse und Parasiten, sowie W\u00fcrmer und Giardia.<\/p>\n<p>Durchfall zeichnet sich durch einen w\u00e4ssrigen Stuhlgang aus, oft einhergehend mit dem erh\u00f6hten Drang zur Entleerung. Manchmal kann Blut enthalten sein oder der Stuhlgang ist schwarz, was auch auf Blutverlust hindeutet. Durchfall kommt h\u00e4ufig gemeinsam mit Erbrechen vor.<\/p>\n<p><strong>Behandlung:<\/strong> Meistens wird der Durchfall von selbst verschwinden, falls er l\u00e4nger als 3 Tage anh\u00e4lt, steckt zumeist mehr dahinter. Zun\u00e4chst sollte man einem Hund mit Durchfall kein Futter geben oder eine Reismahlzeit (BioFlakes) in Kombination mit <u><a href=\"https:\/\/simicur.com\/de\/homeopathische-medicijnen\/stopcur-100-ml.html\">stopcur<\/a><\/u>. Abh\u00e4ngig von den zugrunde liegenden Ursachen verabreicht man <u><a href=\"https:\/\/simicur.com\/de\/homeopathische-medicijnen\/hepacur-100-ml.html\">hepacur<\/a><\/u> (bei Leberproblemen), <u><a href=\"https:\/\/simicur.com\/de\/kruiden-en-voedersupplementen\/digesticur.html\">digesticur<\/a><\/u> und <u><a href=\"https:\/\/simicur.com\/de\/homeopathische-medicijnen\/gastricur-100-ml.html\">gastricur<\/a><\/u> (bei Bauchspeicheldr\u00fcsenproblemen und Wurmbefall).<\/p>\n","protected":false},"excerpt":{"rendered":"<p>Die hom\u00f6opathische Behandlung von Durchfall beim Hund Bei Durchfall ist  [&#8230;]<\/p>\n","protected":false},"author":1,"featured_media":0,"parent":1061,"menu_order":0,"comment_status":"closed","ping_status":"closed","template":"","meta":{"footnotes":""},"class_list":["post-1085","page","type-page","status-publish","hentry"],"_links":{"self":[{"href":"https:\/\/simicur.com\/de\/wp-json\/wp\/v2\/pages\/1085","targetHints":{"allow":["GET"]}}],"collection":[{"href":"https:\/\/simicur.com\/de\/wp-json\/wp\/v2\/pages"}],"about":[{"href":"https:\/\/simicur.com\/de\/wp-json\/wp\/v2\/types\/page"}],"author":[{"embeddable":true,"href":"https:\/\/simicur.com\/de\/wp-json\/wp\/v2\/users\/1"}],"replies":[{"embeddable":true,"href":"https:\/\/simicur.com\/de\/wp-json\/wp\/v2\/comments?post=1085"}],"version-history":[{"count":1,"href":"https:\/\/simicur.com\/de\/wp-json\/wp\/v2\/pages\/1085\/revisions"}],"predecessor-version":[{"id":1086,"href":"https:\/\/simicur.com\/de\/wp-json\/wp\/v2\/pages\/1085\/revisions\/1086"}],"up":[{"embeddable":true,"href":"https:\/\/simicur.com\/de\/wp-json\/wp\/v2\/pages\/1061"}],"wp:attachment":[{"href":"https:\/\/simicur.com\/de\/wp-json\/wp\/v2\/media?parent=1085"}],"curies":[{"name":"wp","href":"https:\/\/api.w.org\/{rel}","templated":true}]}}