{"id":1087,"date":"2020-01-19T19:49:59","date_gmt":"2020-01-19T19:49:59","guid":{"rendered":"https:\/\/simicur.dalphes.com\/?page_id=1087"},"modified":"2020-01-19T19:49:59","modified_gmt":"2020-01-19T19:49:59","slug":"ekzem-juckreiz","status":"publish","type":"page","link":"https:\/\/simicur.com\/de\/lexikon-erkrankungen-und-behandlungen\/erkrankungen-hunde\/ekzem-juckreiz\/","title":{"rendered":"Ekzem, Juckreiz"},"content":{"rendered":"<p><strong>Die hom\u00f6opathische Behandlung von Ekzem \/ Juckreiz beim Hund<\/strong><br \/>\nEin Ekzem ist eine oberfl\u00e4chige Hauterkrankung, gekennzeichnet durch eine Entz\u00fcndung der Haut. Sie kommt meistens durch eine allergische Reaktion des K\u00f6rpers auf Stoffe zustande, mit denen das Tier in Ber\u00fchrung kam oder welche es gefressen hat.<\/p>\n<p>Verbreitete Symptome sind Schuppen, Beulen und Blasen die h\u00e4ufig jucken.<\/p>\n<p><strong>Behandlung:<\/strong> Zur Unterst\u00fctzung der Hautfunktion ist <u><a href=\"https:\/\/simicur.com\/de\/homeopathische-medicijnen\/dermacur-100-ml.html\">dermacur<\/a><\/u> das geeignete Produkt. <u><a href=\"https:\/\/simicur.com\/de\/homeopathische-medicijnen\/dermacur-100-ml.html\">dermacur<\/a><\/u> hat neben einer Haut regulierenden Wirkung eine Drainagewirkung (Beseitigung von Abfallstoffen aus dem K\u00f6rper). Abh\u00e4ngig von der Art des Ekzems wird die Behandlung bei trockenem Ekzem, welches mit Schorfbildung verbunden ist, mit <u><a href=\"http:\/\/simicur.com\/de\/graphicur-i.html\">Graphicur I<\/a><\/u>kombiniert oder mit <u><a href=\"http:\/\/simicur.com\/de\/graphicur-ii.html\">Graphicur II<\/a><\/u>, bei n\u00e4ssendem Ekzem.<\/p>\n","protected":false},"excerpt":{"rendered":"<p>Die hom\u00f6opathische Behandlung von Ekzem \/ Juckreiz beim Hund Ein  [&#8230;]<\/p>\n","protected":false},"author":1,"featured_media":0,"parent":1061,"menu_order":0,"comment_status":"closed","ping_status":"closed","template":"","meta":{"footnotes":""},"class_list":["post-1087","page","type-page","status-publish","hentry"],"_links":{"self":[{"href":"https:\/\/simicur.com\/de\/wp-json\/wp\/v2\/pages\/1087","targetHints":{"allow":["GET"]}}],"collection":[{"href":"https:\/\/simicur.com\/de\/wp-json\/wp\/v2\/pages"}],"about":[{"href":"https:\/\/simicur.com\/de\/wp-json\/wp\/v2\/types\/page"}],"author":[{"embeddable":true,"href":"https:\/\/simicur.com\/de\/wp-json\/wp\/v2\/users\/1"}],"replies":[{"embeddable":true,"href":"https:\/\/simicur.com\/de\/wp-json\/wp\/v2\/comments?post=1087"}],"version-history":[{"count":1,"href":"https:\/\/simicur.com\/de\/wp-json\/wp\/v2\/pages\/1087\/revisions"}],"predecessor-version":[{"id":1088,"href":"https:\/\/simicur.com\/de\/wp-json\/wp\/v2\/pages\/1087\/revisions\/1088"}],"up":[{"embeddable":true,"href":"https:\/\/simicur.com\/de\/wp-json\/wp\/v2\/pages\/1061"}],"wp:attachment":[{"href":"https:\/\/simicur.com\/de\/wp-json\/wp\/v2\/media?parent=1087"}],"curies":[{"name":"wp","href":"https:\/\/api.w.org\/{rel}","templated":true}]}}