{"id":1091,"date":"2020-01-19T19:53:51","date_gmt":"2020-01-19T19:53:51","guid":{"rendered":"https:\/\/simicur.dalphes.com\/?page_id=1091"},"modified":"2020-01-19T19:53:51","modified_gmt":"2020-01-19T19:53:51","slug":"epilepsie","status":"publish","type":"page","link":"https:\/\/simicur.com\/de\/lexikon-erkrankungen-und-behandlungen\/erkrankungen-hunde\/epilepsie\/","title":{"rendered":"Epilepsie"},"content":{"rendered":"<p><strong>Die hom\u00f6opathische Behandlung von Epilepsie beim Hund<\/strong><br \/>\nBei Epilepsie spricht man von einer Funktionsst\u00f6rung der Gehirnzellen, was sich in epileptischen Anf\u00e4llen \u00e4u\u00dfert. So ein Anfall kann stark in Dauer und St\u00e4rke variieren. Einen epileptischen Anfall kann man unterscheiden in:<\/p>\n<ul>\n<li><strong>Klein:<\/strong> Ein leichter epileptischer Anfall, wobei ein starrer Blick auff\u00e4llt, das Tier bebt mit einer Pfote oder gibt einen Schmerzlaut von sich. Der Anfall dauert meistens nur ein paar Sekunden bis zu einer Minute.<\/li>\n<li><strong>Gro\u00df:<\/strong> Diese Anfallsform kommt am h\u00e4ufigsten vor. Hierbei f\u00e4llt das Tier um, wobei oft unkontrollierbare Muskelzuckungen mit Ausf\u00e4llen wie Urinieren und Sabbern auftreten. Auch bizarres Verhalten, wie Runden rennen und unsichtbare Objekte anfallen kommt vor. W\u00e4hrend solch eines Anfalls ist das Tier sich seiner Umgebung nicht bewusst und der Anfall dauert h\u00e4ufig einige Minuten.<\/li>\n<li><strong>Status Epilepsie:<\/strong> Das ist die schwerste Anfallsform und kann einige Stunden dauern. So ein schwerer Anfall kann durch Sch\u00e4den an den Organen einen t\u00f6dlichen Ausgang haben.<\/li>\n<\/ul>\n<p>Epilepsie kann man in Anf\u00e4lle ohne nachweisbare Ursache unterteilen und in Anf\u00e4lle, die durch ein zugrunde liegendes Problem verursacht wurden (Trauma, Rauferei, Leberproblem).<\/p>\n<p><strong>M\u00f6gliche Ursachen von epileptischen Anf\u00e4llen sind unter anderem:<\/strong><\/p>\n<ul>\n<li>prim\u00e4re Epilepsie: keine nachweisbare Ursache<\/li>\n<li>eine Infektion<\/li>\n<li>Trauma\/ Rauferei\/ Unfall<\/li>\n<li>Tumor<\/li>\n<li>Vergiftung<\/li>\n<li>Futterallergie<\/li>\n<li>metabole Krankheiten (Diabetes, Leber- oder Niereninsuffizienz)<\/li>\n<\/ul>\n<p><strong>Behandlung:<\/strong> Ein Anfall muss immer ernst genommen werden, weil Erstickungsgefahr besteht. Sorgen Sie w\u00e4hrend des Anfalls immer daf\u00fcr, dass Ihr Tier sich selbst (oder Sie) nicht verletzen kann. Wenn Ihr Tier allerdings mehrere Anf\u00e4lle innerhalb von 24 Stunden hat, sollten Sie m\u00f6glichst bald einen Tierarzt aufsuchen. Eine komplette physische und neurologische Untersuchung ist meistens unerl\u00e4sslich, um eine m\u00f6gliche Ursache der epileptischen Anf\u00e4lle aufzusp\u00fcren. Blutuntersuchungen sind hierbei unentbehrlich. Wenn eine andere Erkrankung als Epilepsie die Ursache der Anf\u00e4lle ist, dann muss nat\u00fcrlich die zugrunde liegende Krankheit behandelt werden. H\u00e4ufig zeigen eine Ver\u00e4nderung des Futters und die Verabreichung von <u><a href=\"https:\/\/simicur.com\/de\/homeopathische-medicijnen\/hepacur-100-ml.html\">hepacur<\/a><\/u> einen gro\u00dfen Effekt zur Verhinderung\/Verminderung von epileptischen Anf\u00e4llen. Meistenteils werden entkrampfende Mittel angewendet, um die Anf\u00e4lle zu kontrollieren. Es ist zu beachten, dass die Behandlung mit diesen Mitteln oft f\u00fcr den Rest des Lebens gilt, weil die Anf\u00e4lle andernfalls noch \u00f6fter und st\u00e4rker zur\u00fcckkehren k\u00f6nnen. Zur Unterst\u00fctzung kann <u><a href=\"https:\/\/simicur.com\/de\/homeopathische-medicijnen\/tranquicur-100-ml.html\">tranquicur<\/a><\/u> verabreicht werden, um das Tier weniger schreckhaft sein zu lassen.<\/p>\n","protected":false},"excerpt":{"rendered":"<p>Die hom\u00f6opathische Behandlung von Epilepsie beim Hund Bei Epilepsie spricht  [&#8230;]<\/p>\n","protected":false},"author":1,"featured_media":0,"parent":1061,"menu_order":0,"comment_status":"closed","ping_status":"closed","template":"","meta":{"footnotes":""},"class_list":["post-1091","page","type-page","status-publish","hentry"],"_links":{"self":[{"href":"https:\/\/simicur.com\/de\/wp-json\/wp\/v2\/pages\/1091","targetHints":{"allow":["GET"]}}],"collection":[{"href":"https:\/\/simicur.com\/de\/wp-json\/wp\/v2\/pages"}],"about":[{"href":"https:\/\/simicur.com\/de\/wp-json\/wp\/v2\/types\/page"}],"author":[{"embeddable":true,"href":"https:\/\/simicur.com\/de\/wp-json\/wp\/v2\/users\/1"}],"replies":[{"embeddable":true,"href":"https:\/\/simicur.com\/de\/wp-json\/wp\/v2\/comments?post=1091"}],"version-history":[{"count":1,"href":"https:\/\/simicur.com\/de\/wp-json\/wp\/v2\/pages\/1091\/revisions"}],"predecessor-version":[{"id":1094,"href":"https:\/\/simicur.com\/de\/wp-json\/wp\/v2\/pages\/1091\/revisions\/1094"}],"up":[{"embeddable":true,"href":"https:\/\/simicur.com\/de\/wp-json\/wp\/v2\/pages\/1061"}],"wp:attachment":[{"href":"https:\/\/simicur.com\/de\/wp-json\/wp\/v2\/media?parent=1091"}],"curies":[{"name":"wp","href":"https:\/\/api.w.org\/{rel}","templated":true}]}}