{"id":1092,"date":"2020-01-19T19:52:25","date_gmt":"2020-01-19T19:52:25","guid":{"rendered":"https:\/\/simicur.dalphes.com\/?page_id=1092"},"modified":"2020-01-19T19:52:25","modified_gmt":"2020-01-19T19:52:25","slug":"ellenbogendysplasie-2","status":"publish","type":"page","link":"https:\/\/simicur.com\/de\/lexikon-erkrankungen-und-behandlungen\/erkrankungen-hunde\/ellenbogendysplasie-2\/","title":{"rendered":"Ellenbogendysplasie"},"content":{"rendered":"<p><strong>Die hom\u00f6opathische Behandlung von Ellenbogendysplasie beim Hund<\/strong><br \/>\nEllenbogendysplasie ist eine Anzahl von Erkrankungen des Ellenbogengelenkes, die miteinander gemein haben, dass sie Lahmheit des Ellenbogens verursachen. Diese Erkrankungen sind:<\/p>\n<ul>\n<li>locker sitzende oder schlecht entwickelte Knorpel an den Oberfl\u00e4chen des Gelenkes (OCD = Osteochondritis dissecans).<\/li>\n<li>lockere Knochenst\u00fccke an der Spitze der Elle (LPC = Los Processus Coronoideus und LPA = Los Processus Anconeus).<\/li>\n<li>das schlechte Anschlie\u00dfen der Gelenkfl\u00e4chen von Speiche und Elle auf die Unterseite des Oberarmes (Humerus). Die Folge dieser so genannten inkongruente (nicht \u00fcbereinstimmend) ist, dass der Gelenkknorpel und die R\u00e4nder des Gelenkes gereizt werden, mit Arthrose als Folgeerscheinung.<\/li>\n<\/ul>\n<p>Die Erkrankungen k\u00f6nnen unabh\u00e4ngig voneinander vorkommen, doch oft kommen mehrere Erkrankungen gleichzeitig in einem Ellenbogengelenk vor. Ellenbogendysplasie hat einen erblichen Hintergrund. Wesentliche Ursachen sind daneben \u00dcberlastung durch \u00dcbergewicht und falsche und zu intensive Bewegung in Kombination mit falschem Futter, besonders in der Wachstumsphase von Welpen.<\/p>\n<p>Tiere mit H\u00fcftdysplasie bekommen meistens in einem Alter von 4-9 Monaten, das Alter in dem der Hund schnell w\u00e4chst, die ersten Symptome. Die Erkrankungen k\u00f6nnen einseitig oder beiderseits vorkommen. Vor allem bei einem beidseitigen Problem ist es oft schwierig, die Lahmheit zu bemerken. Was auff\u00e4llt ist, dass der Hund nicht gerne l\u00e4uft , gleichsam wie \u0084auf Eiern l\u00e4uft\u0093. Der Hund setzt sich schnell hin und nach einer Ruhephase steht er nur m\u00fchsam und l\u00e4uft sehr steif. Auch sieht man h\u00e4ufig, dass der Hund keine Lust auf lange Spazierg\u00e4nge hat.<\/p>\n<p><strong>Behandlung:<\/strong> Damit der Hund so wenig wie m\u00f6glich Beschwerden durch einen schlechten Aufbau der Ellenbogengelenke erleidet, muss er in der Wachstumsphase als Welpe (bei gro\u00dfen Rassen bis zu anderthalb Jahren, bei kleineren Rassen bis zu einem Jahr) ein gutes Welpenfutter erhalten, so dass Knochenbildung und Wachstum im Gleichgewicht sind. Es ist dabei nicht schlimm, wenn der Hund w\u00e4hrend des Wachstums einen Schuss macht, wenn allerdings das Gewicht dabei nicht zu gro\u00df wird. Darum ist es f\u00fcr einen Welpen angebracht, vor allem bei gro\u00dfen Rassen, zumindest bis zu einem Alter von 16 Monaten, PupBalance zu erhalten. Zur optimalen Entwicklung der Knochen und der Kr\u00e4ftigung der Gelenkkapseln und B\u00e4nder wird <u><a href=\"https:\/\/simicur.com\/de\/homeopathische-medicijnen\/osteocur-100-ml.html\">osteocur<\/a><\/u> in Kombination mit <u><a href=\"https:\/\/simicur.com\/de\/kruiden-en-voedersupplementen\/teufelskralle-500gr.html\">teufelskralle<\/a><\/u> gegeben, um eine regelm\u00e4\u00dfige k\u00f6rperliche Bewegung m\u00f6glich zu machen. Hierdurch werden die Gelenke weniger steif und der Aufbau der Muskeln kann gef\u00f6rdert werden (beispielsweise durch kurze Strecken ausf\u00fchren, leichtes Lauftraining, schwimmen).<\/p>\n","protected":false},"excerpt":{"rendered":"<p>Die hom\u00f6opathische Behandlung von Ellenbogendysplasie beim Hund Ellenbogendysplasie ist eine  [&#8230;]<\/p>\n","protected":false},"author":1,"featured_media":0,"parent":1061,"menu_order":0,"comment_status":"closed","ping_status":"closed","template":"","meta":{"footnotes":""},"class_list":["post-1092","page","type-page","status-publish","hentry"],"_links":{"self":[{"href":"https:\/\/simicur.com\/de\/wp-json\/wp\/v2\/pages\/1092","targetHints":{"allow":["GET"]}}],"collection":[{"href":"https:\/\/simicur.com\/de\/wp-json\/wp\/v2\/pages"}],"about":[{"href":"https:\/\/simicur.com\/de\/wp-json\/wp\/v2\/types\/page"}],"author":[{"embeddable":true,"href":"https:\/\/simicur.com\/de\/wp-json\/wp\/v2\/users\/1"}],"replies":[{"embeddable":true,"href":"https:\/\/simicur.com\/de\/wp-json\/wp\/v2\/comments?post=1092"}],"version-history":[{"count":1,"href":"https:\/\/simicur.com\/de\/wp-json\/wp\/v2\/pages\/1092\/revisions"}],"predecessor-version":[{"id":1093,"href":"https:\/\/simicur.com\/de\/wp-json\/wp\/v2\/pages\/1092\/revisions\/1093"}],"up":[{"embeddable":true,"href":"https:\/\/simicur.com\/de\/wp-json\/wp\/v2\/pages\/1061"}],"wp:attachment":[{"href":"https:\/\/simicur.com\/de\/wp-json\/wp\/v2\/media?parent=1092"}],"curies":[{"name":"wp","href":"https:\/\/api.w.org\/{rel}","templated":true}]}}