{"id":1095,"date":"2020-01-19T19:55:11","date_gmt":"2020-01-19T19:55:11","guid":{"rendered":"https:\/\/simicur.dalphes.com\/?page_id=1095"},"modified":"2020-01-19T19:55:11","modified_gmt":"2020-01-19T19:55:11","slug":"wachstumsschmerz","status":"publish","type":"page","link":"https:\/\/simicur.com\/de\/lexikon-erkrankungen-und-behandlungen\/erkrankungen-hunde\/wachstumsschmerz\/","title":{"rendered":"Wachstumsschmerz"},"content":{"rendered":"<p><strong>Die hom\u00f6opathische Behandlung von Wachstumsschmerz beim Hund<\/strong><br \/>\nWachstumsschmerz ist eine Erkrankung, die bei Hunden w\u00e4hrend des Wachstums vorkommt. Hunde die vollst\u00e4ndig ausgewachsen sind (kleine Rassen nach einem Jahr und gro\u00dfe Rassen nach anderthalb Jahren), k\u00f6nnen diese Beschwerden nicht mehr bekommen. Durch das Wachsen der Knochen kann die Blutzirkulation gest\u00f6rt werden, dadurch kann es passieren, dass sich die Knochenhaut (Periost) an einigen Stellen vom Knochen l\u00f6st. Weil die Knochenhaut sehr empfindlich ist, wird dieser Prozess sehr schmerzhaft sein, so sicher wie das Abl\u00f6sen der Knochenhaut in der Umgebung einer Muskelverbindung sitzt. Dieser Schmerz wird Wachstumsschmerz genannt.<\/p>\n<p>Wachstumsschmerz kann sich auf unterschiedliche Weise \u00e4u\u00dfern. Die Intensit\u00e4t der Beschwerden kann in dieser Zeit schwanken und auch die Schmerzen an den Gliedma\u00dfen k\u00f6nnen unterschiedlich sein. Meistens l\u00e4uft der Hund mit Wachstumsschmerz hinkend (dann nicht, dann wieder doch), ohne dass etwas vorgefallen ist. In einigen F\u00e4llen k\u00f6nnen die Symptome schlimm sein (nicht laufen wollen, Fieber und nicht fressen wollen). Die k\u00f6rperliche Untersuchung bringt dann Aufschluss, weil sich beim Abtasten zeigt, dass die Gliedma\u00dfen insbesondere rund um die Gelenke empfindlich sind und vor allem, dass die langen R\u00f6hrenknochen (Speiche, Schienbein) bei Druck auf die Knochenhaut sehr empfindlich sind.<\/p>\n<p><strong>Behandlung:<\/strong> Die Behandlung besteht aus <u><a href=\"https:\/\/simicur.com\/de\/homeopathische-medicijnen\/osteocur-100-ml.html\">osteocur<\/a><\/u> in Kombination mit <u><a href=\"https:\/\/simicur.com\/de\/kruiden-en-voedersupplementen\/teufelskralle-500gr.html\">teufelskralle<\/a><\/u>. <u><a href=\"https:\/\/simicur.com\/de\/homeopathische-medicijnen\/osteocur-100-ml.html\">osteocur<\/a><\/u> hat eine regulierende Wirkung auf die Knochenentwicklung und Knochenstruktur und <u><a href=\"https:\/\/simicur.com\/de\/kruiden-en-voedersupplementen\/teufelskralle-500gr.html\">teufelskralle<\/a><\/u> hat eine entz\u00fcndungshemmende und schmerzstillende Wirkung. Zur Vorsorge ist es von Bedeutung PupBalance zu verabreichen. Die M\u00f6glichkeit auf Wachstumsschmerz wird verringert, wenn der Welpe ab der Entw\u00f6hnung von der Mutter (aber noch bei der Mutter) dieses Futter zu Fressen bekommt.<\/p>\n","protected":false},"excerpt":{"rendered":"<p>Die hom\u00f6opathische Behandlung von Wachstumsschmerz beim Hund Wachstumsschmerz ist eine  [&#8230;]<\/p>\n","protected":false},"author":1,"featured_media":0,"parent":1061,"menu_order":0,"comment_status":"closed","ping_status":"closed","template":"","meta":{"footnotes":""},"class_list":["post-1095","page","type-page","status-publish","hentry"],"_links":{"self":[{"href":"https:\/\/simicur.com\/de\/wp-json\/wp\/v2\/pages\/1095","targetHints":{"allow":["GET"]}}],"collection":[{"href":"https:\/\/simicur.com\/de\/wp-json\/wp\/v2\/pages"}],"about":[{"href":"https:\/\/simicur.com\/de\/wp-json\/wp\/v2\/types\/page"}],"author":[{"embeddable":true,"href":"https:\/\/simicur.com\/de\/wp-json\/wp\/v2\/users\/1"}],"replies":[{"embeddable":true,"href":"https:\/\/simicur.com\/de\/wp-json\/wp\/v2\/comments?post=1095"}],"version-history":[{"count":1,"href":"https:\/\/simicur.com\/de\/wp-json\/wp\/v2\/pages\/1095\/revisions"}],"predecessor-version":[{"id":1096,"href":"https:\/\/simicur.com\/de\/wp-json\/wp\/v2\/pages\/1095\/revisions\/1096"}],"up":[{"embeddable":true,"href":"https:\/\/simicur.com\/de\/wp-json\/wp\/v2\/pages\/1061"}],"wp:attachment":[{"href":"https:\/\/simicur.com\/de\/wp-json\/wp\/v2\/media?parent=1095"}],"curies":[{"name":"wp","href":"https:\/\/api.w.org\/{rel}","templated":true}]}}