{"id":1097,"date":"2020-01-19T19:55:57","date_gmt":"2020-01-19T19:55:57","guid":{"rendered":"https:\/\/simicur.dalphes.com\/?page_id=1097"},"modified":"2020-01-19T19:55:57","modified_gmt":"2020-01-19T19:55:57","slug":"herzinsuffizienz","status":"publish","type":"page","link":"https:\/\/simicur.com\/de\/lexikon-erkrankungen-und-behandlungen\/erkrankungen-hunde\/herzinsuffizienz\/","title":{"rendered":"Herzinsuffizienz"},"content":{"rendered":"<p><strong>Die hom\u00f6opathische Behandlung von Herzinsuffizienz beim Hund<\/strong><br \/>\nBei (chronischer) Herzinsuffizienz arbeitet das Herz nicht mehr so wie es soll und schl\u00e4gt schwach oder nicht mehr genug um ausreichend Blut durch den K\u00f6rper zu pumpen. Wenn die Pumpfunktion des Herzens versagt, bekommt der K\u00f6rper unzureichend Sauerstoff und N\u00e4hrstoffe.<\/p>\n<p>Es gibt 2 wesentliche Ursachen von Herzinsuffizienz<\/p>\n<p><strong>Klappensch\u00e4den<\/strong>: Das Herz hat 4 Klappen: 2 zwischen den Kammern und den Vorh\u00f6fen, 1 zwischen der Hohlvene (die das K\u00f6rperblut zum Herzen f\u00fchrt) und dem rechten Vorhof und 1 zwischen der linken Kammer und der Aorta (die Schlagader, durch die das Blut in den ganzen K\u00f6rper geht. Die Klappen sorgen daf\u00fcr, dass das Blut nur in eine Richtung flie\u00dfen kann. Bei vielen Hunden mit Herzinsuffizienz gibt es ein Problem mit einer oder mehreren Klappen, wodurch eine undichte Stelle entsteht und das Blut teilweise gegen die Richtung flie\u00dfen kann. Klappensch\u00e4den kommen mehr bei \u00e4lteren Hunden kleiner Rassen vor und k\u00f6nnen bereits eine Weile vorhanden sein, bevor der Hund Beschwerden damit bekommt.<\/p>\n<p><strong>Dilaterende Kardiomyopathie<\/strong>: Bei dilaterender Kardiomyopathie wird das Herz gr\u00f6\u00dfer und die Muskelwand d\u00fcnner. Das Herz kann sich schlechter zusammenziehen und weniger pumpen. Dilaterende Kardiomyopathie kommt mehr bei gro\u00dfen Hunderassen vor und wird h\u00e4ufig bei jungen Hunden gesehen oder bei Tieren mittleren Alters. Sie kommt besonders vor bei Doberm\u00e4nnern, Deutschen Doggen, Irischen Wolfshunden und Boxern. Dilaterende Kardiomyopathie scheint angesichts der Rassebindung und des Vorkommens in bestimmten Linien eine Erbkrankheit zu sein.<\/p>\n<p>Dadurch, dass das Herz nur ungen\u00fcgend pumpen kann, werden Fl\u00fcssigkeitsansammlungen im K\u00f6rper auftreten (Fl\u00fcssigkeit hinter den Lungen, Fl\u00fcssigkeit in der Bauchh\u00f6hle). Der Hund ger\u00e4t schnell au\u00dfer Atem, hustet und hechelt viel. Der Husten ist nachts schlimmer als morgens und die Symptome werden allm\u00e4hlich st\u00e4rker.<\/p>\n<p>Dilaterende Kardiomyopathie kann der Anlass zu einer akuten Herzinsuffizienz sein. Der Hund bekommt dann mit einem Mal schlimme Herzinsuffizienzsymptome oder kann sogar sofort ohne vorausgehende Anzeichen sterben.<\/p>\n<p><strong>Behandlung:<\/strong> Zur Behandlung werden Fl\u00fcssigkeitsabf\u00fchrende Medikamente <u><a href=\"https:\/\/simicur.com\/de\/homeopathische-medicijnen\/urogenicur-100-ml.html\">urogenicur<\/a><\/u> verabreicht und\/oder herzst\u00e4rkende Mittel, welche die Pumpfunktion des Herzens verbessern. Zur Unterst\u00fctzung der Herzkondition kann <u><a href=\"https:\/\/simicur.com\/de\/homeopathische-medicijnen\/anemiacur-100-ml.html\">anemiacur<\/a><\/u> verabreicht werden.<\/p>\n","protected":false},"excerpt":{"rendered":"<p>Die hom\u00f6opathische Behandlung von Herzinsuffizienz beim Hund Bei (chronischer) Herzinsuffizienz  [&#8230;]<\/p>\n","protected":false},"author":1,"featured_media":0,"parent":1061,"menu_order":0,"comment_status":"closed","ping_status":"closed","template":"","meta":{"footnotes":""},"class_list":["post-1097","page","type-page","status-publish","hentry"],"_links":{"self":[{"href":"https:\/\/simicur.com\/de\/wp-json\/wp\/v2\/pages\/1097","targetHints":{"allow":["GET"]}}],"collection":[{"href":"https:\/\/simicur.com\/de\/wp-json\/wp\/v2\/pages"}],"about":[{"href":"https:\/\/simicur.com\/de\/wp-json\/wp\/v2\/types\/page"}],"author":[{"embeddable":true,"href":"https:\/\/simicur.com\/de\/wp-json\/wp\/v2\/users\/1"}],"replies":[{"embeddable":true,"href":"https:\/\/simicur.com\/de\/wp-json\/wp\/v2\/comments?post=1097"}],"version-history":[{"count":1,"href":"https:\/\/simicur.com\/de\/wp-json\/wp\/v2\/pages\/1097\/revisions"}],"predecessor-version":[{"id":1098,"href":"https:\/\/simicur.com\/de\/wp-json\/wp\/v2\/pages\/1097\/revisions\/1098"}],"up":[{"embeddable":true,"href":"https:\/\/simicur.com\/de\/wp-json\/wp\/v2\/pages\/1061"}],"wp:attachment":[{"href":"https:\/\/simicur.com\/de\/wp-json\/wp\/v2\/media?parent=1097"}],"curies":[{"name":"wp","href":"https:\/\/api.w.org\/{rel}","templated":true}]}}