{"id":1101,"date":"2020-01-19T19:57:10","date_gmt":"2020-01-19T19:57:10","guid":{"rendered":"https:\/\/simicur.dalphes.com\/?page_id=1101"},"modified":"2020-01-19T19:57:10","modified_gmt":"2020-01-19T19:57:10","slug":"bandscheibenschaden","status":"publish","type":"page","link":"https:\/\/simicur.com\/de\/lexikon-erkrankungen-und-behandlungen\/erkrankungen-hunde\/bandscheibenschaden\/","title":{"rendered":"Bandscheibenschaden"},"content":{"rendered":"<p><strong>Die hom\u00f6opathische Behandlung von Bandscheibenschaden beim Hund<\/strong><br \/>\nBei einem Bandscheibenschaden verschwinden zwischen bestimmten Wirbeln der Wirbels\u00e4ule die Bandscheiben oder die Scheiben st\u00fclpen aus. Hierdurch wird an bestimmten Stellen das Nervengewebe eingeklemmt, was Schmerzen und m\u00f6glicherweise sogar einen Ausfall der Nerven verursacht. H\u00e4ufig sitzt der Bandscheibenschaden im hinteren Teil der Wirbels\u00e4ule und wir k\u00f6nnen sehen, dass das letzte St\u00fcck des R\u00fcckens herabh\u00e4ngt. Der Bandscheibenschaden kann auch im Hals sitzen. Der Hund h\u00e4lt den Nacken steif, bewegt kaum den Kopf, jault bei Ber\u00fchrung; er strauchelt auch mit der Vorderpfote, wenn es zu leichten Ausfallsymptomen kommt.<br \/>\nBandscheibensch\u00e4den beim Hund werden aufgrund der Tatsache, dass Dackel wegen ihres relativ langen R\u00fcckens sehr anf\u00e4llig f\u00fcr Bandscheibensch\u00e4den sind, auch Dackell\u00e4hmung genannt. Vor allem Treppensteigen kann bei einem Dackel der Anlass f\u00fcr einen Bandscheibenschaden sein. Beim Hund akut auftretende Schmerzen weisen auf einen Bandscheibenschaden hin. Das zeigt sich manchmal schon, wenn man den Hund nur ber\u00fchrt oder streichelt. Es f\u00e4llt auf, dass der Hund sich str\u00e4ubt aufgehoben zu werden, dass er einen harten und angespannten Bauch hat und anf\u00e4ngt zu jaulen oder zu bei\u00dfen. Ebenfalls kann der Hund stocksteif in einer bestimmten Position, mit dem Nacken nach vorne gestreckt, stehen bleiben. Hierbei bemerkt man zuweilen eine leichte Lahmheit oder Schmerz. Der Hund will nicht mehr ins Auto springen, er kommt nur m\u00fchsam aus seinem Korb oder er kann das Futter nicht mehr vom Boden fressen.<\/p>\n<p>Zum anderen kann eine zunehmende Lahmheit in der Hinterhand erkl\u00e4ren, dass der Hund wie ein Betrunkener l\u00e4uft, die Pfoten umgeschlagen auf den Boden setzt, die Hinterbeine hinterher schleift, inkontinent ist oder nicht richtig Wasser lassen kann. Bisweilen hat er auch eine totale Lahmheit und Gef\u00fchllosigkeit in allen Beinen, bei der er st\u00fcrzt. All das k\u00f6nnen \u00c4u\u00dferungen f\u00fcr Probleme mit der Wirbels\u00e4ule sein.<\/p>\n<p><strong>Behandlung:<\/strong> Hom\u00f6opathisch behandelt man Bandscheibensch\u00e4den des R\u00fcckens mit <u><a href=\"https:\/\/simicur.com\/de\/homeopathische-medicijnen\/neuralcur-100-ml.html\">neuralcur<\/a><\/u> in Kombination mit <u><a href=\"https:\/\/simicur.com\/de\/homeopathische-medicijnen\/osteocur-100-ml.html\">osteocur<\/a><\/u>. In akuten F\u00e4llen 4 mal t\u00e4glich 20-25 Tropfen von jeder Tinktur \u00fcber das Futter und sp\u00e4ter 2 mal t\u00e4glich 20-25 Tropfen \u00fcber das Futter geben.<\/p>\n","protected":false},"excerpt":{"rendered":"<p>Die hom\u00f6opathische Behandlung von Bandscheibenschaden beim Hund Bei einem Bandscheibenschaden  [&#8230;]<\/p>\n","protected":false},"author":1,"featured_media":0,"parent":1061,"menu_order":0,"comment_status":"closed","ping_status":"closed","template":"","meta":{"footnotes":""},"class_list":["post-1101","page","type-page","status-publish","hentry"],"_links":{"self":[{"href":"https:\/\/simicur.com\/de\/wp-json\/wp\/v2\/pages\/1101","targetHints":{"allow":["GET"]}}],"collection":[{"href":"https:\/\/simicur.com\/de\/wp-json\/wp\/v2\/pages"}],"about":[{"href":"https:\/\/simicur.com\/de\/wp-json\/wp\/v2\/types\/page"}],"author":[{"embeddable":true,"href":"https:\/\/simicur.com\/de\/wp-json\/wp\/v2\/users\/1"}],"replies":[{"embeddable":true,"href":"https:\/\/simicur.com\/de\/wp-json\/wp\/v2\/comments?post=1101"}],"version-history":[{"count":1,"href":"https:\/\/simicur.com\/de\/wp-json\/wp\/v2\/pages\/1101\/revisions"}],"predecessor-version":[{"id":1102,"href":"https:\/\/simicur.com\/de\/wp-json\/wp\/v2\/pages\/1101\/revisions\/1102"}],"up":[{"embeddable":true,"href":"https:\/\/simicur.com\/de\/wp-json\/wp\/v2\/pages\/1061"}],"wp:attachment":[{"href":"https:\/\/simicur.com\/de\/wp-json\/wp\/v2\/media?parent=1101"}],"curies":[{"name":"wp","href":"https:\/\/api.w.org\/{rel}","templated":true}]}}