{"id":1103,"date":"2020-01-19T19:57:52","date_gmt":"2020-01-19T19:57:52","guid":{"rendered":"https:\/\/simicur.dalphes.com\/?page_id=1103"},"modified":"2020-01-19T19:57:52","modified_gmt":"2020-01-19T19:57:52","slug":"juckreiz","status":"publish","type":"page","link":"https:\/\/simicur.com\/de\/lexikon-erkrankungen-und-behandlungen\/erkrankungen-hunde\/juckreiz\/","title":{"rendered":"Juckreiz"},"content":{"rendered":"<p><strong>Die hom\u00f6opathische Behandlung von Juckreiz beim Hund<\/strong><br \/>\nDie Definition von Juckreiz ist \u0084die Empfindung in der Haut, die das Kratzen herausfordert und ist eine der am h\u00e4ufigsten vorkommenden Beschwerden der Haut. Juckreiz kann variieren von leichtem Juckreiz bei milder Irritation der Haut bis hin zu einem heftigen, alles beherrschenden Zustand, der ein normales Leben so gut wie unm\u00f6glich macht.<\/p>\n<p>Der Prozess in der Haut, der Juckreiz verursacht ist nicht eindeutig klar. Jedoch ist bekannt, dass bei Juckreiz besondere \u0084Nerven\u0093 in der Haut gereizt werden. Die Enden dieser Nerven liegen an der Nahtstelle der Oberhaut und der Lederhaut. Die Nerven k\u00f6nnen durch bestimmte Eiwei\u00dfe\/Proteinen wie Histamine, Neuropeptide und Prostaglandine aktiviert werden. Diese Stoffe geraten vor allem bei Entz\u00fcndungen der Haut frei. Es ist also nicht verwunderlich, dass Juckreiz \u00fcberwiegend bei Entz\u00fcndungen der Haut auftritt. Es gibt viele Ursachen f\u00fcr Juckreiz. Bei den meisten Formen von Juckreiz ist die Ursache deutlich, sowie bei M\u00fcckenstichen. Andere deutlich nachweisliche Ursachen, die \u00fcber l\u00e4ngere Zeit hinweg Juckreiz mit sich bringen sind zum Beispiel: Trockene Haut, Ekzem, Pilzinfektionen, Milbeninfektionen (Kr\u00e4tze). Wenn die ganze Haut juckt, kann es sich um eine innere Ursache handeln, wie Nieren- und Leberst\u00f6rung, Darmparasiten und Diabetes.<\/p>\n<p><strong>Behandlung:<\/strong> Das Problem mit dem Juckreiz sollte abh\u00e4ngig von der Ursache behandelt werden.<\/p>\n<ul>\n<li><strong>Trockene Haut<\/strong>: Haut\u00f6l in Kombination mit <u><a href=\"https:\/\/simicur.com\/de\/homeopathische-medicijnen\/dermacur-100-ml.html\">dermacur<\/a><\/u>.<\/li>\n<li><strong>Ekzem<\/strong>: <u><a href=\"https:\/\/simicur.com\/de\/homeopathische-medicijnen\/allergicur-100-ml.html\">allergicur<\/a><\/u>, Futter und Haut\u00f6l. Abh\u00e4ngig von der Art des Ekzems <u><a href=\"http:\/\/simicur.com\/de\/graphicur-i.html\">Graphicur I<\/a><\/u> oder <u><a href=\"http:\/\/simicur.com\/de\/graphicur-ii.html\">Graphicur II<\/a><\/u>.<\/li>\n<li><strong>Pilzinfektionen<\/strong>: Die Haut mit frischen Zitronensaft bespr\u00fchen und oral <u><a href=\"https:\/\/simicur.com\/de\/homeopathische-medicijnen\/dermacur-100-ml.html\">dermacur<\/a><\/u> verabreichen.<\/li>\n<li><strong>Milbeninfektionen<\/strong>: Anti-Milbenbehandlung (Tactic) und <u><a href=\"https:\/\/simicur.com\/de\/homeopathische-medicijnen\/dermacur-100-ml.html\">dermacur<\/a><\/u>.<\/li>\n<li><strong>Nieren- und Leberst\u00f6rung<\/strong>: <u><a href=\"https:\/\/simicur.com\/de\/homeopathische-medicijnen\/hepacur-100-ml.html\">hepacur<\/a><\/u> und <u><a href=\"https:\/\/simicur.com\/de\/homeopathische-medicijnen\/urogenicur-100-ml.html\">urogenicur<\/a><\/u>.<\/li>\n<li><strong>Darmparasiten<\/strong>: Entwurmungstabletten in Kombination mit <u><a href=\"https:\/\/simicur.com\/de\/kruiden-en-voedersupplementen\/digesticur.html\">digesticur<\/a><\/u>.<\/li>\n<li><strong>Diabetes<\/strong>: <u><a href=\"https:\/\/simicur.com\/de\/homeopathische-medicijnen\/urogenicur-100-ml.html\">urogenicur<\/a><\/u> in Kombination mit <u><a href=\"https:\/\/simicur.com\/de\/kruiden-en-voedersupplementen\/digesticur.html\">digesticur<\/a><\/u>.<\/li>\n<\/ul>\n<hr \/>\n","protected":false},"excerpt":{"rendered":"<p>Die hom\u00f6opathische Behandlung von Juckreiz beim Hund Die Definition von  [&#8230;]<\/p>\n","protected":false},"author":1,"featured_media":0,"parent":1061,"menu_order":0,"comment_status":"closed","ping_status":"closed","template":"","meta":{"footnotes":""},"class_list":["post-1103","page","type-page","status-publish","hentry"],"_links":{"self":[{"href":"https:\/\/simicur.com\/de\/wp-json\/wp\/v2\/pages\/1103","targetHints":{"allow":["GET"]}}],"collection":[{"href":"https:\/\/simicur.com\/de\/wp-json\/wp\/v2\/pages"}],"about":[{"href":"https:\/\/simicur.com\/de\/wp-json\/wp\/v2\/types\/page"}],"author":[{"embeddable":true,"href":"https:\/\/simicur.com\/de\/wp-json\/wp\/v2\/users\/1"}],"replies":[{"embeddable":true,"href":"https:\/\/simicur.com\/de\/wp-json\/wp\/v2\/comments?post=1103"}],"version-history":[{"count":1,"href":"https:\/\/simicur.com\/de\/wp-json\/wp\/v2\/pages\/1103\/revisions"}],"predecessor-version":[{"id":1104,"href":"https:\/\/simicur.com\/de\/wp-json\/wp\/v2\/pages\/1103\/revisions\/1104"}],"up":[{"embeddable":true,"href":"https:\/\/simicur.com\/de\/wp-json\/wp\/v2\/pages\/1061"}],"wp:attachment":[{"href":"https:\/\/simicur.com\/de\/wp-json\/wp\/v2\/media?parent=1103"}],"curies":[{"name":"wp","href":"https:\/\/api.w.org\/{rel}","templated":true}]}}