{"id":1107,"date":"2020-01-19T19:59:36","date_gmt":"2020-01-19T19:59:36","guid":{"rendered":"https:\/\/simicur.dalphes.com\/?page_id=1107"},"modified":"2020-01-19T19:59:36","modified_gmt":"2020-01-19T19:59:36","slug":"hueftdysplasie","status":"publish","type":"page","link":"https:\/\/simicur.com\/de\/lexikon-erkrankungen-und-behandlungen\/erkrankungen-hunde\/hueftdysplasie\/","title":{"rendered":"H\u00fcftdysplasie"},"content":{"rendered":"<p><strong>Die hom\u00f6opathische Behandlung von H\u00fcftdysplasie beim Hund<\/strong><br \/>\nH\u00fcftdysplasie ist eine Erkrankung der H\u00fcften, bei der der Oberschenkelkopf nicht gut in die Pfanne des H\u00fcftknochens passt, weil diese zu flach ist (Pfannendysplasie). Hierdurch kommt es zu einem Zustand, bei dem die H\u00fcfte st\u00e4ndig aus der Pfanne ger\u00e4t. Wenn die Kapsel und die B\u00e4nder rund um das Gelenk gut entwickelt sind, kann das aus der Pfanne geraten der H\u00fcfte (H\u00fcftdysplasie) eingeschr\u00e4nkt werden und der Hund noch gut arbeiten, insbesondere wenn die Muskeln rund um die H\u00fcfte stark entwickelt sind. Erst wenn die Sch\u00e4den durch das st\u00e4ndige aus der Pfanne geraten (Dehnung von Kapsel und B\u00e4ndern, Besch\u00e4digung der Gelenkknorpel) zu einer Gelenkarthrose f\u00fchren, werden die Bewegungen sehr schmerzhaft und der Hund kann kaum laufen und aufstehen.<\/p>\n<p>Das Auftreten von H\u00fcftdysplasie ist in etwa 30% der F\u00e4lle erblich bestimmt, dem wird ferner unter anderem Vorschub geleistet durch \u00dcbergewicht, verkehrtes Futter und falsche Bewegung, vor allem in der Wachstumsphase von Welpen.<\/p>\n<p>Tiere mit H\u00fcftdysplasie bekommen die ersten Symptome meistens ab dem 8. Lebensmonat:<\/p>\n<ul>\n<li>m\u00fchsames Aufstehen, zeitweise mit Schmerzen<\/li>\n<li>eine steife Hinterhand, besonders nach dem Ruhen<\/li>\n<li>mit den Hinterpfoten t\u00e4nzeln, als ob diese mit den Vorderpfoten nicht mithalten k\u00f6nnen<\/li>\n<li>schlechte Ausdauer; der Hund legt sich schnell hin<\/li>\n<li>die Hinterhand biegt sich durch<\/li>\n<li>Lahmheit in einer oder beiden Hinterpfoten<\/li>\n<li>der Hund will nicht spielen, spazieren gehen<\/li>\n<li>die Fersen drehen sich nach innen kuhhessig stand<\/li>\n<\/ul>\n<p>Fehlbildungen der H\u00fcftgelenke k\u00f6nnen einmal vorhanden, nicht mehr r\u00fcckg\u00e4ngig gemacht werden. Eine Behandlung sollte dann gegen weitere Knochenwucherungen und Schmerz zielgerichtet sein und Muskeln und Sehnen unterst\u00fctzen.<\/p>\n<p><strong>Behandlung:<\/strong> Um den Hund so wenig wie m\u00f6glich durch den schlechten Bau der H\u00fcftgelenke zu belasten, muss er in der Wachstumsphase als Welpe (bei gro\u00dfen Rassen bis zu anderthalb Jahren, bei kleineren Rasse bis zu einem Jahr) ein gutes Welpenfutter erhalten, so dass Knochenbildung und Wachstum im Gleichgewicht sind. Es ist dabei nicht schlimm, wenn der Hund w\u00e4hrend des Wachstums einen Schuss macht, wenn allerdings das Gewicht dabei nicht zu gro\u00df wird.<\/p>\n<p>Darum ist es f\u00fcr einen Welpen angebracht, vor allem bei gro\u00dfen Rassen, zumindest bis zu einem Alter von 16 Monaten, PupBalance zu erhalten. Zur optimalen Entwicklung der Knochen und der Kr\u00e4ftigung der Gelenkkapseln und B\u00e4nder wird <u><a href=\"https:\/\/simicur.com\/de\/homeopathische-medicijnen\/osteocur-100-ml.html\">osteocur<\/a><\/u> in Kombination mit <u><a href=\"https:\/\/simicur.com\/de\/kruiden-en-voedersupplementen\/teufelskralle-500gr.html\">teufelskralle<\/a><\/u> gegeben, um eine regelm\u00e4\u00dfige k\u00f6rperliche Bewegung m\u00f6glich zu machen. Hierdurch werden die Gelenke weniger steif und der Aufbau der Muskeln kann gef\u00f6rdert werden (beispielsweise durch kurze Strecken ausf\u00fchren, leichtes Lauftraining, schwimmen).<\/p>\n","protected":false},"excerpt":{"rendered":"<p>Die hom\u00f6opathische Behandlung von H\u00fcftdysplasie beim Hund H\u00fcftdysplasie ist eine  [&#8230;]<\/p>\n","protected":false},"author":1,"featured_media":0,"parent":1061,"menu_order":0,"comment_status":"closed","ping_status":"closed","template":"","meta":{"footnotes":""},"class_list":["post-1107","page","type-page","status-publish","hentry"],"_links":{"self":[{"href":"https:\/\/simicur.com\/de\/wp-json\/wp\/v2\/pages\/1107","targetHints":{"allow":["GET"]}}],"collection":[{"href":"https:\/\/simicur.com\/de\/wp-json\/wp\/v2\/pages"}],"about":[{"href":"https:\/\/simicur.com\/de\/wp-json\/wp\/v2\/types\/page"}],"author":[{"embeddable":true,"href":"https:\/\/simicur.com\/de\/wp-json\/wp\/v2\/users\/1"}],"replies":[{"embeddable":true,"href":"https:\/\/simicur.com\/de\/wp-json\/wp\/v2\/comments?post=1107"}],"version-history":[{"count":1,"href":"https:\/\/simicur.com\/de\/wp-json\/wp\/v2\/pages\/1107\/revisions"}],"predecessor-version":[{"id":1108,"href":"https:\/\/simicur.com\/de\/wp-json\/wp\/v2\/pages\/1107\/revisions\/1108"}],"up":[{"embeddable":true,"href":"https:\/\/simicur.com\/de\/wp-json\/wp\/v2\/pages\/1061"}],"wp:attachment":[{"href":"https:\/\/simicur.com\/de\/wp-json\/wp\/v2\/media?parent=1107"}],"curies":[{"name":"wp","href":"https:\/\/api.w.org\/{rel}","templated":true}]}}