{"id":1109,"date":"2020-01-19T20:00:58","date_gmt":"2020-01-19T20:00:58","guid":{"rendered":"https:\/\/simicur.dalphes.com\/?page_id=1109"},"modified":"2020-01-19T20:00:58","modified_gmt":"2020-01-19T20:00:58","slug":"magen-und-darmentzuendungen","status":"publish","type":"page","link":"https:\/\/simicur.com\/de\/lexikon-erkrankungen-und-behandlungen\/erkrankungen-hunde\/magen-und-darmentzuendungen\/","title":{"rendered":"Magen und Darmentz\u00fcndungen"},"content":{"rendered":"<p><strong>Die hom\u00f6opathische Behandlung einder Magen &#8211; Darmentz\u00fcndungen beim Hund<\/strong><br \/>\nEntz\u00fcndungen von Magen und D\u00e4rmen werden h\u00e4ufig mit verschiedenen Ausdr\u00fccken bezeichnet, darunter Gastritis, Enteritis oder Colitis, abh\u00e4ngig vom angegriffenen Bereich (Magen, D\u00fcnn- oder Dickdarm). Erbrechen und Durchfall sind die Hauptmerkmale, das Tier kann aber auch Anzeichen von Verstopfung, Depression, Mangel an Fresslust und Gewichtsverlust aufweisen.<\/p>\n<p><strong>Ursachen:<\/strong><\/p>\n<ul>\n<li>Abnormale (Immunit\u00e4ten) Reaktionen der Darmwand<\/li>\n<li>Bakterielle oder virale Infektion<\/li>\n<li>Schlechtes Futter oder eine pl\u00f6tzliche Ver\u00e4nderung des Futters<\/li>\n<li>Vergiftung<\/li>\n<li>Erkrankungen anderer Organe, wie die Nieren<\/li>\n<li>Trauma oder Stress<\/li>\n<li>Parasiten (Wurminfektion)<\/li>\n<\/ul>\n<p><strong>Behandlung:<\/strong> Eine n\u00e4here Untersuchung ist notwendig, um die Ursache des Problems zu finden. <u><a href=\"https:\/\/simicur.com\/de\/homeopathische-medicijnen\/gastricur-100-ml.html\">gastricur<\/a><\/u> kann jederzeit verabreicht werden, um die Magenfunktionen wieder herzustellen und die Symptome zu bek\u00e4mpfen. <u><a href=\"https:\/\/simicur.com\/de\/homeopathische-medicijnen\/stopcur-100-ml.html\">stopcur<\/a><\/u> wird eingesetzt, um den Durchfall auf nat\u00fcrliche Weise zu stoppen. Bei Magen- Darmbeschwerden gibt man am besten \u00fcber den Tag verteilt nur kleine Futterportionen.<\/p>\n<p>Geben Sie nur leicht verdauliches Futter mit wenig Fett (BioFlakes). Dies soll die Absorption der N\u00e4hrstoffe verbessern und das Risiko auf Erberechen und Durchfall verringern. <u><a href=\"https:\/\/simicur.com\/de\/homeopathische-medicijnen\/tranquicur-100-ml.html\">tranquicur<\/a><\/u> kann man verabreichen, damit das Tier sich w\u00e4hrend Stresssituationen ruhig verh\u00e4lt. Auch das regelm\u00e4\u00dfige Entwurmen ist von wesentlicher Bedeutung. Vermeiden Sie auf jeden Fall zu schnell und zuviel Antibiotika zu verabreichen und auch zu viele Ver\u00e4nderungen des Futters. Es ist meistens besser, den Hund oder die Katze einige Tage fasten zu lassen. Erst wenn Durchfall und Erbrechen einige Tage anhalten, muss man die Austrocknung ber\u00fccksichtigen. In diesem Fall ist eine Infusion erforderlich.<\/p>\n","protected":false},"excerpt":{"rendered":"<p>Die hom\u00f6opathische Behandlung einder Magen &#8211; Darmentz\u00fcndungen beim Hund Entz\u00fcndungen  [&#8230;]<\/p>\n","protected":false},"author":1,"featured_media":0,"parent":1061,"menu_order":0,"comment_status":"closed","ping_status":"closed","template":"","meta":{"footnotes":""},"class_list":["post-1109","page","type-page","status-publish","hentry"],"_links":{"self":[{"href":"https:\/\/simicur.com\/de\/wp-json\/wp\/v2\/pages\/1109","targetHints":{"allow":["GET"]}}],"collection":[{"href":"https:\/\/simicur.com\/de\/wp-json\/wp\/v2\/pages"}],"about":[{"href":"https:\/\/simicur.com\/de\/wp-json\/wp\/v2\/types\/page"}],"author":[{"embeddable":true,"href":"https:\/\/simicur.com\/de\/wp-json\/wp\/v2\/users\/1"}],"replies":[{"embeddable":true,"href":"https:\/\/simicur.com\/de\/wp-json\/wp\/v2\/comments?post=1109"}],"version-history":[{"count":1,"href":"https:\/\/simicur.com\/de\/wp-json\/wp\/v2\/pages\/1109\/revisions"}],"predecessor-version":[{"id":1110,"href":"https:\/\/simicur.com\/de\/wp-json\/wp\/v2\/pages\/1109\/revisions\/1110"}],"up":[{"embeddable":true,"href":"https:\/\/simicur.com\/de\/wp-json\/wp\/v2\/pages\/1061"}],"wp:attachment":[{"href":"https:\/\/simicur.com\/de\/wp-json\/wp\/v2\/media?parent=1109"}],"curies":[{"name":"wp","href":"https:\/\/api.w.org\/{rel}","templated":true}]}}