{"id":1113,"date":"2020-01-19T20:02:41","date_gmt":"2020-01-19T20:02:41","guid":{"rendered":"https:\/\/simicur.dalphes.com\/?page_id=1113"},"modified":"2020-01-19T20:02:41","modified_gmt":"2020-01-19T20:02:41","slug":"adepositas-fettleibigkeit","status":"publish","type":"page","link":"https:\/\/simicur.com\/de\/lexikon-erkrankungen-und-behandlungen\/erkrankungen-hunde\/adepositas-fettleibigkeit\/","title":{"rendered":"Adepositas, Fettleibigkeit"},"content":{"rendered":"<p><strong>Die hom\u00f6opathische Behandlung von Adepositas oder Fettleibigkeit beim Hund<\/strong><br \/>\nAdepositas oder Fettleibigkeit ist eine immer \u00f6fter vorkommende Erkrankung bei Hunden. Die Erkrankung wird \u00fcberwiegend durch zu viel Futter verursacht. In seltenen F\u00e4llen wird die Krankheit jedoch durch eine Schilddr\u00fcsenunterfunktion hervorgerufen: Eine Erkrankung, bei der die Schilddr\u00fcse zu wenig Hormone herstellt.<\/p>\n<p>Dicke Hunde sind weniger aktiv, schnell m\u00fcde und haben h\u00e4ufig Probleme mit den Gelenken und Knochen. Diabetes ist eine oft vorkommende Erkrankung bei Hunden, die durch Adepositas verursacht werden kann.<\/p>\n<p><strong>Behandlung: <\/strong> Die Behandlung von Adepositas besteht darin, die Energiezufuhr des Hundes einzuschr\u00e4nken. Das schafft man am besten durch die Verabreichung eines speziellen Di\u00e4tfutters, das besteht aus <u><a href=\"https:\/\/simicur.com\/de\/voeding-voor-de-hond\/senior-balance.html\">senior balance<\/a><\/u> und BioFlakes in Kombination mit <u><a href=\"https:\/\/simicur.com\/de\/kruiden-en-voedersupplementen\/digesticur.html\">digesticur<\/a><\/u>. Hiermit wird der Stoffwechsel angeregt und wenn der Hund parallel dazu mehr bewegt wird, wird das \u00dcbergewicht langsam abnehmen.<\/p>\n","protected":false},"excerpt":{"rendered":"<p>Die hom\u00f6opathische Behandlung von Adepositas oder Fettleibigkeit beim Hund Adepositas  [&#8230;]<\/p>\n","protected":false},"author":1,"featured_media":0,"parent":1061,"menu_order":0,"comment_status":"closed","ping_status":"closed","template":"","meta":{"footnotes":""},"class_list":["post-1113","page","type-page","status-publish","hentry"],"_links":{"self":[{"href":"https:\/\/simicur.com\/de\/wp-json\/wp\/v2\/pages\/1113","targetHints":{"allow":["GET"]}}],"collection":[{"href":"https:\/\/simicur.com\/de\/wp-json\/wp\/v2\/pages"}],"about":[{"href":"https:\/\/simicur.com\/de\/wp-json\/wp\/v2\/types\/page"}],"author":[{"embeddable":true,"href":"https:\/\/simicur.com\/de\/wp-json\/wp\/v2\/users\/1"}],"replies":[{"embeddable":true,"href":"https:\/\/simicur.com\/de\/wp-json\/wp\/v2\/comments?post=1113"}],"version-history":[{"count":1,"href":"https:\/\/simicur.com\/de\/wp-json\/wp\/v2\/pages\/1113\/revisions"}],"predecessor-version":[{"id":1114,"href":"https:\/\/simicur.com\/de\/wp-json\/wp\/v2\/pages\/1113\/revisions\/1114"}],"up":[{"embeddable":true,"href":"https:\/\/simicur.com\/de\/wp-json\/wp\/v2\/pages\/1061"}],"wp:attachment":[{"href":"https:\/\/simicur.com\/de\/wp-json\/wp\/v2\/media?parent=1113"}],"curies":[{"name":"wp","href":"https:\/\/api.w.org\/{rel}","templated":true}]}}