{"id":1115,"date":"2020-01-19T20:09:00","date_gmt":"2020-01-19T20:09:00","guid":{"rendered":"https:\/\/simicur.dalphes.com\/?page_id=1115"},"modified":"2020-01-19T20:09:00","modified_gmt":"2020-01-19T20:09:00","slug":"augenerkrankungen","status":"publish","type":"page","link":"https:\/\/simicur.com\/de\/lexikon-erkrankungen-und-behandlungen\/erkrankungen-hunde\/augenerkrankungen\/","title":{"rendered":"Augenerkrankungen"},"content":{"rendered":"<p><strong>Die hom\u00f6opathische Behandlung von Augenerkrankungen beim Hund<\/strong><br \/>\nAugenerkrankungen teilen sich nach Lage der Erkrankung im Auge:<\/p>\n<ul>\n<li><strong>Hornhaut: <\/strong>Meistens eine Sch\u00e4digung durch einen Zweig, Sto\u00df oder Haare. Diese Sch\u00e4den sind sehr schmerzhaft und lassen den Hund die Augen in Kombination mit einer Tr\u00e4nenflut zukneifen. Daneben kann eine Virusinfektion zu Kn\u00f6tchen auf der Hornhaut f\u00fchren. Die Hornhaut ist dann nicht glatt, sondern sieht gek\u00f6rnt aus.<\/li>\n<li><strong>Conjunctivitis:<\/strong> Entz\u00fcndung der Schleimhaut rund um das Auge, zumeist infolge einer bakteriellen Infektion. Die Ursache ist oft Schmutz im Auge und\/oder Zugluft. Auch hierbei kommt es zu Tr\u00e4nenfluten und das Auge ist h\u00e4ufig geschwollen.<\/li>\n<\/ul>\n<p><strong>Achtung:<\/strong> Ein Auge kann auch schmerzend sein und Tr\u00e4nen aufweisen, weist aber keine Symptome von Conjunctivitis auf. Dann ist nahezu immer eine Entz\u00fcndung in der Umgebung des Auges die Ursache, z.B. Kiefernh\u00f6hlenentz\u00fcndung.<\/p>\n<p><strong>Behandlung:<\/strong> Erkrankungen an der Au\u00dfenseite des Auges k\u00f6nnen hom\u00f6opathisch mit <u><a href=\"https:\/\/simicur.com\/de\/homeopathische-medicijnen\/corneacur-100-ml.html\">corneacur<\/a><\/u> (2-4 mal t\u00e4glich 30 Tropfen \u00fcber das Futter) behandelt werden. Die Regenbogenhautentz\u00fcndung muss im akuten Stadium konventionell behandelt werden und zur Nachbehandlung kann dann <u><a href=\"https:\/\/simicur.com\/de\/homeopathische-medicijnen\/corneacur-100-ml.html\">corneacur<\/a><\/u> verabreicht werden.<\/p>\n","protected":false},"excerpt":{"rendered":"<p>Die hom\u00f6opathische Behandlung von Augenerkrankungen beim Hund Augenerkrankungen teilen sich  [&#8230;]<\/p>\n","protected":false},"author":1,"featured_media":0,"parent":1061,"menu_order":0,"comment_status":"closed","ping_status":"closed","template":"","meta":{"footnotes":""},"class_list":["post-1115","page","type-page","status-publish","hentry"],"_links":{"self":[{"href":"https:\/\/simicur.com\/de\/wp-json\/wp\/v2\/pages\/1115","targetHints":{"allow":["GET"]}}],"collection":[{"href":"https:\/\/simicur.com\/de\/wp-json\/wp\/v2\/pages"}],"about":[{"href":"https:\/\/simicur.com\/de\/wp-json\/wp\/v2\/types\/page"}],"author":[{"embeddable":true,"href":"https:\/\/simicur.com\/de\/wp-json\/wp\/v2\/users\/1"}],"replies":[{"embeddable":true,"href":"https:\/\/simicur.com\/de\/wp-json\/wp\/v2\/comments?post=1115"}],"version-history":[{"count":1,"href":"https:\/\/simicur.com\/de\/wp-json\/wp\/v2\/pages\/1115\/revisions"}],"predecessor-version":[{"id":1116,"href":"https:\/\/simicur.com\/de\/wp-json\/wp\/v2\/pages\/1115\/revisions\/1116"}],"up":[{"embeddable":true,"href":"https:\/\/simicur.com\/de\/wp-json\/wp\/v2\/pages\/1061"}],"wp:attachment":[{"href":"https:\/\/simicur.com\/de\/wp-json\/wp\/v2\/media?parent=1115"}],"curies":[{"name":"wp","href":"https:\/\/api.w.org\/{rel}","templated":true}]}}