{"id":1119,"date":"2020-01-19T20:10:01","date_gmt":"2020-01-19T20:10:01","guid":{"rendered":"https:\/\/simicur.dalphes.com\/?page_id=1119"},"modified":"2020-01-19T20:10:01","modified_gmt":"2020-01-19T20:10:01","slug":"bauchspeicheldrueseninsuffizienz","status":"publish","type":"page","link":"https:\/\/simicur.com\/de\/lexikon-erkrankungen-und-behandlungen\/erkrankungen-hunde\/bauchspeicheldrueseninsuffizienz\/","title":{"rendered":"Bauchspeicheldr\u00fcseninsuffizienz"},"content":{"rendered":"<p><strong>Die hom\u00f6opathische Behandlung einer Bauchspeicheldr\u00fcseninsuffizienz beim Hund<\/strong><br \/>\nBauchspeicheldr\u00fcseninsuffizienz ist eine Erkrankung der Bauchspeicheldr\u00fcse Pankreas). Diese Dr\u00fcse scheidet Verdauungsenzyme in den D\u00fcnndarm ab, welche die Verdauung von Fetten, Eiwei\u00dfen und Zucker m\u00f6glich machen.<\/p>\n<p>Bei einer Bauchspeicheldr\u00fcseninsuffizienz haben die Zellen, die diese Enzyme herstellen ihre Funktion verloren, meistens durch Atrophie (R\u00fcckbildung mit Ausfall der Funktionen).<\/p>\n","protected":false},"excerpt":{"rendered":"<p>Die hom\u00f6opathische Behandlung einer Bauchspeicheldr\u00fcseninsuffizienz beim Hund Bauchspeicheldr\u00fcseninsuffizienz ist eine  [&#8230;]<\/p>\n","protected":false},"author":1,"featured_media":0,"parent":1061,"menu_order":0,"comment_status":"closed","ping_status":"closed","template":"","meta":{"footnotes":""},"class_list":["post-1119","page","type-page","status-publish","hentry"],"_links":{"self":[{"href":"https:\/\/simicur.com\/de\/wp-json\/wp\/v2\/pages\/1119","targetHints":{"allow":["GET"]}}],"collection":[{"href":"https:\/\/simicur.com\/de\/wp-json\/wp\/v2\/pages"}],"about":[{"href":"https:\/\/simicur.com\/de\/wp-json\/wp\/v2\/types\/page"}],"author":[{"embeddable":true,"href":"https:\/\/simicur.com\/de\/wp-json\/wp\/v2\/users\/1"}],"replies":[{"embeddable":true,"href":"https:\/\/simicur.com\/de\/wp-json\/wp\/v2\/comments?post=1119"}],"version-history":[{"count":1,"href":"https:\/\/simicur.com\/de\/wp-json\/wp\/v2\/pages\/1119\/revisions"}],"predecessor-version":[{"id":1120,"href":"https:\/\/simicur.com\/de\/wp-json\/wp\/v2\/pages\/1119\/revisions\/1120"}],"up":[{"embeddable":true,"href":"https:\/\/simicur.com\/de\/wp-json\/wp\/v2\/pages\/1061"}],"wp:attachment":[{"href":"https:\/\/simicur.com\/de\/wp-json\/wp\/v2\/media?parent=1119"}],"curies":[{"name":"wp","href":"https:\/\/api.w.org\/{rel}","templated":true}]}}