{"id":1131,"date":"2020-01-19T20:14:07","date_gmt":"2020-01-19T20:14:07","guid":{"rendered":"https:\/\/simicur.dalphes.com\/?page_id=1131"},"modified":"2020-01-19T20:14:07","modified_gmt":"2020-01-19T20:14:07","slug":"zecken","status":"publish","type":"page","link":"https:\/\/simicur.com\/de\/lexikon-erkrankungen-und-behandlungen\/erkrankungen-hunde\/zecken\/","title":{"rendered":"Zecken"},"content":{"rendered":"<p><strong>Die hom\u00f6opathische Behandlung von Zeckenanf\u00e4lligkeit beim Hund<\/strong><br \/>\nDie Zecke geh\u00f6rt zur Familie der Milben, sie ist nur gr\u00f6\u00dfer und hat eine lederartige Haut. Weibliche Zecken legen ihre Eier auf den Boden, in diesen wachsen innerhalb einiger Tage halbw\u00fcchsige Zecken heran. Diese brauchen zur Ern\u00e4hrung Blut und warten auf einen geeigneten Wirt, meistens im Gras oder im Geb\u00fcsch. Die Zecke l\u00e4sst sich auf den Hund (oder Katze) fallen und h\u00e4lt sich mit Hilfe von Widerhaken an ihren Beinen fest. Dort n\u00e4hrt sich die Zecke mit dem Blut des Wirtes und w\u00e4chst zu einer erwachsenen Zecke aus.<br \/>\n<strong><br \/>\nArten und Symptome:<\/strong><strong><br \/>\n<\/strong><\/p>\n<ul>\n<li><strong>Ixodes:<\/strong> Diese Zecke kommt in Deutschland \u00fcberwiegend vor und kann sich auch an den Menschen h\u00e4ngen. Zecken h\u00e4ngen sich lange fest und k\u00f6nnen dadurch viel Gift einspritzen. Bei einem Zeckenbiss k\u00f6nnen die verursachten Symptome variieren von einer leichten Reizung bis hin zur L\u00e4hmung. Die Zecke ist ein bekannter \u00dcbertr\u00e4ger der Lyme-Borreliose, wenn sie eine Borrelia-Bakterie mit sich tr\u00e4gt.<\/li>\n<li><strong>Rhipicephalus:<\/strong> Diese Zecke kommt \u00fcberwiegend im Ausland vor (vor allem Frankreich) und ist sehr gef\u00e4hrlich. Die Zecke kann f\u00fcr eine Infektion mit Piroplasmose sorgen. Diese Erkrankung wird durch einen Blutparasit verursacht, der den Abbau von Blut herbeif\u00fchrt. Der Urin ist br\u00e4unlich (H\u00e4moglobinurie).<\/li>\n<\/ul>\n<p><strong>Behandlung:<\/strong> Es ist sinnvoll, das Tier regelm\u00e4\u00dfig auf Zecken zu kontrollieren und besonders im Sommer an Waldr\u00e4ndern mit niedrigem Gestr\u00fcpp aufmerksam zu sein. Wenn man die Zecke so schnell wie m\u00f6glich entfernt (innerhalb von 24 Stunden) ist die M\u00f6glichkeit auf eine Infektion mit Bakterien gering. Man muss die Zecke so entfernen, dass der Kopf und die Beine nicht in der Haut des Wirtes zur\u00fcckbleiben. Wie man die Zecke entfernen kann, da sind die Meinungen verteilt. Vielfach wird empfohlen die Zecke erst mit Alkohol zu bet\u00e4uben, bevor man sie mit einer Pinzette entfernt. Aber der Stress kann auch daf\u00fcr sorgen, dass die Zecke noch zus\u00e4tzliches Gift in den Wirt spritzt. Am vern\u00fcnftigsten ist es, die Zecke mit einer speziellen Zeckenpinzette zu entfernen, eventuell durch einen Tierarzt. Nach der Entfernung ist es angebracht, f\u00fcr die Wunde ein desinfizierendes Mittel zu verwenden.<\/p>\n<p>Zur Vorbeugung sind verschiedene Fl\u00fcssigkeiten, Zeckenb\u00e4nder und sonstige Mittel m\u00f6glich.<\/p>\n<p>Durch die Beigabe von <u><a href=\"https:\/\/simicur.com\/de\/kruiden-en-voedersupplementen\/digesticur.html\">digesticur<\/a><\/u> an das Futter wird der Hund weniger anziehend f\u00fcr Zecken, das hei\u00dft, wenn der Hund <u><a href=\"https:\/\/simicur.com\/de\/kruiden-en-voedersupplementen\/digesticur.html\">digesticur<\/a><\/u> erh\u00e4lt, dann kommen Zecken nur noch sporadisch vor.<\/p>\n","protected":false},"excerpt":{"rendered":"<p>Die hom\u00f6opathische Behandlung von Zeckenanf\u00e4lligkeit beim Hund Die Zecke geh\u00f6rt  [&#8230;]<\/p>\n","protected":false},"author":1,"featured_media":0,"parent":1061,"menu_order":0,"comment_status":"closed","ping_status":"closed","template":"","meta":{"footnotes":""},"class_list":["post-1131","page","type-page","status-publish","hentry"],"_links":{"self":[{"href":"https:\/\/simicur.com\/de\/wp-json\/wp\/v2\/pages\/1131","targetHints":{"allow":["GET"]}}],"collection":[{"href":"https:\/\/simicur.com\/de\/wp-json\/wp\/v2\/pages"}],"about":[{"href":"https:\/\/simicur.com\/de\/wp-json\/wp\/v2\/types\/page"}],"author":[{"embeddable":true,"href":"https:\/\/simicur.com\/de\/wp-json\/wp\/v2\/users\/1"}],"replies":[{"embeddable":true,"href":"https:\/\/simicur.com\/de\/wp-json\/wp\/v2\/comments?post=1131"}],"version-history":[{"count":1,"href":"https:\/\/simicur.com\/de\/wp-json\/wp\/v2\/pages\/1131\/revisions"}],"predecessor-version":[{"id":1132,"href":"https:\/\/simicur.com\/de\/wp-json\/wp\/v2\/pages\/1131\/revisions\/1132"}],"up":[{"embeddable":true,"href":"https:\/\/simicur.com\/de\/wp-json\/wp\/v2\/pages\/1061"}],"wp:attachment":[{"href":"https:\/\/simicur.com\/de\/wp-json\/wp\/v2\/media?parent=1131"}],"curies":[{"name":"wp","href":"https:\/\/api.w.org\/{rel}","templated":true}]}}