{"id":1133,"date":"2020-01-19T20:14:38","date_gmt":"2020-01-19T20:14:38","guid":{"rendered":"https:\/\/simicur.dalphes.com\/?page_id=1133"},"modified":"2020-01-19T20:14:38","modified_gmt":"2020-01-19T20:14:38","slug":"harninkontinenz","status":"publish","type":"page","link":"https:\/\/simicur.com\/de\/lexikon-erkrankungen-und-behandlungen\/erkrankungen-hunde\/harninkontinenz\/","title":{"rendered":"Harninkontinenz"},"content":{"rendered":"<p><strong>Die hom\u00f6opathische Behandlung von Harninkontinenz beim Hund<\/strong><br \/>\nInkontinenz von Harn ist ein Symptom. Das bedeutet, dass der Urin nicht eingehalten werden kann. Die h\u00e4ufigsten Ursachen sind Probleme mit der Nervenfunktion der Blase (oft nach einer Verletzung des R\u00fcckenmarks durch einen Unfall) und Inkontinenz nach Sterilisation\/Kastration einer H\u00fcndin oder Kastration eines R\u00fcden. Bei alten Hunden sieht man oft Alters- oder Senile Inkontinenz. Eine Blasenentz\u00fcndung oder Blasensteine reizen die Blase, wodurch der Hund anfangen kann zu tr\u00f6pfeln. Sehr emotionale Hunde, vor allem junge Welpen, verlieren manchmal durch Aufregung die Kontrolle \u00fcber ihre Schlie\u00dfmuskeln, wodurch sie den Urin laufen lassen.<\/p>\n<ul>\n<li>Bei Harninkontinenz kann es sein, dass der Hund einfach alles laufen l\u00e4sst und gro\u00dfe Pf\u00fctzen hinterl\u00e4sst oder aber, dass er nur einige Tropfen verteilt.<\/li>\n<li>Inkontinenz nach Sterilisation kann Jahre nach der Operation das erste Mal auftreten und oft sieht man eine Pf\u00fctze, nachdem die H\u00fcndin gelegen hat.<\/li>\n<li>Bei Nervenverletzungen werden meistens auch andere Anzeichen von Ausfallsymptomen, wie zum Beispiel L\u00e4hmungen von Beinen und Rute vorhanden sein.<\/li>\n<\/ul>\n<p><strong>Behandlung:<\/strong> Inkontinenz infolge von Blasenproblemen kann hom\u00f6opathisch mit <u><a href=\"https:\/\/simicur.com\/de\/homeopathische-medicijnen\/urogenicur-100-ml.html\">urogenicur<\/a><\/u> behandelt werden.<\/p>\n<p>Sterilisierte H\u00fcndinnen die inkontinent geworden sind, werden mit <u><a href=\"https:\/\/simicur.com\/de\/homeopathische-medicijnen\/urogenicur-100-ml.html\">urogenicur<\/a><\/u> in Kombination mit <u><a href=\"https:\/\/simicur.com\/de\/homeopathische-medicijnen\/bronscur-100-ml.html\">bronscur<\/a><\/u> behandelt.<\/p>\n<p>Inkontinenz infolge einer Nervensch\u00e4digung wird mit <u><a href=\"https:\/\/simicur.com\/de\/homeopathische-medicijnen\/urogenicur-100-ml.html\">urogenicur<\/a><\/u> in Kombination mit <u><a href=\"https:\/\/simicur.com\/de\/homeopathische-medicijnen\/neuralcur-100-ml.html\">neuralcur<\/a><\/u> behandelt.<\/p>\n","protected":false},"excerpt":{"rendered":"<p>Die hom\u00f6opathische Behandlung von Harninkontinenz beim Hund Inkontinenz von Harn  [&#8230;]<\/p>\n","protected":false},"author":1,"featured_media":0,"parent":1061,"menu_order":0,"comment_status":"closed","ping_status":"closed","template":"","meta":{"footnotes":""},"class_list":["post-1133","page","type-page","status-publish","hentry"],"_links":{"self":[{"href":"https:\/\/simicur.com\/de\/wp-json\/wp\/v2\/pages\/1133","targetHints":{"allow":["GET"]}}],"collection":[{"href":"https:\/\/simicur.com\/de\/wp-json\/wp\/v2\/pages"}],"about":[{"href":"https:\/\/simicur.com\/de\/wp-json\/wp\/v2\/types\/page"}],"author":[{"embeddable":true,"href":"https:\/\/simicur.com\/de\/wp-json\/wp\/v2\/users\/1"}],"replies":[{"embeddable":true,"href":"https:\/\/simicur.com\/de\/wp-json\/wp\/v2\/comments?post=1133"}],"version-history":[{"count":1,"href":"https:\/\/simicur.com\/de\/wp-json\/wp\/v2\/pages\/1133\/revisions"}],"predecessor-version":[{"id":1134,"href":"https:\/\/simicur.com\/de\/wp-json\/wp\/v2\/pages\/1133\/revisions\/1134"}],"up":[{"embeddable":true,"href":"https:\/\/simicur.com\/de\/wp-json\/wp\/v2\/pages\/1061"}],"wp:attachment":[{"href":"https:\/\/simicur.com\/de\/wp-json\/wp\/v2\/media?parent=1133"}],"curies":[{"name":"wp","href":"https:\/\/api.w.org\/{rel}","templated":true}]}}