{"id":1135,"date":"2020-01-19T20:16:36","date_gmt":"2020-01-19T20:16:36","guid":{"rendered":"https:\/\/simicur.dalphes.com\/?page_id=1135"},"modified":"2020-01-19T20:16:36","modified_gmt":"2020-01-19T20:16:36","slug":"fell-kahlheit","status":"publish","type":"page","link":"https:\/\/simicur.com\/de\/lexikon-erkrankungen-und-behandlungen\/erkrankungen-hunde\/fell-kahlheit\/","title":{"rendered":"Fell, Kahlheit"},"content":{"rendered":"<p><strong>Die hom\u00f6opathische Behandlung von Fellproblemen und Kahlheit beim Hund<\/strong><br \/>\nBei Tieren, die ohne Juckreiz und einer unbesch\u00e4digten Haut kahl werden, wird vielfach keine Ursache gefunden. Dies sieht man durchg\u00e4ngig bei Bouviers, Schnauzern und Airdale Terriern. H\u00e4ufig aber auch H\u00fcndinnen und schwarzen Hunden. Die Kahlheit verschwindet bei diesen Hunden oft nach einigen Monaten und kann sp\u00e4ter wieder zur\u00fcckkehren.<\/p>\n<p>Die Kahlheit befindet sich vielfach symmetrisch auf den Lenden und auf der Bauchdecke. Die Begleiterscheinungen sind h\u00e4ufig, dass der Hund Probleme mit dem Hormonhaushalt der Geschlechtsorgane hat oder gehabt hat. Daneben kann Kahlheit auch auftreten bei einer tr\u00e4ge arbeitenden Schilddr\u00fcse (dann tritt die Kahlheit \u00fcberwiegend \u00fcber den ganzen K\u00f6rper verteilt auf) oder bei einer \u00fcberaktiven Nebenniere (Cushingsyndrom, wobei vor allem die Bauchdecke kahl wird und die Haut schwarz).<\/p>\n<p><strong>Behandlung:<\/strong> Die Behandlung muss sich nach den Begleiterscheinungen richten. Bei einem gest\u00f6rten Hormonhaushalt der Geschlechtshormone wird <u><a href=\"https:\/\/simicur.com\/de\/homeopathische-medicijnen\/bronscur-100-ml.html\">bronscur<\/a><\/u> verabreicht. Bei einer tr\u00e4ge arbeitenden Schilddr\u00fcse kann Seealgen in Kombination mit <u><a href=\"https:\/\/simicur.com\/de\/homeopathische-medicijnen\/anemiacur-100-ml.html\">anemiacur<\/a><\/u> gegeben werden und bei einer \u00fcberaktiven Nebenniere <u><a href=\"https:\/\/simicur.com\/de\/homeopathische-medicijnen\/urogenicur-100-ml.html\">urogenicur<\/a><\/u> mit <u><a href=\"https:\/\/simicur.com\/de\/kruiden-en-voedersupplementen\/digesticur.html\">digesticur<\/a><\/u>.<\/p>\n<p>In allen F\u00e4llen ist <u><a href=\"https:\/\/simicur.com\/de\/homeopathische-medicijnen\/dermacur-100-ml.html\">dermacur<\/a><\/u> als unterst\u00fctzendes Mittel zur Regulierung der Hautfunktion zu empfehlen.<\/p>\n<p><strong>Achtung:<\/strong> \u00dcberm\u00e4\u00dfiger Haarausfall infolge der Mauser kann mit einer Vitamin B Injektion (B6 und B12 = Medivitan) in Kombination mit <u><a href=\"https:\/\/simicur.com\/de\/kruiden-en-voedersupplementen\/digesticur.html\">digesticur<\/a><\/u> behandelt werden.<\/p>\n","protected":false},"excerpt":{"rendered":"<p>Die hom\u00f6opathische Behandlung von Fellproblemen und Kahlheit beim Hund Bei  [&#8230;]<\/p>\n","protected":false},"author":1,"featured_media":0,"parent":1061,"menu_order":0,"comment_status":"closed","ping_status":"closed","template":"","meta":{"footnotes":""},"class_list":["post-1135","page","type-page","status-publish","hentry"],"_links":{"self":[{"href":"https:\/\/simicur.com\/de\/wp-json\/wp\/v2\/pages\/1135","targetHints":{"allow":["GET"]}}],"collection":[{"href":"https:\/\/simicur.com\/de\/wp-json\/wp\/v2\/pages"}],"about":[{"href":"https:\/\/simicur.com\/de\/wp-json\/wp\/v2\/types\/page"}],"author":[{"embeddable":true,"href":"https:\/\/simicur.com\/de\/wp-json\/wp\/v2\/users\/1"}],"replies":[{"embeddable":true,"href":"https:\/\/simicur.com\/de\/wp-json\/wp\/v2\/comments?post=1135"}],"version-history":[{"count":1,"href":"https:\/\/simicur.com\/de\/wp-json\/wp\/v2\/pages\/1135\/revisions"}],"predecessor-version":[{"id":1136,"href":"https:\/\/simicur.com\/de\/wp-json\/wp\/v2\/pages\/1135\/revisions\/1136"}],"up":[{"embeddable":true,"href":"https:\/\/simicur.com\/de\/wp-json\/wp\/v2\/pages\/1061"}],"wp:attachment":[{"href":"https:\/\/simicur.com\/de\/wp-json\/wp\/v2\/media?parent=1135"}],"curies":[{"name":"wp","href":"https:\/\/api.w.org\/{rel}","templated":true}]}}