{"id":1137,"date":"2020-01-19T20:17:08","date_gmt":"2020-01-19T20:17:08","guid":{"rendered":"https:\/\/simicur.dalphes.com\/?page_id=1137"},"modified":"2020-01-19T20:17:08","modified_gmt":"2020-01-19T20:17:08","slug":"floehe-und-flohallergien","status":"publish","type":"page","link":"https:\/\/simicur.com\/de\/lexikon-erkrankungen-und-behandlungen\/erkrankungen-hunde\/floehe-und-flohallergien\/","title":{"rendered":"Fl\u00f6he und Flohallergien"},"content":{"rendered":"<p><strong>Die hom\u00f6opathische Behandlung von Flohallergie beim Hund<\/strong><br \/>\nDer Katzenfloh (Ctenocephalides felis) und der Hundefloh (C. canis) sind die am h\u00e4ufigsten vorkommenden Fl\u00f6he in und ringsum von H\u00e4usern. Sie kommen besonders h\u00e4ufig im Sommer vor und sie k\u00f6nnen sowohl Hunde, Katzen und andere Tiere, als auch den Menschen bewohnen.<br \/>\nEin weiblicher Floh kann w\u00e4hrend seines Lebens ein paar Hundert Eier legen. Die Eier werden direkt auf den Wirt gelegt oder auf dessen Schlafplatz. Von hier aus k\u00f6nnen sie auf den Boden gelangen, wo sie innerhalb von 10 Tagen ausschl\u00fcpfen. Die Entwicklung von der Larve zum erwachsenen Floh kann von 1 Woche bis zu einem Jahr dauern, abh\u00e4ngig von der Flohart und den Wetterbedingungen. Der erwachsene Floh kann aufs Neue auf den Wirt springen und von dort aus Eier auf den Boden fallen lassen. Erwachsene Fl\u00f6he sind kleine braun-schwarze Insekten mit einer L\u00e4nge von 1-4 Millimeter und sie n\u00e4hren sich vom Blut des Wirtes. Au\u00dfer den Fl\u00f6hen selbst, sind auch ihre Eier als kleine schwarze Punkte auf der Haut sichtbar.<\/p>\n<p>Fl\u00f6he kommen besonders auf der Rute und in der Leisten- oder Achselgegend vor, wo sie Juckreiz verursachen. Manche Tiere (und Menschen) k\u00f6nnen stark auf Flohbisse reagieren, wohingegen andere wenig Last damit haben. Bei einem Biss injiziert der Floh seinen Speichel und verursacht bei manchen Tieren eine Flohallergie: juckende Beulen, gefolgt von Hautausschlag (n\u00e4ssendes Ekzem) durch sekund\u00e4re Infektionen. Bei Katzen kann es zu einem krustigen Ekzem kommen, besonders auf dem Gebiet von R\u00fccken und Hals. Junge Tiere k\u00f6nnen bei einer Flohplage sogar Blutarmut bekommen. Au\u00dferdem sind Fl\u00f6he ein Zwischenwirt f\u00fcr Bandw\u00fcrmer (Dipylidium caninum).<\/p>\n<p><strong>Behandlung \/ Vorbeugung:<\/strong> Eine Flohbehandlung ist nicht nur allein f\u00fcr das Tier notwendig, sondern auch f\u00fcr die m\u00f6glicherweise infizierten Pl\u00e4tze. Sogar wenn sowohl das Tier, als auch seine Umgebung flohfrei ist, kann das Tier leicht wieder \u00fcber andere befallene Tiere und Pl\u00e4tze Fl\u00f6he bekommen. Darum ist es vern\u00fcnftig, die Umgebung des Tieres rein zu halten und das Tier regelm\u00e4\u00dfig zu entflohen. Es gibt verschiedene Flohmittel, unter anderem Tabletten, Puder, Sprays, Shampoos, Tropfen und Flohb\u00e4nder. Infizierte Materialien, wie z.B. Decken, m\u00fcssen bei einer hohen Temperatur gr\u00fcndlich gewaschen und die Umgebung mit Flohmittel behandelt werden.<br \/>\nHunde und Katzen, bei denen sich eine Flohallergie entwickelt hat, k\u00f6nnen mit <u><a href=\"https:\/\/simicur.com\/de\/homeopathische-medicijnen\/allergicur-100-ml.html\">allergicur<\/a><\/u> behandelt werden.<\/p>\n","protected":false},"excerpt":{"rendered":"<p>Die hom\u00f6opathische Behandlung von Flohallergie beim Hund Der Katzenfloh (Ctenocephalides  [&#8230;]<\/p>\n","protected":false},"author":1,"featured_media":0,"parent":1061,"menu_order":0,"comment_status":"closed","ping_status":"closed","template":"","meta":{"footnotes":""},"class_list":["post-1137","page","type-page","status-publish","hentry"],"_links":{"self":[{"href":"https:\/\/simicur.com\/de\/wp-json\/wp\/v2\/pages\/1137","targetHints":{"allow":["GET"]}}],"collection":[{"href":"https:\/\/simicur.com\/de\/wp-json\/wp\/v2\/pages"}],"about":[{"href":"https:\/\/simicur.com\/de\/wp-json\/wp\/v2\/types\/page"}],"author":[{"embeddable":true,"href":"https:\/\/simicur.com\/de\/wp-json\/wp\/v2\/users\/1"}],"replies":[{"embeddable":true,"href":"https:\/\/simicur.com\/de\/wp-json\/wp\/v2\/comments?post=1137"}],"version-history":[{"count":1,"href":"https:\/\/simicur.com\/de\/wp-json\/wp\/v2\/pages\/1137\/revisions"}],"predecessor-version":[{"id":1138,"href":"https:\/\/simicur.com\/de\/wp-json\/wp\/v2\/pages\/1137\/revisions\/1138"}],"up":[{"embeddable":true,"href":"https:\/\/simicur.com\/de\/wp-json\/wp\/v2\/pages\/1061"}],"wp:attachment":[{"href":"https:\/\/simicur.com\/de\/wp-json\/wp\/v2\/media?parent=1137"}],"curies":[{"name":"wp","href":"https:\/\/api.w.org\/{rel}","templated":true}]}}