{"id":1149,"date":"2020-01-19T20:23:34","date_gmt":"2020-01-19T20:23:34","guid":{"rendered":"https:\/\/simicur.dalphes.com\/?page_id=1149"},"modified":"2020-01-19T20:23:34","modified_gmt":"2020-01-19T20:23:34","slug":"blasengriess-blasensteinen","status":"publish","type":"page","link":"https:\/\/simicur.com\/de\/lexikon-erkrankungen-und-behandlungen\/erkrankungen-katze\/blasengriess-blasensteinen\/","title":{"rendered":"Blasengrie\u00df, Blasensteinen"},"content":{"rendered":"<p><strong>Die hom\u00f6opathische Behandlung von Blasengrie\u00df und Blasensteinen bei der Katze<\/strong><br \/>\nKatzen sind sehr anf\u00e4llig f\u00fcr Blasen- und Harnwegsprobleme, wobei Salze im Urin zu Kristallen auskristallisieren, die zu Blasensteinen und\/ oder Blasengries f\u00fchren k\u00f6nnen. Diese Erkrankungen werden unter dem Namen FUS oder Felines Urologisches Syndrom gesammelt. FUS f\u00fchrt zur Blasenentz\u00fcndung. Sowohl Katzen als auch Kater k\u00f6nnen Probleme bekommen, aber bei Kater \u2013 und dann vor allem bei kastrierten \u2013 besteht die Gefahr, dass Blasensteine die Harnwege verschlie\u00dfen.<\/p>\n<p>Katzen mit FUS weisen typische Symptome einer Blasenentz\u00fcndung auf: sie urinieren h\u00e4ufig und immer nur ein wenig. Oft ist auch Blut im Urin und die Katze pinkelt neben die Katzentoilette. M\u00e4nnliche Katzen lecken h\u00e4ufig am Penis. Sie haben offensichtlich Beschwerden und Schmerzen Urinabsatz oder sie probieren es, ohne dass etwas kommt und haben Bauchschmerzen durch die \u00fcberf\u00fcllte Blase. Katzen mit FUS haben oft Blasengrie\u00df oder \u2013Steine. Falls es zu einer Verstopfung der Harnwege kommt (haupts\u00e4chlich bei Kater) k\u00f6nnen schlimme Symptome auftreten, weil das Tier nicht mehr urinieren kann. Die Katze wird vor Schmerz jaulen unkontinuierlich versuchen Wasser zu lassen, ohne Erfolg. Eine Verstopfung der Harnleiter ist ein Notfall und kann verh\u00e4ngnisvoll sein!<\/p>\n<p>Die am h\u00e4ufigsten vorkommenden Kristalle sind Struvit (Magnesium-Ammonium-Phosphat), \u00fcberwiegend bei jungen Katzen. Eine erh\u00f6hte Salzkonzentration im Urin wird durch das Fressverhalten der Katze bestimmt (wie viel sie frisst und trinkt, was sie frisst und wie sie frisst). Das Fressverhalten bestimmt den S\u00e4uregrad des Urins, der wiederum entscheidend ist f\u00fcr das Entstehen von Kristallen.<\/p>\n<p>Eine zweite Sorte von Kristallen, die man \u00fcberwiegend bei \u00e4lteren Katzen sieht, ist aus Kalziumoxalat zusammengesetzt. Durch Bakterien kann Blasengrie\u00df zur Blasenentz\u00fcndung f\u00fchren. Umgekehrt f\u00fchrt eine Blasenentz\u00fcndung nicht zu Blasengrie\u00df.<\/p>\n<p><strong>Behandlung:<\/strong> Es ist von gro\u00dfer Bedeutung, dem Tier spezielles Futter mit extra Taurin (CatBalance) zu geben. Das Futter sollte dar\u00fcber hinaus leicht verdaulich sein. Das grenzt den Wasserverlust \u00fcber den Stuhlgang ein, so dass mehr Urin produziert wird. Weiter muss man daf\u00fcr sorgen, dass die Katze mehr trinkt, wenn n\u00f6tig muss das Futter angefeuchtet werden.<\/p>\n<p>Zur hom\u00f6opathischen Unterst\u00fctzung von Blasenproblemen wird <u><a href=\"https:\/\/simicur.com\/de\/homeopathische-medicijnen\/urogenicur-100-ml.html\">urogenicur<\/a><\/u> angewendet. Extra Vitamin C f\u00fchrt zu einer leichten \u00dcbers\u00e4uerung des Urins, wodurch die Kristallisation des Struvit nachl\u00e4sst.<\/p>\n","protected":false},"excerpt":{"rendered":"<p>Die hom\u00f6opathische Behandlung von Blasengrie\u00df und Blasensteinen bei der Katze  [&#8230;]<\/p>\n","protected":false},"author":1,"featured_media":0,"parent":1147,"menu_order":0,"comment_status":"closed","ping_status":"closed","template":"","meta":{"footnotes":""},"class_list":["post-1149","page","type-page","status-publish","hentry"],"_links":{"self":[{"href":"https:\/\/simicur.com\/de\/wp-json\/wp\/v2\/pages\/1149","targetHints":{"allow":["GET"]}}],"collection":[{"href":"https:\/\/simicur.com\/de\/wp-json\/wp\/v2\/pages"}],"about":[{"href":"https:\/\/simicur.com\/de\/wp-json\/wp\/v2\/types\/page"}],"author":[{"embeddable":true,"href":"https:\/\/simicur.com\/de\/wp-json\/wp\/v2\/users\/1"}],"replies":[{"embeddable":true,"href":"https:\/\/simicur.com\/de\/wp-json\/wp\/v2\/comments?post=1149"}],"version-history":[{"count":1,"href":"https:\/\/simicur.com\/de\/wp-json\/wp\/v2\/pages\/1149\/revisions"}],"predecessor-version":[{"id":1150,"href":"https:\/\/simicur.com\/de\/wp-json\/wp\/v2\/pages\/1149\/revisions\/1150"}],"up":[{"embeddable":true,"href":"https:\/\/simicur.com\/de\/wp-json\/wp\/v2\/pages\/1147"}],"wp:attachment":[{"href":"https:\/\/simicur.com\/de\/wp-json\/wp\/v2\/media?parent=1149"}],"curies":[{"name":"wp","href":"https:\/\/api.w.org\/{rel}","templated":true}]}}