{"id":1153,"date":"2020-01-19T20:24:37","date_gmt":"2020-01-19T20:24:37","guid":{"rendered":"https:\/\/simicur.dalphes.com\/?page_id=1153"},"modified":"2020-01-19T20:24:37","modified_gmt":"2020-01-19T20:24:37","slug":"bronchitis","status":"publish","type":"page","link":"https:\/\/simicur.com\/de\/lexikon-erkrankungen-und-behandlungen\/erkrankungen-katze\/bronchitis\/","title":{"rendered":"Bronchitis"},"content":{"rendered":"<p><strong>Die hom\u00f6opathische Behandlung von Bronchitis bei der Katze<\/strong><br \/>\nBronchitis ist eine Erkrankung der Atemwege oder Bronchien. Diese Erkrankung kann bei Katzen in jedem Alter auftreten und wird durch bakterielle Infektionen verursacht oder durch Chemikalien, Staub oder Rauch, die Schleimhautsch\u00e4den oder allergische Reaktionen verursachen k\u00f6nnen.<\/p>\n<p>Die Katze hat einen trockenen Husten, abwechselnd mit krampfartigen Hustenanf\u00e4llen. In schweren F\u00e4llen hat die Katze Atemnot, wobei sie durch das Maul atmen muss.<\/p>\n<p><strong>Behandlung:<\/strong> Eine chronische Bronchitis muss durch D\u00e4mpfe\/ Inhalation mit \u00e4therischen \u00d6len behandelt werden. Infolge des chronischen Verlaufs der Erkrankung muss das Tier \u00fcber einen l\u00e4ngeren Zeitraum inhaliert werden. Daneben bekommt die Katze <u><a href=\"https:\/\/simicur.com\/de\/homeopathische-medicijnen\/glandulacur-100-ml.html\">glandulacur<\/a><\/u> und <u><a href=\"https:\/\/simicur.com\/de\/homeopathische-medicijnen\/hoestcur-100-ml.html\">hoestcur<\/a><\/u>.<\/p>\n<p><strong>Achtung:<\/strong> Asthma oder allergische Bronchitis ist eine allergische Erkrankung der Atemwege. Wenn eine asthmatische Katze mit einem Allergen in Kontakt kommt, reagieren die kleinen Atemwege allergisch und ziehen sich zusammen. H\u00e4ufig vorkommende Allergene sind Staub, Pollen, Rauch, Zigarettenrauch und Sprays, wie zum Beispiel Parfum oder Flohspray. Auch Stress kann einen Asthmaanfall ausl\u00f6sen.<\/p>\n<p>Bei einer Katze mit Asthma ziehen sich die kleinen Atemwege zusammen, wodurch die Katze Schwierigkeiten mit dem Einatmen bekommt. Die Katze kann einen pfeifend atmen und wird mit weit ge\u00f6ffneten Nasenl\u00f6chern oder mit offenem Maul atmen, mit dem Kopf nach unten und in sitzender Position. Asthma kommt in Anf\u00e4llen. Zwischen den Anf\u00e4llen sieht die Katze vollkommen normal aus. Husten kommt bei Katzen mit Asthma auch h\u00e4ufig vor.<\/p>\n<p>Bei allergischer Bronchitis wird neben <u><a href=\"https:\/\/simicur.com\/de\/homeopathische-medicijnen\/hoestcur-100-ml.html\">hoestcur<\/a><\/u> auch <u><a href=\"https:\/\/simicur.com\/de\/homeopathische-medicijnen\/allergicur-100-ml.html\">allergicur<\/a><\/u> verabreicht.<\/p>\n","protected":false},"excerpt":{"rendered":"<p>Die hom\u00f6opathische Behandlung von Bronchitis bei der Katze Bronchitis ist  [&#8230;]<\/p>\n","protected":false},"author":1,"featured_media":0,"parent":1147,"menu_order":0,"comment_status":"closed","ping_status":"closed","template":"","meta":{"footnotes":""},"class_list":["post-1153","page","type-page","status-publish","hentry"],"_links":{"self":[{"href":"https:\/\/simicur.com\/de\/wp-json\/wp\/v2\/pages\/1153","targetHints":{"allow":["GET"]}}],"collection":[{"href":"https:\/\/simicur.com\/de\/wp-json\/wp\/v2\/pages"}],"about":[{"href":"https:\/\/simicur.com\/de\/wp-json\/wp\/v2\/types\/page"}],"author":[{"embeddable":true,"href":"https:\/\/simicur.com\/de\/wp-json\/wp\/v2\/users\/1"}],"replies":[{"embeddable":true,"href":"https:\/\/simicur.com\/de\/wp-json\/wp\/v2\/comments?post=1153"}],"version-history":[{"count":1,"href":"https:\/\/simicur.com\/de\/wp-json\/wp\/v2\/pages\/1153\/revisions"}],"predecessor-version":[{"id":1154,"href":"https:\/\/simicur.com\/de\/wp-json\/wp\/v2\/pages\/1153\/revisions\/1154"}],"up":[{"embeddable":true,"href":"https:\/\/simicur.com\/de\/wp-json\/wp\/v2\/pages\/1147"}],"wp:attachment":[{"href":"https:\/\/simicur.com\/de\/wp-json\/wp\/v2\/media?parent=1153"}],"curies":[{"name":"wp","href":"https:\/\/api.w.org\/{rel}","templated":true}]}}