{"id":1155,"date":"2020-01-19T20:25:06","date_gmt":"2020-01-19T20:25:06","guid":{"rendered":"https:\/\/simicur.dalphes.com\/?page_id=1155"},"modified":"2020-01-19T20:25:06","modified_gmt":"2020-01-19T20:25:06","slug":"dermatitis-hautentzuendungen","status":"publish","type":"page","link":"https:\/\/simicur.com\/de\/lexikon-erkrankungen-und-behandlungen\/erkrankungen-katze\/dermatitis-hautentzuendungen\/","title":{"rendered":"Dermatitis, Hautentz\u00fcndungen"},"content":{"rendered":"<p><strong>Die hom\u00f6opathische Behandlung von Dermatitis \/ Hautentz\u00fcndungen bei der Katze<\/strong><br \/>\nDermatitis ist eine allergische Erkrankung der Katzenhaut, bei der sich viele Krusten bilden. Die Katze hat Juckreiz, zuckt mit der Haut, leckt und kratzt sich oft, ist ruhelos und eventuell aggressiv, wenn man sie hochnimmt. Die Entz\u00fcndungsreaktionen sind meistens Folge einer allergischen Reaktion auf Fl\u00f6he und Nahrung. Aber auch Milben und Schimmel k\u00f6nnen diese Hautentz\u00fcndung verursachen.<\/p>\n<p><strong>Behandlung:<\/strong> Die hom\u00f6opathische Behandlung der Hautentz\u00fcndung erfolgt mit <u><a href=\"https:\/\/simicur.com\/de\/homeopathische-medicijnen\/dermacur-100-ml.html\">dermacur<\/a><\/u>. Abh\u00e4ngig von der Ursache wird daneben <u><a href=\"https:\/\/simicur.com\/de\/homeopathische-medicijnen\/allergicur-100-ml.html\">allergicur<\/a><\/u> verabreicht. Vielfach hat die Katze parallel leichte Leberprobleme, so dass es sinnvoll ist, auch <u><a href=\"https:\/\/simicur.com\/de\/homeopathische-medicijnen\/hepacur-100-ml.html\">hepacur<\/a><\/u> zu verabreichen.<\/p>\n","protected":false},"excerpt":{"rendered":"<p>Die hom\u00f6opathische Behandlung von Dermatitis \/ Hautentz\u00fcndungen bei der Katze  [&#8230;]<\/p>\n","protected":false},"author":1,"featured_media":0,"parent":1147,"menu_order":0,"comment_status":"closed","ping_status":"closed","template":"","meta":{"footnotes":""},"class_list":["post-1155","page","type-page","status-publish","hentry"],"_links":{"self":[{"href":"https:\/\/simicur.com\/de\/wp-json\/wp\/v2\/pages\/1155","targetHints":{"allow":["GET"]}}],"collection":[{"href":"https:\/\/simicur.com\/de\/wp-json\/wp\/v2\/pages"}],"about":[{"href":"https:\/\/simicur.com\/de\/wp-json\/wp\/v2\/types\/page"}],"author":[{"embeddable":true,"href":"https:\/\/simicur.com\/de\/wp-json\/wp\/v2\/users\/1"}],"replies":[{"embeddable":true,"href":"https:\/\/simicur.com\/de\/wp-json\/wp\/v2\/comments?post=1155"}],"version-history":[{"count":1,"href":"https:\/\/simicur.com\/de\/wp-json\/wp\/v2\/pages\/1155\/revisions"}],"predecessor-version":[{"id":1156,"href":"https:\/\/simicur.com\/de\/wp-json\/wp\/v2\/pages\/1155\/revisions\/1156"}],"up":[{"embeddable":true,"href":"https:\/\/simicur.com\/de\/wp-json\/wp\/v2\/pages\/1147"}],"wp:attachment":[{"href":"https:\/\/simicur.com\/de\/wp-json\/wp\/v2\/media?parent=1155"}],"curies":[{"name":"wp","href":"https:\/\/api.w.org\/{rel}","templated":true}]}}