{"id":1161,"date":"2020-01-19T20:26:26","date_gmt":"2020-01-19T20:26:26","guid":{"rendered":"https:\/\/simicur.dalphes.com\/?page_id=1161"},"modified":"2020-01-19T20:26:26","modified_gmt":"2020-01-19T20:26:26","slug":"gelenkentzuendungen-arthritis-arthrose","status":"publish","type":"page","link":"https:\/\/simicur.com\/de\/lexikon-erkrankungen-und-behandlungen\/erkrankungen-katze\/gelenkentzuendungen-arthritis-arthrose\/","title":{"rendered":"Gelenkentz\u00fcndungen (Arthritis, Arthrose)"},"content":{"rendered":"<p><strong>Die hom\u00f6opathische Behandlung von Gelenkentz\u00fcndungen (Arthritis, Arthrose) bei der Katze<\/strong><br \/>\nVor allem bei \u00e4lteren Katzen kommt es zu Gelenkproblemen (Arthritis, Arthrose). Arthritis greift die Gelenke an und f\u00fchrt zu geschwollenen und warmen Gelenken und zu Schmerzen, so dass das Gelenk nicht mehr belastet wird und nicht mehr angefasst werden kann.<\/p>\n<p>Gelenkprobleme k\u00f6nnen durch Verstauchen (traumatische Arthritis) entstehen, wobei ein Riss im Gewebe oder eine Zerrung des Gewebes und der B\u00e4nder in und um das Gelenk auftritt, zum Beispiel durch falsches Aufkommen bei einem Sturz. Als Folge eines Gelenkdefektes kann Osteoarthritis entstehen, insbesondere bei \u00e4lteren Katzen an Schulter und Ellenbogen. Die Ursache ist meistens ein wiederholtes Auftreten einer Zerrung oder das herausrutschen von Gelenken aus der Pfanne oder Br\u00fcche aus der Vergangenheit. Die eintretende Lahmheit oder Steifheit wird am Anfang leicht sein und nur von Zeit zu Zeit auftreten, aber sp\u00e4ter immer schlimmer werden. Das Gelenk wird sich verformen und dick werden.<\/p>\n<p><strong>Behandlung:<\/strong> Die Behandlung von Gelenkerkrankungen hat das Ziel, die Schmerzen zu lindern und die Gelenkfunktionen zu erhalten, so dass das Tier wieder so gut wie normal funktioniert. Die Kombination von <u><a href=\"https:\/\/simicur.com\/de\/homeopathische-medicijnen\/osteocur-100-ml.html\">osteocur<\/a><\/u> mit <u><a href=\"https:\/\/simicur.com\/de\/homeopathische-medicijnen\/arthricur-100-ml.html\">arthricur<\/a><\/u> sorgt f\u00fcr eine bessere Durchblutung und eine abklingende Entz\u00fcndung des Gelenkes und der umliegenden Gewebe. <u><a href=\"https:\/\/simicur.com\/de\/kruiden-en-voedersupplementen\/teufelskralle-500gr.html\">teufelskralle<\/a><\/u> wirkt als nat\u00fcrlicher Schmerzstiller bei Knochen- und Gelenkproblemen, ohne die Nebenwirkungen, welche Kortikosteroide haben. Zus\u00e4tzlich ist es wichtig die Bewegung einzuschr\u00e4nken, um eine \u00fcberm\u00e4\u00dfige Belastung der betreffenden Gelenke zu verhindern. Gutes Futter ist notwendig um \u00dcbergewicht zu vermeiden. Es ist ballaststoffreich und enth\u00e4lt nicht zu viele Kalorien.<\/p>\n","protected":false},"excerpt":{"rendered":"<p>Die hom\u00f6opathische Behandlung von Gelenkentz\u00fcndungen (Arthritis, Arthrose) bei der Katze  [&#8230;]<\/p>\n","protected":false},"author":1,"featured_media":0,"parent":1147,"menu_order":0,"comment_status":"closed","ping_status":"closed","template":"","meta":{"footnotes":""},"class_list":["post-1161","page","type-page","status-publish","hentry"],"_links":{"self":[{"href":"https:\/\/simicur.com\/de\/wp-json\/wp\/v2\/pages\/1161","targetHints":{"allow":["GET"]}}],"collection":[{"href":"https:\/\/simicur.com\/de\/wp-json\/wp\/v2\/pages"}],"about":[{"href":"https:\/\/simicur.com\/de\/wp-json\/wp\/v2\/types\/page"}],"author":[{"embeddable":true,"href":"https:\/\/simicur.com\/de\/wp-json\/wp\/v2\/users\/1"}],"replies":[{"embeddable":true,"href":"https:\/\/simicur.com\/de\/wp-json\/wp\/v2\/comments?post=1161"}],"version-history":[{"count":1,"href":"https:\/\/simicur.com\/de\/wp-json\/wp\/v2\/pages\/1161\/revisions"}],"predecessor-version":[{"id":1162,"href":"https:\/\/simicur.com\/de\/wp-json\/wp\/v2\/pages\/1161\/revisions\/1162"}],"up":[{"embeddable":true,"href":"https:\/\/simicur.com\/de\/wp-json\/wp\/v2\/pages\/1147"}],"wp:attachment":[{"href":"https:\/\/simicur.com\/de\/wp-json\/wp\/v2\/media?parent=1161"}],"curies":[{"name":"wp","href":"https:\/\/api.w.org\/{rel}","templated":true}]}}