{"id":1163,"date":"2020-01-19T20:26:53","date_gmt":"2020-01-19T20:26:53","guid":{"rendered":"https:\/\/simicur.dalphes.com\/?page_id=1163"},"modified":"2020-01-19T20:26:53","modified_gmt":"2020-01-19T20:26:53","slug":"haarballen-und-verstopfungen","status":"publish","type":"page","link":"https:\/\/simicur.com\/de\/lexikon-erkrankungen-und-behandlungen\/erkrankungen-katze\/haarballen-und-verstopfungen\/","title":{"rendered":"Haarballen und Verstopfungen"},"content":{"rendered":"<p><strong>Die hom\u00f6opathische Behandlung von Haarballen und Verstopfungen bei der Katze<\/strong><br \/>\nJedes Mal wenn sie sich waschen, schlucken Katzen ihre eigenen Haare hinunter. Diese Haare kn\u00e4ueln sich im Magen zusammen und k\u00f6nnen nicht verdaut werden. Nach einigen Wochen oder Monaten wird die Katze diese Haarballen ausbrechen. Das Ausbrechen von Haarballen ist eine normale Erscheinung und kommt bei jeder Katze schon einmal vor. Vor allem langhaarige Katzen haben Last mit Haarballen.<\/p>\n<p>Die Gefahr von Haarballen besteht darin, dass sie Verstopfungen verursachen k\u00f6nnen, wenn sie den Magen in Richtung D\u00fcnndarm verlassen. Das ist selten, die Katze kann dabei \u00fcberm\u00e4\u00dfig sabbern, w\u00fcrgen oder sich \u00fcbergeben, appetitlos sein, abmagern und schwach werden. Gelegentlich hat die Katze dann auch einen dicken Bauch.<\/p>\n<p><strong>Behandlung:<\/strong> Meistens ist eine Behandlung nicht notwendig, au\u00dfer wenn es zu einer Verstopfung kommt. An erster Stelle kann durch Lasertherapie die Arbeit der D\u00e4rme angeregt werden, das in Kombination mit <u><a href=\"https:\/\/simicur.com\/de\/homeopathische-medicijnen\/gastricur-100-ml.html\">gastricur<\/a><\/u>.<\/p>\n","protected":false},"excerpt":{"rendered":"<p>Die hom\u00f6opathische Behandlung von Haarballen und Verstopfungen bei der Katze  [&#8230;]<\/p>\n","protected":false},"author":1,"featured_media":0,"parent":1147,"menu_order":0,"comment_status":"closed","ping_status":"closed","template":"","meta":{"footnotes":""},"class_list":["post-1163","page","type-page","status-publish","hentry"],"_links":{"self":[{"href":"https:\/\/simicur.com\/de\/wp-json\/wp\/v2\/pages\/1163","targetHints":{"allow":["GET"]}}],"collection":[{"href":"https:\/\/simicur.com\/de\/wp-json\/wp\/v2\/pages"}],"about":[{"href":"https:\/\/simicur.com\/de\/wp-json\/wp\/v2\/types\/page"}],"author":[{"embeddable":true,"href":"https:\/\/simicur.com\/de\/wp-json\/wp\/v2\/users\/1"}],"replies":[{"embeddable":true,"href":"https:\/\/simicur.com\/de\/wp-json\/wp\/v2\/comments?post=1163"}],"version-history":[{"count":1,"href":"https:\/\/simicur.com\/de\/wp-json\/wp\/v2\/pages\/1163\/revisions"}],"predecessor-version":[{"id":1164,"href":"https:\/\/simicur.com\/de\/wp-json\/wp\/v2\/pages\/1163\/revisions\/1164"}],"up":[{"embeddable":true,"href":"https:\/\/simicur.com\/de\/wp-json\/wp\/v2\/pages\/1147"}],"wp:attachment":[{"href":"https:\/\/simicur.com\/de\/wp-json\/wp\/v2\/media?parent=1163"}],"curies":[{"name":"wp","href":"https:\/\/api.w.org\/{rel}","templated":true}]}}