{"id":1165,"date":"2020-01-19T20:27:18","date_gmt":"2020-01-19T20:27:18","guid":{"rendered":"https:\/\/simicur.dalphes.com\/?page_id=1165"},"modified":"2020-01-19T20:27:18","modified_gmt":"2020-01-19T20:27:18","slug":"leberprobleme","status":"publish","type":"page","link":"https:\/\/simicur.com\/de\/lexikon-erkrankungen-und-behandlungen\/erkrankungen-katze\/leberprobleme\/","title":{"rendered":"Leberprobleme"},"content":{"rendered":"<p><strong>Die hom\u00f6opathische Behandlung von Leberproblemen bei der Katze<\/strong><br \/>\nDie Leber hat eine sehr wichtige Funktion f\u00fcr den K\u00f6rper. Sie sorgt f\u00fcr die Produktion der meisten Bluteiwei\u00dfe, setzt die Abfallprodukte der Eiwei\u00dfverdauung in Stoffe um, die anschlie\u00dfend entsorgt werden k\u00f6nnen, verarbeitet und schlie\u00dft Kohlenhydrate und Fette auf, sorgt f\u00fcr die Blutreinigung und produziert Galle f\u00fcr die Fettverdauung. Wenn die Leber erkrankt ist, dann sind die Symptome h\u00e4ufig vage, obwohl die Katze sehr krank ist. Die Katze ist zun\u00e4chst sehr matt (schnell m\u00fcde), hat eine verminderte Fresslust oder will \u00fcberhaupt nicht fressen und verliert dadurch Gewicht. Nebenher wird die Katze oft brechen und einen d\u00fcnnen Stuhlgang haben. In schweren F\u00e4llen werden die Schleimh\u00e4ute gelb (Gelbsucht) und der Bauch dick.<\/p>\n<p>Lebererkrankungen, die bei der Katze auftreten, sind Fettanh\u00e4ufungen in der Leber infolge von \u00dcbergewicht oder Aushungerung, bakterielle Entz\u00fcndung der Gallenwege, Vergiftung, beispielsweise durch Aspirin, wobei die Leber pl\u00f6tzlich ihre Funktion einstellt und Tumore und angeborene Defekte Gijsbert? Es fehlt im niederl\u00e4ndischen Text das Satzende.<\/p>\n<p><strong>Behandlung:<\/strong> Hom\u00f6opathisch kann die Katze zun\u00e4chst mit <u><a href=\"https:\/\/simicur.com\/de\/homeopathische-medicijnen\/hepacur-100-ml.html\">hepacur<\/a><\/u> behandelt werden und parallel dazu mit einer leicht verdaulichen Di\u00e4t (BioFlakes).<\/p>\n","protected":false},"excerpt":{"rendered":"<p>Die hom\u00f6opathische Behandlung von Leberproblemen bei der Katze Die Leber  [&#8230;]<\/p>\n","protected":false},"author":1,"featured_media":0,"parent":1147,"menu_order":0,"comment_status":"closed","ping_status":"closed","template":"","meta":{"footnotes":""},"class_list":["post-1165","page","type-page","status-publish","hentry"],"_links":{"self":[{"href":"https:\/\/simicur.com\/de\/wp-json\/wp\/v2\/pages\/1165","targetHints":{"allow":["GET"]}}],"collection":[{"href":"https:\/\/simicur.com\/de\/wp-json\/wp\/v2\/pages"}],"about":[{"href":"https:\/\/simicur.com\/de\/wp-json\/wp\/v2\/types\/page"}],"author":[{"embeddable":true,"href":"https:\/\/simicur.com\/de\/wp-json\/wp\/v2\/users\/1"}],"replies":[{"embeddable":true,"href":"https:\/\/simicur.com\/de\/wp-json\/wp\/v2\/comments?post=1165"}],"version-history":[{"count":1,"href":"https:\/\/simicur.com\/de\/wp-json\/wp\/v2\/pages\/1165\/revisions"}],"predecessor-version":[{"id":1166,"href":"https:\/\/simicur.com\/de\/wp-json\/wp\/v2\/pages\/1165\/revisions\/1166"}],"up":[{"embeddable":true,"href":"https:\/\/simicur.com\/de\/wp-json\/wp\/v2\/pages\/1147"}],"wp:attachment":[{"href":"https:\/\/simicur.com\/de\/wp-json\/wp\/v2\/media?parent=1165"}],"curies":[{"name":"wp","href":"https:\/\/api.w.org\/{rel}","templated":true}]}}