{"id":1167,"date":"2020-01-19T20:27:48","date_gmt":"2020-01-19T20:27:48","guid":{"rendered":"https:\/\/simicur.dalphes.com\/?page_id=1167"},"modified":"2020-01-19T20:27:48","modified_gmt":"2020-01-19T20:27:48","slug":"magen-und-darmentzuendungen","status":"publish","type":"page","link":"https:\/\/simicur.com\/de\/lexikon-erkrankungen-und-behandlungen\/erkrankungen-katze\/magen-und-darmentzuendungen\/","title":{"rendered":"Magen und Darmentz\u00fcndungen"},"content":{"rendered":"<p><strong>Die hom\u00f6opathische Behandlung von Magen- Darmentz\u00fcndungen bei der Katze<\/strong><br \/>\nEntz\u00fcndungen von Magen und D\u00e4rmen werden oft mit unterschiedlichen Ausdr\u00fccken bezeichnet, darunter Gastritis, Enteritis oder Colitis, abh\u00e4ngig vom angegriffenen Bereich (Magen, D\u00fcnn- oder Dickdarm). Erbrechen und Durchfall sind die h\u00e4ufigsten Merkmale, aber das Tier kann auch Anzeichen von Verstopfung, Depression, Appetitlosigkeit und Gewichtsverlust aufweisen.<\/p>\n<p><strong>Ursachen: Abnormale (Immunit\u00e4t) Reaktionen der Darmwand<\/strong><\/p>\n<ul>\n<li>Bakterielle oder virale Infektion<\/li>\n<li>Schlechtes Futter oder eine pl\u00f6tzliche Ver\u00e4nderung des Futters<\/li>\n<li>Vergiftung<\/li>\n<li>Erkrankungen anderer Organe, wie die Nieren<\/li>\n<li>Trauma oder Stress<\/li>\n<li>Parasiten (Wurminfektion)<\/li>\n<li>Haarballen<\/li>\n<\/ul>\n<p><strong>Behandlung:<\/strong> N\u00e4here Untersuchungen sind n\u00f6tig, um die Ursache des Problems zu finden. <u><a href=\"https:\/\/simicur.com\/de\/homeopathische-medicijnen\/gastricur-100-ml.html\">gastricur<\/a><\/u> kann jederzeit verabreicht werden, um die Magenfunktion wieder herzustellen und die Symptome zu bek\u00e4mpfen. <u><a href=\"https:\/\/simicur.com\/de\/homeopathische-medicijnen\/stopcur-100-ml.html\">stopcur<\/a><\/u> kann eingesetzt werden, um den Durchfall auf nat\u00fcrliche Weise zu stoppen. Bei Magen-Darmbeschwerden verabreicht man am besten kleine Portionen Futter \u00fcber den Tag verteilt. Man sollte leicht verdauliches Futter mit wenig Fett geben (BioFlakes). Das wird die Absorption von Futterstoffen verbessern und das Risiko von Erbrechen und Durchfall verringern. <u><a href=\"https:\/\/simicur.com\/de\/homeopathische-medicijnen\/tranquicur-100-ml.html\">tranquicur<\/a><\/u> kann verabreicht werden, um das Tier w\u00e4hrend Stresssituationen ruhig zu halten. Regelm\u00e4\u00dfiges Entwurmen ist auch von wesentlicher Bedeutung. In jedem Fall sollte man eine zu schnelle Gabe von Antibiotika, zuviel Antibiotika und zuviel Ver\u00e4nderungen des Futters vermeiden. Es ist meistens besser, den Hund oder die Katze einige Tage fasten zu lassen. Erst wenn Durchfall und Erbrechen einige Tage anhalten, muss man die Austrocknung ber\u00fccksichtigen. In diesem Fall ist eine Infusion erforderlich.<\/p>\n","protected":false},"excerpt":{"rendered":"<p>Die hom\u00f6opathische Behandlung von Magen- Darmentz\u00fcndungen bei der Katze Entz\u00fcndungen  [&#8230;]<\/p>\n","protected":false},"author":1,"featured_media":0,"parent":1147,"menu_order":0,"comment_status":"closed","ping_status":"closed","template":"","meta":{"footnotes":""},"class_list":["post-1167","page","type-page","status-publish","hentry"],"_links":{"self":[{"href":"https:\/\/simicur.com\/de\/wp-json\/wp\/v2\/pages\/1167","targetHints":{"allow":["GET"]}}],"collection":[{"href":"https:\/\/simicur.com\/de\/wp-json\/wp\/v2\/pages"}],"about":[{"href":"https:\/\/simicur.com\/de\/wp-json\/wp\/v2\/types\/page"}],"author":[{"embeddable":true,"href":"https:\/\/simicur.com\/de\/wp-json\/wp\/v2\/users\/1"}],"replies":[{"embeddable":true,"href":"https:\/\/simicur.com\/de\/wp-json\/wp\/v2\/comments?post=1167"}],"version-history":[{"count":1,"href":"https:\/\/simicur.com\/de\/wp-json\/wp\/v2\/pages\/1167\/revisions"}],"predecessor-version":[{"id":1168,"href":"https:\/\/simicur.com\/de\/wp-json\/wp\/v2\/pages\/1167\/revisions\/1168"}],"up":[{"embeddable":true,"href":"https:\/\/simicur.com\/de\/wp-json\/wp\/v2\/pages\/1147"}],"wp:attachment":[{"href":"https:\/\/simicur.com\/de\/wp-json\/wp\/v2\/media?parent=1167"}],"curies":[{"name":"wp","href":"https:\/\/api.w.org\/{rel}","templated":true}]}}