{"id":1171,"date":"2020-01-19T20:29:42","date_gmt":"2020-01-19T20:29:42","guid":{"rendered":"https:\/\/simicur.dalphes.com\/?page_id=1171"},"modified":"2020-01-19T20:29:42","modified_gmt":"2020-01-19T20:29:42","slug":"katzenschnupfen","status":"publish","type":"page","link":"https:\/\/simicur.com\/de\/lexikon-erkrankungen-und-behandlungen\/erkrankungen-katze\/katzenschnupfen\/","title":{"rendered":"Katzenschnupfen"},"content":{"rendered":"<p><strong>Die hom\u00f6opathische Behandlung von Katzenschnupfen<\/strong><br \/>\nKatzenschnupfen ist die am h\u00e4ufigsten vorkommende infekti\u00f6se Erkrankung bei Katzen. Er wird durch eine ganze Reihe von Bakterien und Viren verursacht, die wichtigsten sind das Calicivirus, das Herpesvirus und die Chlamydia-Bakterien. Katzenschnupfen ist \u00e4u\u00dferst ansteckend und wo mehrere Katzen zusammen sitzen, k\u00f6nnen regelrechte Epidemien ausbrechen, wobei die Katzen viel niesen. Niesen kommt jedoch nicht bei allen Tieren vor. Typischerweise kommt die Krankheit bei jungen Katzen vor, die Tiere k\u00f6nnen aber in jedem Alter Katzenschnupfen bekommen. Zusammen mit dem Niesen treten w\u00e4ssriger oder eitriger Ausfluss aus Augen und Nase aus. Die Augen k\u00f6nnen durch den Eiter vollst\u00e4ndig zukleben. In schweren F\u00e4llen kann es zu Fieber und Lungenentz\u00fcndung kommen.<\/p>\n<p>Die Ausl\u00f6ser k\u00f6nnen auch die Schleimh\u00e4ute des Magen- Darmkanals angreifen, mit Durchfall als Folge. Die Zunge kann schmerzhaft eitern, wodurch die Katzen das Fressen und Trinken einstellen. Besonders bei jungen Katzen f\u00fchrt das schnell zur Austrocknung mit zuweilen t\u00f6dlichem Ausgang.<\/p>\n<p>Das gr\u00f6\u00dfte Problem von Katzenschnupfen ist, dass es zu einer chronischen Form kommen kann. Vor allem bei Tieren, die sich die erste Infektion als junge Katze zugezogen haben. Diese Katzen k\u00f6nnen ihr Leben lang unter Infektionen der Atemwege leiden.<\/p>\n<p><strong>Behandlung:<\/strong> Katzen mit Katzenschnupfen werden mit <u><a href=\"https:\/\/simicur.com\/de\/homeopathische-medicijnen\/hoestcur-100-ml.html\">hoestcur<\/a><\/u> behandelt. Diese Behandlung wird in chronischen F\u00e4llen mit <u><a href=\"https:\/\/simicur.com\/de\/homeopathische-medicijnen\/glandulacur-100-ml.html\">glandulacur<\/a><\/u> erg\u00e4nzt und wenn die Augen entz\u00fcndet sind, mit <u><a href=\"https:\/\/simicur.com\/de\/homeopathische-medicijnen\/corneacur-100-ml.html\">corneacur<\/a><\/u>.<\/p>\n","protected":false},"excerpt":{"rendered":"<p>Die hom\u00f6opathische Behandlung von Katzenschnupfen Katzenschnupfen ist die am h\u00e4ufigsten  [&#8230;]<\/p>\n","protected":false},"author":1,"featured_media":0,"parent":1147,"menu_order":0,"comment_status":"closed","ping_status":"closed","template":"","meta":{"footnotes":""},"class_list":["post-1171","page","type-page","status-publish","hentry"],"_links":{"self":[{"href":"https:\/\/simicur.com\/de\/wp-json\/wp\/v2\/pages\/1171","targetHints":{"allow":["GET"]}}],"collection":[{"href":"https:\/\/simicur.com\/de\/wp-json\/wp\/v2\/pages"}],"about":[{"href":"https:\/\/simicur.com\/de\/wp-json\/wp\/v2\/types\/page"}],"author":[{"embeddable":true,"href":"https:\/\/simicur.com\/de\/wp-json\/wp\/v2\/users\/1"}],"replies":[{"embeddable":true,"href":"https:\/\/simicur.com\/de\/wp-json\/wp\/v2\/comments?post=1171"}],"version-history":[{"count":1,"href":"https:\/\/simicur.com\/de\/wp-json\/wp\/v2\/pages\/1171\/revisions"}],"predecessor-version":[{"id":1172,"href":"https:\/\/simicur.com\/de\/wp-json\/wp\/v2\/pages\/1171\/revisions\/1172"}],"up":[{"embeddable":true,"href":"https:\/\/simicur.com\/de\/wp-json\/wp\/v2\/pages\/1147"}],"wp:attachment":[{"href":"https:\/\/simicur.com\/de\/wp-json\/wp\/v2\/media?parent=1171"}],"curies":[{"name":"wp","href":"https:\/\/api.w.org\/{rel}","templated":true}]}}