{"id":1173,"date":"2020-01-19T20:30:43","date_gmt":"2020-01-19T20:30:43","guid":{"rendered":"https:\/\/simicur.dalphes.com\/?page_id=1173"},"modified":"2020-01-19T20:30:43","modified_gmt":"2020-01-19T20:30:43","slug":"augenerkrankungen","status":"publish","type":"page","link":"https:\/\/simicur.com\/de\/lexikon-erkrankungen-und-behandlungen\/erkrankungen-katze\/augenerkrankungen\/","title":{"rendered":"Augenerkrankungen"},"content":{"rendered":"<p><strong>Die hom\u00f6opathische Behandlung von Augenerkrankungen bei der Katze<\/strong><br \/>\nAugenerkrankungen unterteilt man nach der Lage der Erkrankung im Auge:<\/p>\n<ul>\n<li>Hornhaut: Meistens ist eine Besch\u00e4digung die Folge eines Zweiges, Sto\u00df oder Haares. Diese Sch\u00e4den sind sehr schmerzhaft und lassen das Tier das Auge zukneifen, in Kombination mit Tr\u00e4nenfluss (Tr\u00e4nenfl\u00fcssigkeit). Daneben kann eine Virusinfektion zu Kn\u00f6tchen auf der Hornhaut f\u00fchren. Die Hornhaut ist dann nicht glatt, sondern sieht k\u00f6rnig aus.<\/li>\n<li>Konjunktivitis: Entz\u00fcndung der Schleimhaut rund um das Auge, zumeist infolge einer bakteriellen Infektion. Die Ursache ist oft Schmutz im Auge und\/ oder Zugluft. Auch hierbei tritt Tr\u00e4nenfluss auf und das Auge ist h\u00e4ufig geschwollen.<\/li>\n<\/ul>\n<p><strong>Achtung:<\/strong> Ein Auge kann auch schmerzen und Tr\u00e4nenfluss aufweisen, aber keine Symptome von Konjunktivitis zeigen. Dann ist nahezu immer eine Entz\u00fcndung in der Umgebung des Auges die Ursache, beispielsweise eine Kiefernh\u00f6hlenentz\u00fcndung.<\/p>\n<p><strong>Behandlung:<\/strong> Erkrankungen der Au\u00dfenseite des Auges k\u00f6nnen hom\u00f6opathisch mit <u><a href=\"https:\/\/simicur.com\/de\/homeopathische-medicijnen\/corneacur-100-ml.html\">corneacur<\/a><\/u> (2-4 mal t\u00e4glich 30 Tropfen \u00fcber das Futter) behandelt werden. Uveitis muss im akuten Stadium konventionell behandelt werden und zur Nachbehandlung kann <u><a href=\"https:\/\/simicur.com\/de\/homeopathische-medicijnen\/corneacur-100-ml.html\">corneacur<\/a><\/u> verabreicht werden.<\/p>\n<p>Wenn das Augenproblem durch eine Entz\u00fcndung im Kiefer verursacht wird, dann ist es angebracht <u><a href=\"https:\/\/simicur.com\/de\/homeopathische-medicijnen\/glandulacur-100-ml.html\">glandulacur<\/a><\/u> zu verabreichen.<\/p>\n","protected":false},"excerpt":{"rendered":"<p>Die hom\u00f6opathische Behandlung von Augenerkrankungen bei der Katze Augenerkrankungen unterteilt  [&#8230;]<\/p>\n","protected":false},"author":1,"featured_media":0,"parent":1147,"menu_order":0,"comment_status":"closed","ping_status":"closed","template":"","meta":{"footnotes":""},"class_list":["post-1173","page","type-page","status-publish","hentry"],"_links":{"self":[{"href":"https:\/\/simicur.com\/de\/wp-json\/wp\/v2\/pages\/1173","targetHints":{"allow":["GET"]}}],"collection":[{"href":"https:\/\/simicur.com\/de\/wp-json\/wp\/v2\/pages"}],"about":[{"href":"https:\/\/simicur.com\/de\/wp-json\/wp\/v2\/types\/page"}],"author":[{"embeddable":true,"href":"https:\/\/simicur.com\/de\/wp-json\/wp\/v2\/users\/1"}],"replies":[{"embeddable":true,"href":"https:\/\/simicur.com\/de\/wp-json\/wp\/v2\/comments?post=1173"}],"version-history":[{"count":1,"href":"https:\/\/simicur.com\/de\/wp-json\/wp\/v2\/pages\/1173\/revisions"}],"predecessor-version":[{"id":1174,"href":"https:\/\/simicur.com\/de\/wp-json\/wp\/v2\/pages\/1173\/revisions\/1174"}],"up":[{"embeddable":true,"href":"https:\/\/simicur.com\/de\/wp-json\/wp\/v2\/pages\/1147"}],"wp:attachment":[{"href":"https:\/\/simicur.com\/de\/wp-json\/wp\/v2\/media?parent=1173"}],"curies":[{"name":"wp","href":"https:\/\/api.w.org\/{rel}","templated":true}]}}