{"id":1175,"date":"2020-01-19T20:31:13","date_gmt":"2020-01-19T20:31:13","guid":{"rendered":"https:\/\/simicur.dalphes.com\/?page_id=1175"},"modified":"2020-01-19T20:31:13","modified_gmt":"2020-01-19T20:31:13","slug":"entzuendeten-ohren","status":"publish","type":"page","link":"https:\/\/simicur.com\/de\/lexikon-erkrankungen-und-behandlungen\/erkrankungen-katze\/entzuendeten-ohren\/","title":{"rendered":"Entz\u00fcndeten Ohren"},"content":{"rendered":"<p><strong>Die hom\u00f6opathische Behandlung von entz\u00fcndeten Ohren bei der Katze<\/strong><br \/>\nIm Ohr des Hundes oder der Katze befinden sich Mikroorganismen (Bakterien, Hefen und Schimmelpilze) nebeneinander. Normalerweise leben diese in einer engen Balance und sind kein Problem. Bei einer Ohrenentz\u00fcndung ist diese Balance gest\u00f6rt. Eine oder mehrere der Mikroorganismen haben die Oberhand gewonnen und wuchern. Die St\u00f6rung der Balance kann unter anderem nach einer Infektion mit Ohrenmilben auftreten. Das sehen wir haupts\u00e4chlich bei jungen Tieren. Durch die St\u00f6rung der Balance produziert das Tier mehr Ohrenschmalz. Der wiederum ist ein wunderbarer N\u00e4hrboden f\u00fcr Mikroorganismen. Die k\u00f6nnen nun in das gesamte Ohr \u00fcberwuchern und man spricht von einer Infektion, welche mit einer Entz\u00fcndung einhergeht. Meist ist allein das Au\u00dfenohr befallen (der \u00e4u\u00dfere Geh\u00f6rgang), wobei die Ernsthaftigkeit von einfachem Jucken in Kombination mit einem abweichenden Geruch, bis zu einer n\u00e4ssenden Entz\u00fcndung mit Eiter und gravierendem Gestank, variieren kann.<\/p>\n<p><strong>Die wichtigsten Faktoren f\u00fcr die Entstehung von Ohrenproblemen sind: <\/strong><\/p>\n<ul>\n<li>Die Form des Ohres: Tiere mit h\u00e4ngenden und\/ oder viel Haaren im Ohr haben ein erh\u00f6htes Risiko auf Ohrenentz\u00fcndung.<\/li>\n<li>Viel Schwimmen f\u00fchrt zu einer gesteigerten Feuchtigkeit, wodurch sich die Bakterien leichter explosiv vermehren k\u00f6nnen.<\/li>\n<li>Verminderter Widerstand, wodurch sich vor allem Milben im Ohr einnisten k\u00f6nnen.<\/li>\n<li>Futterallergie, besonders bei \u00dcberempfindlichkeit vor Eiwei\u00dfen.<\/li>\n<\/ul>\n<p>Das Tier kratzt sich h\u00e4ufig am befallenen Ohr und\/oder sch\u00fcttelt oft den Kopf. Oft h\u00e4lt die Katze den Kopf auch schr\u00e4g zur befallenen Seite. Einige Katzen scheuern mit dem Kopf \u00fcber den Boden oder entlang der St\u00fchle oder Bank. Die Ohren, vor allem die Geh\u00f6rg\u00e4nge sind rot, warm, geschwollen und \u00fcberempfindlich. Ihr Tier weicht den Ber\u00fchrungen des Kopfes aus und wimmert oder schnappt, wenn Sie ihn in der Umgebung seiner Ohren streicheln wollen. Es sitzt viel Ohrenschmalz im Geh\u00f6rgang und die Ohren stinken sehr. Manchmal kann man sogar gr\u00fcnen Eiter sehen. Der Rand des Geh\u00f6rganges und die Haut unter dem Geh\u00f6rgang k\u00f6nnen mit einem klebrigen, eiternden Sekret bedeckt sein.<\/p>\n<p><strong>Behandlung:<\/strong> Der wichtigste Teil der Behandlung ist die Vorbeugung. Die Vorbeugung von Ohrenproblemen beginnt mit der Reinheit, das hei\u00dft, die Ohren m\u00fcssen durchg\u00e4ngig kontrolliert und \u00fcberm\u00e4\u00dfiger Haarwuchs aus dem Geh\u00f6rgang entfernt werden. Eventuell die Ohren mit Ohrenreiniger und einem Tuch sauber wischen. Sollte sich das Ohr doch entz\u00fcnden, dann ist <u><a href=\"https:\/\/simicur.com\/de\/homeopathische-medicijnen\/glandulacur-100-ml.html\">glandulacur<\/a><\/u> das hom\u00f6opathische Mittel, welches \u00fcber das Futter verabreicht wird. In sehr schweren F\u00e4llen, wobei Eiter aus den Geh\u00f6rg\u00e4ngen l\u00e4uft, ist es angebracht Miristica D6 extra zu verabreichen. Bei einer Milbeninfektion m\u00fcssen die Ohren mit einem Anti-Parasiticum behandelt werden.<\/p>\n","protected":false},"excerpt":{"rendered":"<p>Die hom\u00f6opathische Behandlung von entz\u00fcndeten Ohren bei der Katze Im  [&#8230;]<\/p>\n","protected":false},"author":1,"featured_media":0,"parent":1147,"menu_order":0,"comment_status":"closed","ping_status":"closed","template":"","meta":{"footnotes":""},"class_list":["post-1175","page","type-page","status-publish","hentry"],"_links":{"self":[{"href":"https:\/\/simicur.com\/de\/wp-json\/wp\/v2\/pages\/1175","targetHints":{"allow":["GET"]}}],"collection":[{"href":"https:\/\/simicur.com\/de\/wp-json\/wp\/v2\/pages"}],"about":[{"href":"https:\/\/simicur.com\/de\/wp-json\/wp\/v2\/types\/page"}],"author":[{"embeddable":true,"href":"https:\/\/simicur.com\/de\/wp-json\/wp\/v2\/users\/1"}],"replies":[{"embeddable":true,"href":"https:\/\/simicur.com\/de\/wp-json\/wp\/v2\/comments?post=1175"}],"version-history":[{"count":1,"href":"https:\/\/simicur.com\/de\/wp-json\/wp\/v2\/pages\/1175\/revisions"}],"predecessor-version":[{"id":1176,"href":"https:\/\/simicur.com\/de\/wp-json\/wp\/v2\/pages\/1175\/revisions\/1176"}],"up":[{"embeddable":true,"href":"https:\/\/simicur.com\/de\/wp-json\/wp\/v2\/pages\/1147"}],"wp:attachment":[{"href":"https:\/\/simicur.com\/de\/wp-json\/wp\/v2\/media?parent=1175"}],"curies":[{"name":"wp","href":"https:\/\/api.w.org\/{rel}","templated":true}]}}