{"id":1183,"date":"2020-01-19T20:33:49","date_gmt":"2020-01-19T20:33:49","guid":{"rendered":"https:\/\/simicur.dalphes.com\/?page_id=1183"},"modified":"2020-01-19T20:33:49","modified_gmt":"2020-01-19T20:33:49","slug":"wunden","status":"publish","type":"page","link":"https:\/\/simicur.com\/de\/lexikon-erkrankungen-und-behandlungen\/erkrankungen-katze\/wunden\/","title":{"rendered":"Wunden"},"content":{"rendered":"<p><strong>Die hom\u00f6opathische Behandlung von Wunden bei der Katze<\/strong><br \/>\nEine Wunde ist eine Unterbrechung der Gewebezusammenh\u00e4nge. Es wir unterschieden zwischen geschlossenen Wunden (die Haut ist intakt, aber das darunter liegende Gewebe ist zerst\u00f6rt, wie zum Beispiel bei Prellungen, Verstauchungen und Frakturen) und offenen Wunden (die Haut ist zerst\u00f6rt = oberfl\u00e4chige (Sch\u00fcrf)Wunde und eventuell auch das darunter liegende Gewebe = tiefe Bei\u00df- oder Drahtwunde).<\/p>\n<p>Hautwunden entstehen meist durch Gewalt (Trauma), sowie Schnittwunden, Prellungen, Bisswunden und Platzwunden. Auch Verbrennungen und starke S\u00e4uren k\u00f6nnen Hautwunden verursachen. Das Risiko einer offenen Wunde ist, dass leicht eine Infektion mit Bakterien auftreten kann. Die Haut hat n\u00e4mlich eine sch\u00fctzende Funktion gegen das Eindringen von krankmachenden Bakterien. Wenn dieser Schutz weg ist, liegt der Weg f\u00fcr Bakterien frei, um sich hemmungslos im darunter liegenden Gewebe zu vermehren (Infektion). Das hat zur Folge, dass der K\u00f6rper sich mittels Entz\u00fcndungsreaktionen sch\u00fctzt.<\/p>\n<p><strong>Behandlung:<\/strong> Die Behandlung einer Wunde zielt darauf, die Wunde so schnell wie m\u00f6glich zu schlie\u00dfen, so dass keine Infektion auftreten kann.<\/p>\n<ul>\n<li><strong>Sch\u00fcrfwunde:<\/strong> Wunde reinigen und ein paar Mal am Tag mit <u><a href=\"http:\/\/simicur.com\/de\/wundspray.html\">wundspray<\/a><\/u> einspr\u00fchen, eventuell in Kombination mit <u><a href=\"http:\/\/simicur.com\/de\/wondzalf.html\">wundsalbe<\/a><\/u>. Ist die Wunde schon ein wenig infiziert, dann ist es sinnvoll, die Wunde gleichzeitig mit <u><a href=\"http:\/\/simicur.com\/spiergel.html\">spiergel<\/a><\/u> einzuschmieren. Es hat in solchen F\u00e4lleneine starke und tief in die Haut eindringende antiseptische und k\u00fchlende Wirkung.<\/li>\n<li><strong>Bisswunde:<\/strong> N\u00e4hen oder Kleben (mit Sekundenkleber) der Wundr\u00e4nder ist oft f\u00fcr eine schnelle Heilung ausreichend. Regelm\u00e4\u00dfiges einspr\u00fchen mit <u><a href=\"http:\/\/simicur.com\/de\/wundspray.html\">wundspray<\/a><\/u> h\u00e4lt die Wunde rein und f\u00f6rdert die Heilung.<\/li>\n<li><strong>Kampfwunde:<\/strong> Eine Verletzung am Hals, unter dem Ohr, infolge von Katzenraufereien. Diese Verletzungen sind meistens kompliziert, weil die Hautwunde oft sehr klein ist und sich so gut wie immer infiziert. Die Folge ist, dass man an der Haut nichts sieht, dass aber unter der Haut eine schlimme Entz\u00fcndung, oft mit einem Abszess, entsteht. In solch einem Fall ist es sinnvoll, der Katze ein Antibiotikum zu verabreichen (meistens reicht ein Penicillin aus, weil die am h\u00e4ufigsten vorkommende Bakterie eine Pasteurella &#8211; Art ist) und parallel dazu muss die subkutane Wunde gereinigt werden. Dies geschieht am besten, indem man <u><a href=\"http:\/\/simicur.com\/de\/wundspray.html\">wundspray<\/a><\/u> in die Wunde unter der Haut spr\u00fcht und die Wunde danach wieder durch Druck entleert. Das muss man solange wiederholen, bis die Wunde sauber ist. Oral verabreicht man <u><a href=\"https:\/\/simicur.com\/de\/homeopathische-medicijnen\/glandulacur-100-ml.html\">glandulacur<\/a><\/u> in einer Dosierung von dreimal t\u00e4glich 15 Tropfen \u00fcber das Futter oder das Trinkwasser.<\/li>\n<li><strong>Brandwunde:<\/strong> Diese Wunde muss so schnell wie m\u00f6glich gek\u00fchlt werden, indem man die verbrannte Haut dick mit <u><a href=\"http:\/\/simicur.com\/spiergel.html\">spiergel<\/a><\/u> einschmiert. Sp\u00e4ter kann die Wunde zus\u00e4tzlich mit <u><a href=\"http:\/\/simicur.com\/de\/wundspray.html\">wundspray<\/a><\/u> behandelt werden.<\/li>\n<\/ul>\n<p><strong>Achtung:<\/strong> Zur Unterst\u00fctzung der Wundheilung verabreicht man <u><a href=\"https:\/\/simicur.com\/de\/homeopathische-medicijnen\/dermacur-100-ml.html\">dermacur<\/a><\/u>, eventuell in Kombination mit <u><a href=\"https:\/\/simicur.com\/de\/homeopathische-medicijnen\/traumacur-100-ml.html\">traumacur<\/a><\/u>.<\/p>\n","protected":false},"excerpt":{"rendered":"<p>Die hom\u00f6opathische Behandlung von Wunden bei der Katze Eine Wunde  [&#8230;]<\/p>\n","protected":false},"author":1,"featured_media":0,"parent":1147,"menu_order":0,"comment_status":"closed","ping_status":"closed","template":"","meta":{"footnotes":""},"class_list":["post-1183","page","type-page","status-publish","hentry"],"_links":{"self":[{"href":"https:\/\/simicur.com\/de\/wp-json\/wp\/v2\/pages\/1183","targetHints":{"allow":["GET"]}}],"collection":[{"href":"https:\/\/simicur.com\/de\/wp-json\/wp\/v2\/pages"}],"about":[{"href":"https:\/\/simicur.com\/de\/wp-json\/wp\/v2\/types\/page"}],"author":[{"embeddable":true,"href":"https:\/\/simicur.com\/de\/wp-json\/wp\/v2\/users\/1"}],"replies":[{"embeddable":true,"href":"https:\/\/simicur.com\/de\/wp-json\/wp\/v2\/comments?post=1183"}],"version-history":[{"count":1,"href":"https:\/\/simicur.com\/de\/wp-json\/wp\/v2\/pages\/1183\/revisions"}],"predecessor-version":[{"id":1184,"href":"https:\/\/simicur.com\/de\/wp-json\/wp\/v2\/pages\/1183\/revisions\/1184"}],"up":[{"embeddable":true,"href":"https:\/\/simicur.com\/de\/wp-json\/wp\/v2\/pages\/1147"}],"wp:attachment":[{"href":"https:\/\/simicur.com\/de\/wp-json\/wp\/v2\/media?parent=1183"}],"curies":[{"name":"wp","href":"https:\/\/api.w.org\/{rel}","templated":true}]}}