{"id":1185,"date":"2020-01-19T20:34:28","date_gmt":"2020-01-19T20:34:28","guid":{"rendered":"https:\/\/simicur.dalphes.com\/?page_id=1185"},"modified":"2020-01-19T20:34:28","modified_gmt":"2020-01-19T20:34:28","slug":"wurmbefall","status":"publish","type":"page","link":"https:\/\/simicur.com\/de\/lexikon-erkrankungen-und-behandlungen\/erkrankungen-katze\/wurmbefall\/","title":{"rendered":"Wurmbefall"},"content":{"rendered":"<p><strong>Die hom\u00f6opathische Behandlung von Wurmbefall bei der Katze<\/strong><br \/>\nW\u00fcrmer sind Darmparasiten, die zu Lasten ihres Wirtes leben und hierdurch Schaden zuf\u00fcgen. Eine Wurminfektion verursacht Beschwerden, wie wiederkehrenden Durchfall und eine schlechte Kondition. Durch eine Untersuchung des Kots k\u00f6nnen Wurm-Eier nachgewiesen werden. Bandw\u00fcrmer sind mit dem blo\u00dfen Auge wahrnehmbar und Spulw\u00fcrmer k\u00f6nnen manchmal im Erbrochenen gefunden werden. Die Infektionsart ist von der Wurmsorte abh\u00e4ngig. Die Tiere k\u00f6nnen durch Artgenossen, Fl\u00f6he, B\u00f6den, Wasser, Futter etc. infiziert werden.<\/p>\n<p>Wurmarten bei Hund und Katze:<\/p>\n<ul>\n<li><strong>Fadenw\u00fcrmer = Nematoden<\/strong>: Diese W\u00fcrmer ben\u00f6tigen f\u00fcr die Reifung vom Wurm-Ei zum erwachsenen Wurm keinen Zwischenwirt.<\/li>\n<li><strong>Spulw\u00fcrmer (Toxocara):<\/strong> Das sind die am h\u00e4ufigsten vorkommenden W\u00fcrmer bei Hund und Katze. Sie werden ca. 15cm lang und leben im D\u00fcnndarm, wo sie sich vom Darminhalt ern\u00e4hren. Mitunter migrieren die W\u00fcrmer zum Magen, wodurch sich das Tier erbricht. Bei jungen Hunden migrieren die Wurmlarven durch die Darmwand hindurch zur Leber und werden weiter \u00fcber das Blut zu den Lungen gef\u00fchrt. Von hier aus werden sie h\u00e4ufig wieder abgehustet und hinuntergeschluckt, wonach sie wieder in den Darm gelangen. Hier k\u00f6nnen sie sich zu erwachsenen Spulw\u00fcrmern entwickeln und selber Eier legen. Bei erwachsenen Hunden k\u00f6nnen die Larven von den Lungenvenen aus in den gro\u00dfen Blutkreislauf gelangen und so viele Organen infizieren (somatische Larven). Spulw\u00fcrmer k\u00f6nnen bei jungen Hunden gro\u00dfen Schaden verursachen. Die D\u00e4rme k\u00f6nnen verstopfen und rei\u00dfen. Wenn auch der Gallenkanal verstopft, kann es zu einer Gelbsucht kommen. Migrierende Larven sch\u00e4digen Leber, Lunge und manchmal auch das Gehirn. Auch der Mensch kann sich mit Toxocara-Larven infizieren<strong>.<\/strong><\/li>\n<li><strong>Hakenw\u00fcrmer (Ancylostoma):<\/strong> Diese W\u00fcrmer leben im D\u00fcnndarm des Wirtes. Sie haben rund um die Mund\u00f6ffnung Haken, mit denen sie die Darmwand des Wirtes einschneiden und dessen Blut aufsaugen. Aus den Wurm-Eiern schl\u00fcpfen infekti\u00f6se Larven, die bei Aufnahme durch den Wirt in den Magen-Darmkanal gelangen. Die Aufnahme \u00fcber die Haut ist auch m\u00f6glich, wonach die Larven (\u00fcber das Blut) haupts\u00e4chlich in die Lungen gelangen und nach dem Abhusten und dem Hinunterschlucken auch in den Magen-Darmkanal. Hier wachsen sie zu erwachsenen W\u00fcrmern heran. Diese legen Eier, welche wiederum \u00fcber den Stuhlgang den Wirt verlassen. Bei einer schweren Wurminfektion k\u00f6nnen Blutarmut (Zwinger An\u00e4mie) und blutiger Durchfall auftreten.<\/li>\n<li><strong>Peitschenw\u00fcrmer (Trichuris):<\/strong> Diese W\u00fcrmer kommen nur beim Hund vor und werden in Form einer Peitsche einige Zentimeter lang. Der vordere Teil liegt eingebettet in der Darmwand, w\u00e4hrend der hintere Teil im Darmhohlraum bleibt. Pro Wirt k\u00f6nnen Hunderte von W\u00fcrmern vorkommen. Erwachsene weibliche Peitschenw\u00fcrmer legen ihre Eier in den Darm des Wirtes. \u00dcber den Stuhlgang gelangen diese Eier auf den Boden. Hier wachsen sie in 3-4 Wochen zu infekti\u00f6sen Eiern aus, wonach sie \u00fcber das Maul von Hund und Katze aufgenommen werden k\u00f6nnen. Im Magen-Darmkanal wachsen diese Eier dann zu Larven aus und sind nach 2-3 Monaten erwachsen. Vor allem junge Hunde k\u00f6nnen durch eine Peitschenwurminfektion Schaden erleiden. Es treten h\u00e4ufig blutiger Durchfall, Blutarmut und Abmagerung auf.<\/li>\n<li><strong>Bandw\u00fcrmer = Cestoden:<\/strong> Bei Bandw\u00fcrmern ist f\u00fcr die Entwicklung vom Ei zur Larve ein Zwischenwirt n\u00f6tig. Bei einer starken Bandwurminfektion kommt es zu Abmagerung, Durchfall und schlechter Verdauung.<\/li>\n<li><strong>Taenia:<\/strong> Dieser Bandwurm ben\u00f6tigt ein S\u00e4ugetier als Zwischenwirt. Taenia-W\u00fcrmer besitzen Saugn\u00e4pfe, mit denen sie sich an der Darmwand festsaugen. Ein erwachsener Wurm besteht aus mehreren Abschnitten\/ Proglottiden. Die hinteren (reifen) Abschnitte fallen ab und gelangen mit dem Stuhlgang nach drau\u00dfen. Ein reifer Abschnitt wiederum, besteht aus tausenden Wurmeiern. Ein Wurm-Ei muss durch einen Zwischenwirt aufgenommen werden, um zu einem infekti\u00f6sen Blasenwurm\/ Cysticercus auszuwachsen. Durch die Aufnahme von verseuchtem Fleisch oder organischem Abfall kann es zur Infektion kommen. Im Magen-Darmkanal des Endwirtes (Hund\/ Katze) entwickeln sich die Blasenw\u00fcrmer zu erwachsenen Bandw\u00fcrmern.<\/li>\n<li><strong>Echinococcus:<\/strong> Auch dieser Bandwurm ben\u00f6tigt ein S\u00e4ugetier als Zwischenwirt.<\/li>\n<li><strong>Dipylidium:<\/strong> Dieser Bandwurm hat meistens Fl\u00f6he, manchmal aber auch L\u00e4use als Zwischenwirt. Der Lebenszyklus verl\u00e4uft gleich wie bei den Taenia-W\u00fcrmern. Eine Flohlarve kann ein Wurm-Ei aufnehmen, wo es dann zu einem Blasenwurm ausw\u00e4chst. Die Infektion findet durch das Herunterschlucken eines Flohs statt, wonach der Blasenwurm im Magen-Darmkanal des Endwirtes zu einem erwachsenen Bandwurm ausw\u00e4chst.<\/li>\n<\/ul>\n<p><strong>Behandlung:<\/strong> Regelm\u00e4\u00dfiges Entwurmen und eine gute Hygiene sind von gro\u00dfer Bedeutung um Wurminfektionen vorzubeugen. Tr\u00e4chtige Tiere entwurmt man am Beginn der Tr\u00e4chtigkeit. Welpen und kleinen Katzen m\u00fcssen schon im Alter von 3-4 Wochen entwurmt werden. Weiterhin k\u00f6nnen junge Tiere am Besten alle 2-3 Monate entwurmt werden und erwachsene Tiere mindestens 2 x j\u00e4hrlich. Durch die t\u00e4gliche Beseitigung des Stuhlganges aus Hundeh\u00fctte, Garten und Katzentoilette und dem Sauberhalten der Liegepl\u00e4tze kann Wurminfektionen vorgebeugt werden (Man braucht \u00fcbrigens keine Angst zu haben, sich bei der Beseitigung des frischen Stuhlgangs selbst zu infizieren, die Wurm-Eier werden erst nach mehreren Wochen infekti\u00f6s).<\/p>\n<p>Durch die Beigabe von <u><a href=\"https:\/\/simicur.com\/de\/kruiden-en-voedersupplementen\/digesticur.html\">digesticur<\/a><\/u> an das Futter bildet sich in den D\u00e4rmen ein Milieu, wo W\u00fcrmer schlecht gedeihen. Durch <u><a href=\"https:\/\/simicur.com\/de\/kruiden-en-voedersupplementen\/digesticur.html\">digesticur<\/a><\/u> bleibt eine eventuelle Wurminfektion bis auf ein paar einzelne W\u00fcrmer beschr\u00e4nkt.<\/p>\n","protected":false},"excerpt":{"rendered":"<p>Die hom\u00f6opathische Behandlung von Wurmbefall bei der Katze W\u00fcrmer sind  [&#8230;]<\/p>\n","protected":false},"author":1,"featured_media":0,"parent":1147,"menu_order":0,"comment_status":"closed","ping_status":"closed","template":"","meta":{"footnotes":""},"class_list":["post-1185","page","type-page","status-publish","hentry"],"_links":{"self":[{"href":"https:\/\/simicur.com\/de\/wp-json\/wp\/v2\/pages\/1185","targetHints":{"allow":["GET"]}}],"collection":[{"href":"https:\/\/simicur.com\/de\/wp-json\/wp\/v2\/pages"}],"about":[{"href":"https:\/\/simicur.com\/de\/wp-json\/wp\/v2\/types\/page"}],"author":[{"embeddable":true,"href":"https:\/\/simicur.com\/de\/wp-json\/wp\/v2\/users\/1"}],"replies":[{"embeddable":true,"href":"https:\/\/simicur.com\/de\/wp-json\/wp\/v2\/comments?post=1185"}],"version-history":[{"count":1,"href":"https:\/\/simicur.com\/de\/wp-json\/wp\/v2\/pages\/1185\/revisions"}],"predecessor-version":[{"id":1186,"href":"https:\/\/simicur.com\/de\/wp-json\/wp\/v2\/pages\/1185\/revisions\/1186"}],"up":[{"embeddable":true,"href":"https:\/\/simicur.com\/de\/wp-json\/wp\/v2\/pages\/1147"}],"wp:attachment":[{"href":"https:\/\/simicur.com\/de\/wp-json\/wp\/v2\/media?parent=1185"}],"curies":[{"name":"wp","href":"https:\/\/api.w.org\/{rel}","templated":true}]}}