{"id":1188,"date":"2020-01-19T20:49:27","date_gmt":"2020-01-19T20:49:27","guid":{"rendered":"https:\/\/simicur.dalphes.com\/?page_id=1188"},"modified":"2020-01-19T20:49:27","modified_gmt":"2020-01-19T20:49:27","slug":"arthrose","status":"publish","type":"page","link":"https:\/\/simicur.com\/de\/lexikon-erkrankungen-und-behandlungen\/erkrankungen-pferd-pony\/arthrose\/","title":{"rendered":"Arthrose"},"content":{"rendered":"<p><strong>Die hom\u00f6opathische Behandlung von Arthrose beim Pferd<\/strong><br \/>\nArthrose ist eine chronische Erkrankung eines Gelenkes, bei der der Gelenkknorpel verschlissen ist. Arthrose entsteht dadurch, dass mehr Gelenkknorpel verloren geht, als vom K\u00f6rper hergestellt werden kann. Der Knorpel bildet sich zur\u00fcck und mitunter verschwindet er ganz. Bei Arthrose verringert sich auch die Fl\u00fcssigkeit im Gelenk. Diese Fl\u00fcssigkeit (synoviale Fl\u00fcssigkeit oder Gelenkschmiere) ist n\u00f6tig, damit das Gelenk sich geschmeidig drehen l\u00e4sst und Ersch\u00fctterungen abf\u00e4ngt. Der Knorpel kann nach und nach von den Gelenkfl\u00e4chen verschwinden, so dass der Knochen freiliegt. Hierdurch wird das Gelenk gereizt und es kommt zu einer Entz\u00fcndungsreaktion. Das hat zur Folge, dass noch mehr Knorpelschaden entsteht. Schlie\u00dflich bildet sich rund um das Gelenk neuer Knochen (Wolkenbildung auf dem R\u00f6ntgenphoto), der manchmal so massig ist, dass die Gelenkfl\u00e4chen miteinander verwachsen. Arthrose kann im Prinzip in allen Gelenken vorkommen, aber haupts\u00e4chlich in den Gelenken der Extremit\u00e4ten.<\/p>\n<p>Kommt es wiederholt zu leichten Verletzungen des Gelenkes (Knorpel und Gelenkkapsel), so ist das eine der wichtigsten Ursachen f\u00fcr die Entstehung von Arthrose. Arthrose kann auch nach einer schweren Prellung oder Verdrehung des Gelenkes auftreten. Daneben spielen \u00dcberbelastung und das Altern eine wichtige Rolle.<\/p>\n<p>Arthrose kann sich in einer pl\u00f6tzlichen Lahmheit \u00e4u\u00dfern, die erst nach einer langen Zeit verschwindet. In einzelnen F\u00e4llen spricht man von &#8218;Startlahmheit&#8216;, die Krankheit kann jedoch auch andauern. Das Abtasten des Gelenkes (Palpation) ist f\u00fcr das Tier sehr schmerzhaft.<\/p>\n<p><strong>Behandlung: <\/strong> Hom\u00f6opathisch ist eine leichte Form der Arthrose mit <u><a href=\"https:\/\/simicur.com\/de\/homeopathische-medicijnen\/arthricur-100-ml.html\">arthricur<\/a><\/u> und <u><a href=\"https:\/\/simicur.com\/de\/homeopathische-medicijnen\/osteocur-100-ml.html\">osteocur<\/a><\/u> zu behandeln. Daneben sorgt <u><a href=\"https:\/\/simicur.com\/de\/kruiden-en-voedersupplementen\/teufelskralle-500gr.html\">teufelskralle<\/a><\/u> f\u00fcr eine Verringerung der Schmerzen und der Entz\u00fcndung. Bei schwerer Arthrose k\u00f6nnen die Schmerzen mittels <u><a href=\"https:\/\/simicur.com\/de\/kruiden-en-voedersupplementen\/teufelskralle-500gr.html\">teufelskralle<\/a><\/u> und Massage mit <u><a href=\"http:\/\/simicur.com\/spiergel.html\">spiergel<\/a><\/u> reduziert werden.<\/p>\n","protected":false},"excerpt":{"rendered":"<p>Die hom\u00f6opathische Behandlung von Arthrose beim Pferd Arthrose ist eine  [&#8230;]<\/p>\n","protected":false},"author":1,"featured_media":0,"parent":1187,"menu_order":0,"comment_status":"closed","ping_status":"closed","template":"","meta":{"footnotes":""},"class_list":["post-1188","page","type-page","status-publish","hentry"],"_links":{"self":[{"href":"https:\/\/simicur.com\/de\/wp-json\/wp\/v2\/pages\/1188","targetHints":{"allow":["GET"]}}],"collection":[{"href":"https:\/\/simicur.com\/de\/wp-json\/wp\/v2\/pages"}],"about":[{"href":"https:\/\/simicur.com\/de\/wp-json\/wp\/v2\/types\/page"}],"author":[{"embeddable":true,"href":"https:\/\/simicur.com\/de\/wp-json\/wp\/v2\/users\/1"}],"replies":[{"embeddable":true,"href":"https:\/\/simicur.com\/de\/wp-json\/wp\/v2\/comments?post=1188"}],"version-history":[{"count":1,"href":"https:\/\/simicur.com\/de\/wp-json\/wp\/v2\/pages\/1188\/revisions"}],"predecessor-version":[{"id":1190,"href":"https:\/\/simicur.com\/de\/wp-json\/wp\/v2\/pages\/1188\/revisions\/1190"}],"up":[{"embeddable":true,"href":"https:\/\/simicur.com\/de\/wp-json\/wp\/v2\/pages\/1187"}],"wp:attachment":[{"href":"https:\/\/simicur.com\/de\/wp-json\/wp\/v2\/media?parent=1188"}],"curies":[{"name":"wp","href":"https:\/\/api.w.org\/{rel}","templated":true}]}}