{"id":1191,"date":"2020-01-19T20:49:51","date_gmt":"2020-01-19T20:49:51","guid":{"rendered":"https:\/\/simicur.dalphes.com\/?page_id=1191"},"modified":"2020-01-19T20:49:51","modified_gmt":"2020-01-19T20:49:51","slug":"ataxie","status":"publish","type":"page","link":"https:\/\/simicur.com\/de\/lexikon-erkrankungen-und-behandlungen\/erkrankungen-pferd-pony\/ataxie\/","title":{"rendered":"Ataxie"},"content":{"rendered":"<p><strong>Die hom\u00f6opathische Behandlung von Ataxie beim Pferd<\/strong><br \/>\nAtaxie ist eine Erkrankung des Nervensystems, bei der die Versorgung der Nerven zu den Muskeln der Gliedma\u00dfen gest\u00f6rt ist, so dass beim Laufen in der Koordination der Beine keine Gleichm\u00e4\u00dfigkeit mehr besteht. Das Tier l\u00e4uft dann wie ein Betrunkener oder die Hinterbeine kommen nicht mit den Vorderbeinen mit. Die Ursache kann im Gehirn (Rhinopneumonie Virus bei Pferden) oder im R\u00fcckenmark (Wobbler-Syndrom bei Pferden, Wirbels\u00e4ulenunfall) liegen.<\/p>\n<p>Bei Pferden kann eine Infektion des Gehirns mit dem Rhinopneumonie Virus (Herpesvirus) zu einer vollst\u00e4ndigen L\u00e4hmung oder zu Ataxie in verschiedenen Abstufungen f\u00fchren. Diese Infektion kann in jedem Alter auftreten. Junge Pferde im Alter von 2-4 Jahren k\u00f6nnen von diesen Symptomen betroffen sein. Hierbei muss auch an Rhinopneumonie gedacht werden, denn vielfach sind diese Tiere in einer Periode geboren, in der es im Stall infolge des gleichen Herpesvirus zu Fehlgeburten kam. Diese jungen Pferde k\u00f6nnen allerdings auch am Wobbler-Syndrom leiden. Pferde mit dieser Erkrankung k\u00f6nnen eine ganze Reihe von Symptomen aufweisen, von Problemen beim Galoppwechsel oder Wasser halten bis hin zu einer deutlichen Unregelm\u00e4\u00dfigkeit der Hinterhand. Hierbei ist auf der H\u00f6he des dritten und vierten Halswirbels Druck auf das R\u00fcckenmark entstanden, infolge eines sich nicht im Gleichgewicht befindenden Mineralhaushaltes (durch \u00dcberf\u00fctterung) bei jungen, schnell wachsenden Tieren.<\/p>\n<p><strong>Behandlung:<\/strong> F\u00fcr die Behandlung des Nervengewebes ist <u><a href=\"https:\/\/simicur.com\/de\/homeopathische-medicijnen\/neuralcur-100-ml.html\">neuralcur<\/a><\/u> das geeignete Mittel. Daneben ist es vern\u00fcnftig, den Gesundheitszustand durch <u><a href=\"https:\/\/simicur.com\/de\/homeopathische-medicijnen\/anemiacur-100-ml.html\">anemiacur<\/a><\/u> zu unterst\u00fctzen.<\/p>\n","protected":false},"excerpt":{"rendered":"<p>Die hom\u00f6opathische Behandlung von Ataxie beim Pferd Ataxie ist eine  [&#8230;]<\/p>\n","protected":false},"author":1,"featured_media":0,"parent":1187,"menu_order":0,"comment_status":"closed","ping_status":"closed","template":"","meta":{"footnotes":""},"class_list":["post-1191","page","type-page","status-publish","hentry"],"_links":{"self":[{"href":"https:\/\/simicur.com\/de\/wp-json\/wp\/v2\/pages\/1191","targetHints":{"allow":["GET"]}}],"collection":[{"href":"https:\/\/simicur.com\/de\/wp-json\/wp\/v2\/pages"}],"about":[{"href":"https:\/\/simicur.com\/de\/wp-json\/wp\/v2\/types\/page"}],"author":[{"embeddable":true,"href":"https:\/\/simicur.com\/de\/wp-json\/wp\/v2\/users\/1"}],"replies":[{"embeddable":true,"href":"https:\/\/simicur.com\/de\/wp-json\/wp\/v2\/comments?post=1191"}],"version-history":[{"count":1,"href":"https:\/\/simicur.com\/de\/wp-json\/wp\/v2\/pages\/1191\/revisions"}],"predecessor-version":[{"id":1192,"href":"https:\/\/simicur.com\/de\/wp-json\/wp\/v2\/pages\/1191\/revisions\/1192"}],"up":[{"embeddable":true,"href":"https:\/\/simicur.com\/de\/wp-json\/wp\/v2\/pages\/1187"}],"wp:attachment":[{"href":"https:\/\/simicur.com\/de\/wp-json\/wp\/v2\/media?parent=1191"}],"curies":[{"name":"wp","href":"https:\/\/api.w.org\/{rel}","templated":true}]}}