{"id":1195,"date":"2020-01-19T20:50:44","date_gmt":"2020-01-19T20:50:44","guid":{"rendered":"https:\/\/simicur.dalphes.com\/?page_id=1195"},"modified":"2020-01-19T20:50:44","modified_gmt":"2020-01-19T20:50:44","slug":"blasenprobleme-blasenentzuendung","status":"publish","type":"page","link":"https:\/\/simicur.com\/de\/lexikon-erkrankungen-und-behandlungen\/erkrankungen-pferd-pony\/blasenprobleme-blasenentzuendung\/","title":{"rendered":"Blasenprobleme, Blasenentz\u00fcndung"},"content":{"rendered":"<p><strong>Die hom\u00f6opathische Behandlung von Blasenprobleme \/ Blasenentz\u00fcndung beim Pferd<\/strong><br \/>\nBlasenprobleme bei Pferden kommen h\u00e4ufiger bei Hengsten und Wallachen als bei Stuten vor. Sie treten auf bei einer Entz\u00fcndung der Blase, verursacht durch eine bakterielle Infektion oder durch Blasensteine. Der Urin f\u00e4rbt sich dann h\u00e4ufig rot bis rotbraun oder das Pferd hat Probleme beim Wasser lassen (st\u00f6hnen, wenig Urin und kraftloser Strahl). Bei der Untersuchung des K\u00f6rpers f\u00e4llt auf, dass diese Tiere rund um den Bauchnabel und der Schamgegend sehr empfindlich sind. In sehr schweren F\u00e4llen laufen sie mit den Hinterbeinen steif.<\/p>\n<p><strong>Behandlung:<\/strong> Bei Blasenproblemen verabreicht man <u><a href=\"https:\/\/simicur.com\/de\/homeopathische-medicijnen\/urogenicur-100-ml.html\">urogenicur<\/a><\/u> in Kombination mit <u><a href=\"https:\/\/simicur.com\/de\/kruiden-en-voedersupplementen\/teufelskralle-500gr.html\">teufelskralle<\/a><\/u>.<\/p>\n","protected":false},"excerpt":{"rendered":"<p>Die hom\u00f6opathische Behandlung von Blasenprobleme \/ Blasenentz\u00fcndung beim Pferd Blasenprobleme  [&#8230;]<\/p>\n","protected":false},"author":1,"featured_media":0,"parent":1187,"menu_order":0,"comment_status":"closed","ping_status":"closed","template":"","meta":{"footnotes":""},"class_list":["post-1195","page","type-page","status-publish","hentry"],"_links":{"self":[{"href":"https:\/\/simicur.com\/de\/wp-json\/wp\/v2\/pages\/1195","targetHints":{"allow":["GET"]}}],"collection":[{"href":"https:\/\/simicur.com\/de\/wp-json\/wp\/v2\/pages"}],"about":[{"href":"https:\/\/simicur.com\/de\/wp-json\/wp\/v2\/types\/page"}],"author":[{"embeddable":true,"href":"https:\/\/simicur.com\/de\/wp-json\/wp\/v2\/users\/1"}],"replies":[{"embeddable":true,"href":"https:\/\/simicur.com\/de\/wp-json\/wp\/v2\/comments?post=1195"}],"version-history":[{"count":1,"href":"https:\/\/simicur.com\/de\/wp-json\/wp\/v2\/pages\/1195\/revisions"}],"predecessor-version":[{"id":1196,"href":"https:\/\/simicur.com\/de\/wp-json\/wp\/v2\/pages\/1195\/revisions\/1196"}],"up":[{"embeddable":true,"href":"https:\/\/simicur.com\/de\/wp-json\/wp\/v2\/pages\/1187"}],"wp:attachment":[{"href":"https:\/\/simicur.com\/de\/wp-json\/wp\/v2\/media?parent=1195"}],"curies":[{"name":"wp","href":"https:\/\/api.w.org\/{rel}","templated":true}]}}