{"id":1199,"date":"2020-01-19T20:51:46","date_gmt":"2020-01-19T20:51:46","guid":{"rendered":"https:\/\/simicur.dalphes.com\/?page_id=1199"},"modified":"2020-01-19T20:51:46","modified_gmt":"2020-01-19T20:51:46","slug":"bruechigen-schlechten-hufen-schlechtes-hufwachstum","status":"publish","type":"page","link":"https:\/\/simicur.com\/de\/lexikon-erkrankungen-und-behandlungen\/erkrankungen-pferd-pony\/bruechigen-schlechten-hufen-schlechtes-hufwachstum\/","title":{"rendered":"Br\u00fcchigen schlechten Hufen, schlechtes Hufwachstum"},"content":{"rendered":"<p><strong>Die hom\u00f6opathische Behandlung von br\u00fcchigen und schlechten Hufen \/ schlechtes Hufwachstum beim Pferd<\/strong><br \/>\nDie Hufwand besteht aus zusammengepressten Haaren, die mit einer Art Klebstoff (die Fugensubstanz) fest miteinander verbunden sind und so das Horn bilden. Wenn veranlagungsbedingt zu wenig Fugenstoff vorhanden ist oder dieser keine gute Zusammensetzung hat, dann br\u00f6ckelt die Hornwand leichter ab und kann einrei\u00dfen. Es gibt Pferde, die aus Veranlagung einen br\u00fcchigen Aufbau der Hornwand haben. Die Ursache findet sich in der Tatsache, dass die Baustoffe f\u00fcr die Hufe (\u00e4hnlich wie bei den Menschen f\u00fcr die N\u00e4gel) gar nicht oder nur unzureichend \u00fcber die D\u00e4rme aufgenommen werden. Pferde mit einem br\u00fcchigen Hornwandaufbau bekommen schnell br\u00f6ckelige Hufe und Hufrisse.<\/p>\n<p>Hufe mit schlechter Hornbeschaffenheit rei\u00dfen leicht ein und\/oder brechen rund um den Hufrand leicht aus. Dadurch k\u00f6nnen diese Pferde schlecht beschlagen werden, zumal in diesen F\u00e4llen oft auch ein schlechtes Hufwachstum besteht.<\/p>\n<p><strong>Behandlung:<\/strong> Die Behandlung muss sich danach richten, die Baustoffe f\u00fcr den Hornstoff aus dem Futter heraus verf\u00fcgbar zu machen. Dieses Futter muss, um starke und gute Hufe zu bekommen, grunds\u00e4tzlich gen\u00fcgend Vitamine (unter anderem Biotin) enthalten. Pferde mit schlechtem Hufwachstum und br\u00f6ckeligen Hufen erweisen sich nicht im Stande, diese Baustoffe in ausreichender Menge \u00fcber die D\u00e4rme aufzunehmen. Durch die Beigabe von <u><a href=\"https:\/\/simicur.com\/de\/kruiden-en-voedersupplementen\/digesticur.html\">digesticur<\/a><\/u> (100ml \u00fcber das Kraftfutter) wird die Verdauung aktiviert und die Aufnahme optimalisiert. Zur Unterst\u00fctzung k\u00f6nnen die Hufe mit Huf\u00f6l einge\u00f6lt werden, wobei insbesondere der Kronenrand zu behandeln ist.<\/p>\n","protected":false},"excerpt":{"rendered":"<p>Die hom\u00f6opathische Behandlung von br\u00fcchigen und schlechten Hufen \/ schlechtes  [&#8230;]<\/p>\n","protected":false},"author":1,"featured_media":0,"parent":1187,"menu_order":0,"comment_status":"closed","ping_status":"closed","template":"","meta":{"footnotes":""},"class_list":["post-1199","page","type-page","status-publish","hentry"],"_links":{"self":[{"href":"https:\/\/simicur.com\/de\/wp-json\/wp\/v2\/pages\/1199","targetHints":{"allow":["GET"]}}],"collection":[{"href":"https:\/\/simicur.com\/de\/wp-json\/wp\/v2\/pages"}],"about":[{"href":"https:\/\/simicur.com\/de\/wp-json\/wp\/v2\/types\/page"}],"author":[{"embeddable":true,"href":"https:\/\/simicur.com\/de\/wp-json\/wp\/v2\/users\/1"}],"replies":[{"embeddable":true,"href":"https:\/\/simicur.com\/de\/wp-json\/wp\/v2\/comments?post=1199"}],"version-history":[{"count":1,"href":"https:\/\/simicur.com\/de\/wp-json\/wp\/v2\/pages\/1199\/revisions"}],"predecessor-version":[{"id":1200,"href":"https:\/\/simicur.com\/de\/wp-json\/wp\/v2\/pages\/1199\/revisions\/1200"}],"up":[{"embeddable":true,"href":"https:\/\/simicur.com\/de\/wp-json\/wp\/v2\/pages\/1187"}],"wp:attachment":[{"href":"https:\/\/simicur.com\/de\/wp-json\/wp\/v2\/media?parent=1199"}],"curies":[{"name":"wp","href":"https:\/\/api.w.org\/{rel}","templated":true}]}}