{"id":1206,"date":"2020-01-19T20:57:08","date_gmt":"2020-01-19T20:57:08","guid":{"rendered":"https:\/\/simicur.dalphes.com\/?page_id=1206"},"modified":"2020-01-19T20:57:08","modified_gmt":"2020-01-19T20:57:08","slug":"chronischer-bronchitis-copd-asthma-und-daempfigkeit","status":"publish","type":"page","link":"https:\/\/simicur.com\/de\/lexikon-erkrankungen-und-behandlungen\/erkrankungen-pferd-pony\/chronischer-bronchitis-copd-asthma-und-daempfigkeit\/","title":{"rendered":"Chronischer Bronchitis COPD, Asthma und D\u00e4mpfigkeit"},"content":{"rendered":"<p><strong>Die hom\u00f6opathische Behandlung von chronischer Bronchitis COPD, Asthma und D\u00e4mpfigkeit beim Pferd<\/strong><br \/>\nChronische Bronchitis oder auch COPD (Chronic Obstructive Pulmonary Disease) beginnt wie eine Erk\u00e4ltung, doch sie geht nicht vor\u00fcber, die Pferde husten weiter. Der Husten variiert von ab und zu Husten und Husten nur bei Trainingsbeginn, bis zu sehr h\u00e4ufigem Husten in Kombination mit Atemnot. Beim Husten wird h\u00e4ufig z\u00e4hfl\u00fcssiger gelber Schleim erbrochen, oft hat das Pferd einen gelben\/wei\u00dfen Nasenausfluss. Die chronische Bronchitis wird durch Staub (das Pferd wird kurzatmig, wenn im Stall eingestreut wird oder wenn die Reitbahn staubig ist) oder Ammoniak (das Pferd hustet so gut wie immer fr\u00fch am Morgen, wenn es im Stall steht) instand gehalten. Wird der Husten nicht behandelt, dann kann die chronische Bronchitis in D\u00e4mpfigkeit \u00fcbergehen. Das ist eine Erkrankung die man kaum mehr auftreten sieht und die man nicht mit Kurzatmigkeit verwechseln darf, bei der auch eine starke Bauchatmung zu sehen ist (nicht zu verwechseln mit dem so gef\u00fcrchteten &#8218;Doppelschlag&#8216;). D\u00e4mpfigkeit ist ein Emphysem, eine Erkrankung der Lungen, bei der die Lungen ihre Elastizit\u00e4t verlieren und die Lungenbl\u00e4schen keinen oder kaum mehr Sauerstoff aus der eingeatmeten Luft aufnehmen k\u00f6nnen. Daneben kann das Tier nur schwer ausatmen, es muss die Ausatmung mit den Bauchmuskeln (Doppelhub) unterst\u00fctzen.<\/p>\n<p><strong>Behandlung:<\/strong> Chronische Bronchitis muss durch D\u00e4mpfen\/ Inhalieren mit \u00e4therischen \u00d6len behandelt werden. Infolge des chronischen Verlaufes der Erkrankung muss das Tier \u00fcber einen l\u00e4ngeren Zeitraum inhaliert werden. Parallel dazu bekommt das Pferd <u><a href=\"https:\/\/simicur.com\/de\/homeopathische-medicijnen\/glandulacur-100-ml.html\">glandulacur<\/a><\/u> und <u><a href=\"https:\/\/simicur.com\/de\/kruiden-en-voedersupplementen\/hoestmix-800gr.html\">hoestmix<\/a><\/u>. Die Einstreu muss durch Flachs, Holzsp\u00e4ne oder Gummimatten ersetzt und das Heu nass gemacht oder gegen Silage ausgewechselt werden.<\/p>\n<p><strong>Achtung:<\/strong> Chronischer Husten kann auch durch eine Allergie, etwa durch Milben oder schimmeliges Heu ausgel\u00f6st werden. Die Pferde reagieren dann auch h\u00e4ufig \u00fcberempfindlich gegen Fliegen. In dem Fall besteht die Behandlung aus Inhalation, sowie <u><a href=\"https:\/\/simicur.com\/de\/homeopathische-medicijnen\/allergicur-100-ml.html\">allergicur<\/a><\/u> und <u><a href=\"https:\/\/simicur.com\/de\/kruiden-en-voedersupplementen\/hoestmix-800gr.html\">hoestmix<\/a><\/u>.<\/p>\n<p><strong>Achtung:<\/strong> <u><a href=\"https:\/\/simicur.com\/de\/homeopathische-medicijnen\/allergicur-100-ml.html\">allergicur<\/a><\/u> kann zu einer vor\u00fcbergehenden Verschlimmerung der Symptome f\u00fchren, variierend von Buckeln bis zu Atemnot. In diesem Fall ist es ratsam, die Behandlung einen Tag auszusetzen und danach wieder aufzunehmen.<\/p>\n","protected":false},"excerpt":{"rendered":"<p>Die hom\u00f6opathische Behandlung von chronischer Bronchitis COPD, Asthma und D\u00e4mpfigkeit  [&#8230;]<\/p>\n","protected":false},"author":1,"featured_media":0,"parent":1187,"menu_order":0,"comment_status":"closed","ping_status":"closed","template":"","meta":{"footnotes":""},"class_list":["post-1206","page","type-page","status-publish","hentry"],"_links":{"self":[{"href":"https:\/\/simicur.com\/de\/wp-json\/wp\/v2\/pages\/1206","targetHints":{"allow":["GET"]}}],"collection":[{"href":"https:\/\/simicur.com\/de\/wp-json\/wp\/v2\/pages"}],"about":[{"href":"https:\/\/simicur.com\/de\/wp-json\/wp\/v2\/types\/page"}],"author":[{"embeddable":true,"href":"https:\/\/simicur.com\/de\/wp-json\/wp\/v2\/users\/1"}],"replies":[{"embeddable":true,"href":"https:\/\/simicur.com\/de\/wp-json\/wp\/v2\/comments?post=1206"}],"version-history":[{"count":1,"href":"https:\/\/simicur.com\/de\/wp-json\/wp\/v2\/pages\/1206\/revisions"}],"predecessor-version":[{"id":1207,"href":"https:\/\/simicur.com\/de\/wp-json\/wp\/v2\/pages\/1206\/revisions\/1207"}],"up":[{"embeddable":true,"href":"https:\/\/simicur.com\/de\/wp-json\/wp\/v2\/pages\/1187"}],"wp:attachment":[{"href":"https:\/\/simicur.com\/de\/wp-json\/wp\/v2\/media?parent=1206"}],"curies":[{"name":"wp","href":"https:\/\/api.w.org\/{rel}","templated":true}]}}