{"id":1208,"date":"2020-01-19T20:57:31","date_gmt":"2020-01-19T20:57:31","guid":{"rendered":"https:\/\/simicur.dalphes.com\/?page_id=1208"},"modified":"2020-01-19T20:57:31","modified_gmt":"2020-01-19T20:57:31","slug":"durchfall","status":"publish","type":"page","link":"https:\/\/simicur.com\/de\/lexikon-erkrankungen-und-behandlungen\/erkrankungen-pferd-pony\/durchfall\/","title":{"rendered":"Durchfall"},"content":{"rendered":"<p><strong>Die hom\u00f6opathische Behandlung von Durchfall beim Pferd<\/strong><br \/>\nBei Durchfall ist der Stuhlgang\/ Kot d\u00fcnner als normal und die H\u00e4ufigkeit des Stuhlganges und die Menge des Kots haben zugenommen. Der Kot kann d\u00fcnn bis w\u00e4ssrig sein. Die Ursache von Durchfall ist eine beschleunigte Darmt\u00e4tigkeit, wodurch N\u00e4hrstoffe und Fl\u00fcssigkeit weniger gut aufgenommen werden. Die gest\u00f6rte Absorption kann viele Ursachen haben, wie zum Beispiel eine bakterielle (Salmonellen) oder virale Infektion der Darmschleimhaut, Wurminfektionen, ver\u00e4ndertes Futter (junges Gras, Silage), Nervosit\u00e4t (Pferde, die vor einem Wettkampf mehr und d\u00fcnneren Stuhlgang haben oder Hunde am Ende eines Spazierganges).<\/p>\n<p>Bei Pferden mit einer Wurminfektion tritt in der Regel Kotwasser vor dem Kot aus. Der Kot selber hat eine normale Konsistenz, aber immer vor dem Stuhlgang verliert das Pferd Darmfl\u00fcssigkeit, wobei dabei h\u00e4ufig die Hinderhand verschmutzt.<\/p>\n<p><strong>Behandlung:<\/strong> Bei Durchfall verabreicht man dem Tier <u><a href=\"https:\/\/simicur.com\/de\/homeopathische-medicijnen\/stopcur-100-ml.html\">stopcur<\/a><\/u> in Kombination mit <u><a href=\"https:\/\/simicur.com\/de\/kruiden-en-voedersupplementen\/digesticur.html\">digesticur<\/a><\/u>. Hund und Katze l\u00e4sst man einen Tag fasten oder f\u00fcttert nur ein wenig Reis, einem Pferd gibt man am besten nur trockenes Heu.<\/p>\n","protected":false},"excerpt":{"rendered":"<p>Die hom\u00f6opathische Behandlung von Durchfall beim Pferd Bei Durchfall ist  [&#8230;]<\/p>\n","protected":false},"author":1,"featured_media":0,"parent":1187,"menu_order":0,"comment_status":"closed","ping_status":"closed","template":"","meta":{"footnotes":""},"class_list":["post-1208","page","type-page","status-publish","hentry"],"_links":{"self":[{"href":"https:\/\/simicur.com\/de\/wp-json\/wp\/v2\/pages\/1208","targetHints":{"allow":["GET"]}}],"collection":[{"href":"https:\/\/simicur.com\/de\/wp-json\/wp\/v2\/pages"}],"about":[{"href":"https:\/\/simicur.com\/de\/wp-json\/wp\/v2\/types\/page"}],"author":[{"embeddable":true,"href":"https:\/\/simicur.com\/de\/wp-json\/wp\/v2\/users\/1"}],"replies":[{"embeddable":true,"href":"https:\/\/simicur.com\/de\/wp-json\/wp\/v2\/comments?post=1208"}],"version-history":[{"count":1,"href":"https:\/\/simicur.com\/de\/wp-json\/wp\/v2\/pages\/1208\/revisions"}],"predecessor-version":[{"id":1209,"href":"https:\/\/simicur.com\/de\/wp-json\/wp\/v2\/pages\/1208\/revisions\/1209"}],"up":[{"embeddable":true,"href":"https:\/\/simicur.com\/de\/wp-json\/wp\/v2\/pages\/1187"}],"wp:attachment":[{"href":"https:\/\/simicur.com\/de\/wp-json\/wp\/v2\/media?parent=1208"}],"curies":[{"name":"wp","href":"https:\/\/api.w.org\/{rel}","templated":true}]}}