{"id":1214,"date":"2020-01-19T20:59:08","date_gmt":"2020-01-19T20:59:08","guid":{"rendered":"https:\/\/simicur.dalphes.com\/?page_id=1214"},"modified":"2020-01-19T20:59:08","modified_gmt":"2020-01-19T20:59:08","slug":"hufrehe-laminitis","status":"publish","type":"page","link":"https:\/\/simicur.com\/de\/lexikon-erkrankungen-und-behandlungen\/erkrankungen-pferd-pony\/hufrehe-laminitis\/","title":{"rendered":"Hufrehe, Laminitis"},"content":{"rendered":"<p><strong>Die hom\u00f6opathische Behandlung von Hufrehe \/ Laminitis beim Pferd<\/strong><br \/>\nHufrehe ist eine Entz\u00fcndung der Huflederhaut = dem Gewebe zwischen Hornwand \/ Hornkapsel und Hufbein. Meistens kommt sie an den Vorderbeinen vor, mitunter an allen vier Beinen, in einzelnen F\u00e4llen auch nur an einem Bein. Diese Entz\u00fcndung entsteht durch Giftstoffe von Bakterien (Toxine) aus dem Darm oder von einem entz\u00fcndeten K\u00f6rperteil (Bronchitis, Geb\u00e4rmutterentz\u00fcndung) aus. Die Toxine gelangen in die Blutbahn und von dort aus in den Bereich der Huflederhaut, wo sie einen Einfluss auf die Durchl\u00e4ssigkeit der Blutgef\u00e4\u00dfe haben. Hierdurch kommt es zu einer Ansammlung von Blut in der Huflederhaut und die Verbindung zwischen Hornwand \/ Hufkapsel und Hufbein entz\u00fcndet sich, wodurch sich die Hornwand \/ Hufkapsel vom Hufbein l\u00f6st. Auf dem R\u00f6ntgenbild sieht es so aus, als ob sich das Hufbein nach unten senkt (kippt), aber tats\u00e4chlich ist die Hornwand \/ Hufkapsel hinaufgekommen.<\/p>\n<p><strong>Hufrehe kann unter folgenden Umst\u00e4nden auftreten: <\/strong><\/p>\n<ul>\n<li>Ein \u00dcberschuss an Fruktan im Gras. Das sind bestimmte Kohlenhydrate im Gras, die haupts\u00e4chlich in gr\u00f6\u00dferen Mengen gebildet werden, wenn das Gras gestresst ist(Fr\u00fchjahrswachstum und K\u00e4lteeinbruch). Besonders anf\u00e4llig f\u00fcr Hufrehe sind Shetlandponys, Tinker, Fjordpferde, Haflinger und Kaltbl\u00fcter. Eine Theorie ist, dass durch diese Kohlenhydrate eine so genannte Dysbakteriose im Darm entsteht, wobei viele Bakterien absterben und viele Toxine freikommen, die daraufhin \u00fcber die Darmwand in die Blutbahn gelangen. Diese Form von Hufrehe tritt oft akut auf, ist aber in der Regel nur von kurzer Dauer.<\/li>\n<li>Anderweitige Entz\u00fcndung im K\u00f6rper (Bronchitis, Geb\u00e4rmutterentz\u00fcndung). Auch hierbei kommen bakterielle Toxine im Blut frei, aber meistens in geringerem Ma\u00dfe, so dass die Hufrehe weniger heftig und akut auftritt. Allerdings tritt in diesen F\u00e4llen auch nach einiger Zeit kaum oder keine Verbesserung auf.<\/li>\n<li>\u00dcberlastung eines Beines, wenn das andere Bein verletzt ist und geschont wird oder wenn \u00fcber eine l\u00e4ngere Strecke \u00fcber die Stra\u00dfe getrabt worden ist.<\/li>\n<li>Eine Behandlung durch den Tierarzt mit Corticosteroiden, welche in gro\u00dfen Mengen verwendet werden, wenn das Pferd eine Entz\u00fcndung oder eine allergische Reaktion hat.<\/li>\n<li>Auch sind sehr dicke Pferde, die am &#8218;Equinen Metabolischen Syndrom&#8216; leiden, anf\u00e4llig f\u00fcr Hufrehe. Diese Pferde haben viel Unterhautfettgewebe, das in Klecksen \u00fcber den K\u00f6rper und im Nackenband verteilt ist, welches dann dick und verh\u00e4rtet ist. Auch bei diesen Pferden tritt die Hufrehe weniger heftig und akut auf als bei den Pferden, die empfindlich gegen Gras sind. Die Ursache hier muss in einem erh\u00f6hten Insulingehalt im Blut gesucht werden, infolge einer Funktionsst\u00f6rung der Bauchspeicheldr\u00fcse. Theorie ist, dass das Insulin im Blut die Durchblutung der Huflederhaut st\u00f6rt, mit einer Entz\u00fcndung als Folge.<\/li>\n<li>Mangel am Schilddr\u00fcsenhormon T4<\/li>\n<\/ul>\n<p><strong>Krankheitsbild:<\/strong> Hufrehe kann in akuter und chronischer Form vorkommen. Bei akuter Hufrehe hat das Pferd haupts\u00e4chlich Schmerzen in den Vorderbeinen. Das Pferd stellt die Vorderbeine nach vorne aus und zieht die Hinterbeine weit unter sich, um die Vorderbeine so viel wie m\u00f6glich zu entlasten. Das Tier ist oft sehr verspannt und bewegt sich m\u00fchsam vorw\u00e4rts. Atmung und Herzschlag k\u00f6nnen beschleunigt und die K\u00f6rpertemperatur erh\u00f6ht sein. Die Hufe f\u00fchlen sich warm an und die Schwellung der Huflederhaut verursacht viel Schmerzen. Bei chronischer Hufrehe hat sich die Huflederhaut durch die Schwellung von der Hornwand gel\u00f6st. Gelegentlich ist der Kronenrand feucht und manchmal f\u00fchrt die Ausdehnung zum Ausschuhen (das Absto\u00dfen der ganzen Hufkapsel). Die Hufform wird sich beim Auseinanderwachsen ver\u00e4ndern: der Huf streckt sich l\u00e4nger nach vorn durch, es bilden sich dicke Rillen im Huf und h\u00e4ufig w\u00e4chst der Huf auch schneller. Die Hufsohle ist sehr empfindlich und das Pferd setzt den Huf zuerst mit der Hinterkante auf den Boden auf und klappt dann nach vorne auf den Boden auf (zweischl\u00e4giges Aufsetzen der Hufe).<\/p>\n<p><strong>Behandlung:<\/strong> Bei akuter Hufrehe k\u00f6nnen die Schmerzen in den Hufen gelindert werden, indem man das Pferd in nassen Sand stellt. <u><a href=\"https:\/\/simicur.com\/de\/homeopathische-medicijnen\/lamicur-100-ml.html\">lamicur<\/a><\/u> kann sowohl zur Pr\u00e4vention, als auch zur Heilung bei Hufrehe angewendet werden. Bei einer akuten Hufrehe sorgt <u><a href=\"https:\/\/simicur.com\/de\/homeopathische-medicijnen\/lamicur-100-ml.html\">lamicur<\/a><\/u> daf\u00fcr, dass die Abfallstoffe, welche sich in der Huflederhaut angesammelt haben, beschleunigt abgef\u00fchrt und die Schmerzen gelindert werden. Eine Kur hilft also bei akuter Hufrehe. Bei chronischer Hufrehe kann eine Behandlung mit <u><a href=\"https:\/\/simicur.com\/de\/homeopathische-medicijnen\/lamicur-100-ml.html\">lamicur<\/a><\/u> etwa 3 bis 4 Monate erforderlich sein. Die Behandlung sollte zusammen mit <u><a href=\"https:\/\/simicur.com\/de\/homeopathische-medicijnen\/osteocur-100-ml.html\">osteocur<\/a><\/u> erfolgen, es wirkt erleichternd auf die R\u00e4nder des Hufbeins, indem es die Durchblutung der Huflederhaut verbessert. Bei f\u00fcr Hufrehe anf\u00e4lligen Pferden kann man <u><a href=\"https:\/\/simicur.com\/de\/homeopathische-medicijnen\/lamicur-100-ml.html\">lamicur<\/a><\/u> schon geraume Zeit, bevor das Pferd im Fr\u00fchjahr auf die Weide geht, vorbeugend anwenden. In diesen F\u00e4llen ist es ebenfalls ratsam <u><a href=\"https:\/\/simicur.com\/de\/kruiden-en-voedersupplementen\/digesticur.html\">digesticur<\/a><\/u> zu verabreichen, um zu verhindern, dass die Bakterienflora im Darm entgleist. <u><a href=\"https:\/\/simicur.com\/de\/kruiden-en-voedersupplementen\/digesticur.html\">digesticur<\/a><\/u> hat gleichzeitig eine entgiftende Wirkung, wodurch der K\u00f6rper von den Toxinen gereinigt wird.<\/p>\n","protected":false},"excerpt":{"rendered":"<p>Die hom\u00f6opathische Behandlung von Hufrehe \/ Laminitis beim Pferd Hufrehe  [&#8230;]<\/p>\n","protected":false},"author":1,"featured_media":0,"parent":1187,"menu_order":0,"comment_status":"closed","ping_status":"closed","template":"","meta":{"footnotes":""},"class_list":["post-1214","page","type-page","status-publish","hentry"],"_links":{"self":[{"href":"https:\/\/simicur.com\/de\/wp-json\/wp\/v2\/pages\/1214","targetHints":{"allow":["GET"]}}],"collection":[{"href":"https:\/\/simicur.com\/de\/wp-json\/wp\/v2\/pages"}],"about":[{"href":"https:\/\/simicur.com\/de\/wp-json\/wp\/v2\/types\/page"}],"author":[{"embeddable":true,"href":"https:\/\/simicur.com\/de\/wp-json\/wp\/v2\/users\/1"}],"replies":[{"embeddable":true,"href":"https:\/\/simicur.com\/de\/wp-json\/wp\/v2\/comments?post=1214"}],"version-history":[{"count":1,"href":"https:\/\/simicur.com\/de\/wp-json\/wp\/v2\/pages\/1214\/revisions"}],"predecessor-version":[{"id":1215,"href":"https:\/\/simicur.com\/de\/wp-json\/wp\/v2\/pages\/1214\/revisions\/1215"}],"up":[{"embeddable":true,"href":"https:\/\/simicur.com\/de\/wp-json\/wp\/v2\/pages\/1187"}],"wp:attachment":[{"href":"https:\/\/simicur.com\/de\/wp-json\/wp\/v2\/media?parent=1214"}],"curies":[{"name":"wp","href":"https:\/\/api.w.org\/{rel}","templated":true}]}}