{"id":1216,"date":"2020-01-19T20:59:45","date_gmt":"2020-01-19T20:59:45","guid":{"rendered":"https:\/\/simicur.dalphes.com\/?page_id=1216"},"modified":"2020-01-19T20:59:45","modified_gmt":"2020-01-19T20:59:45","slug":"hufrollenentzuendung-podotrochlose","status":"publish","type":"page","link":"https:\/\/simicur.com\/de\/lexikon-erkrankungen-und-behandlungen\/erkrankungen-pferd-pony\/hufrollenentzuendung-podotrochlose\/","title":{"rendered":"Hufrollenentz\u00fcndung, Podotrochlose"},"content":{"rendered":"<p><strong>Die hom\u00f6opathische Behandlung von Hufrollenentz\u00fcndung \/ Podotrochlose beim Pferd<\/strong><br \/>\nHufrollenentz\u00fcndung (Hufrolle) ist der Sammelname f\u00fcr eine Entz\u00fcndung des Strahlbeins. Es liegt unter der tiefen Beugesehne an der Hinterseite des Hufgelenks, des Schleimbeutels (zwischen tiefer Beugesehne und Strahlbein) und der B\u00e4nder, mit denen das Strahlbein an Kronbein und Hufbein befestigt ist. Das Strahlbein ist ein Hebel f\u00fcr die Beugesehne, um die Hufe zu beugen und bildet mit dem Schleimbeutel und den Bindegewebsb\u00e4ndern die &#8218;Hufrolle&#8216;.<\/p>\n<p>Die Ursache der Ver\u00e4nderungen am Strahlbein, wodurch das Gleiten der Beugesehne \u00fcber das Strahlbein bis hin zu einem Schleifen erschwert ist, findet sich in: \u00dcberbelastung (besonders im jungen Alter, wenn sich das Tier noch im Wachstum befindet) und gest\u00f6rter Blutversorgung in Kombination mit einer erblichen Komponente.<\/p>\n<p><strong>Krankheitsbild:<\/strong> Hufrollenentz\u00fcndung stellt man h\u00e4ufig bei 6-10 Jahre alten Pferden aller Rassen und so gut wie immer an den Vorderbeinen fest. Die Lahmheit f\u00e4ngt allm\u00e4hlich an, meistens mit leichtem Stolpern (wie wenn das Pferd \u00fcber einen Grasb\u00fcschel stolpert) und steifem Laufen. Man sieht, dass der Huf mit der Zehe zuerst auf den Boden trifft. Auf weichem Boden l\u00e4uft das Pferd gut, doch auf hartem Boden tritt es verk\u00fcrzt und in den Wendungen lahmt es auf dem inneren Bein. Beim Abtasten (Palpation) ist der Fesselhohlraum sehr empfindlich und unterhalb des Hufes ist der Bereich der Strahlspitze empfindlich. Entscheidend ist der so genannte Keiltest, bei dem das Vorderbein auf ein Brett gestellt und daraufhin das andere Ende des Brettes angehoben wird. Wenn das Pferd diese Bewegung(\u00dcberstreckung) nicht vertragen kann, ist der Verdacht auf Hufrollenentz\u00fcndung sehr gro\u00df.<\/p>\n<p><strong>Behandlung:<\/strong> Die hom\u00f6opathische Behandlung besteht f\u00fcr ein halbes Jahr aus <u><a href=\"https:\/\/simicur.com\/de\/homeopathische-medicijnen\/osteocur-100-ml.html\">osteocur<\/a><\/u>, in Kombination mit dem passenden Hufbeschlag- oder Beschnitt. <u><a href=\"https:\/\/simicur.com\/de\/kruiden-en-voedersupplementen\/teufelskralle-500gr.html\">teufelskralle<\/a><\/u> ist das geeignete Mittel zur Schmerzlinderung.<\/p>\n","protected":false},"excerpt":{"rendered":"<p>Die hom\u00f6opathische Behandlung von Hufrollenentz\u00fcndung \/ Podotrochlose beim Pferd Hufrollenentz\u00fcndung  [&#8230;]<\/p>\n","protected":false},"author":1,"featured_media":0,"parent":1187,"menu_order":0,"comment_status":"closed","ping_status":"closed","template":"","meta":{"footnotes":""},"class_list":["post-1216","page","type-page","status-publish","hentry"],"_links":{"self":[{"href":"https:\/\/simicur.com\/de\/wp-json\/wp\/v2\/pages\/1216","targetHints":{"allow":["GET"]}}],"collection":[{"href":"https:\/\/simicur.com\/de\/wp-json\/wp\/v2\/pages"}],"about":[{"href":"https:\/\/simicur.com\/de\/wp-json\/wp\/v2\/types\/page"}],"author":[{"embeddable":true,"href":"https:\/\/simicur.com\/de\/wp-json\/wp\/v2\/users\/1"}],"replies":[{"embeddable":true,"href":"https:\/\/simicur.com\/de\/wp-json\/wp\/v2\/comments?post=1216"}],"version-history":[{"count":1,"href":"https:\/\/simicur.com\/de\/wp-json\/wp\/v2\/pages\/1216\/revisions"}],"predecessor-version":[{"id":1217,"href":"https:\/\/simicur.com\/de\/wp-json\/wp\/v2\/pages\/1216\/revisions\/1217"}],"up":[{"embeddable":true,"href":"https:\/\/simicur.com\/de\/wp-json\/wp\/v2\/pages\/1187"}],"wp:attachment":[{"href":"https:\/\/simicur.com\/de\/wp-json\/wp\/v2\/media?parent=1216"}],"curies":[{"name":"wp","href":"https:\/\/api.w.org\/{rel}","templated":true}]}}