{"id":1218,"date":"2020-01-19T21:00:18","date_gmt":"2020-01-19T21:00:18","guid":{"rendered":"https:\/\/simicur.dalphes.com\/?page_id=1218"},"modified":"2020-01-19T21:00:18","modified_gmt":"2020-01-19T21:00:18","slug":"hufgeschwuer-und-hufsohlenprellung","status":"publish","type":"page","link":"https:\/\/simicur.com\/de\/lexikon-erkrankungen-und-behandlungen\/erkrankungen-pferd-pony\/hufgeschwuer-und-hufsohlenprellung\/","title":{"rendered":"Hufgeschw\u00fcr und Hufsohlenprellung"},"content":{"rendered":"<p><strong>Die hom\u00f6opathische Behandlung von Hufgeschw\u00fcr und Hufsohlenprellung beim Pferd<\/strong><br \/>\nWenn ein Pferd auf einen Stein tritt kann es zu einer Prellung, bzw. zu einem Bluterguss der Huflederhaut kommen. Dieser Bluterguss f\u00fchrt h\u00e4ufig zu einer leichten Lahmheit, die nicht direkt auf eine empfindliche Sohle oder Huf zur\u00fcckzuf\u00fchren ist, so dass es zu keiner angemessenen Behandlung kommt. Diese Lahmheit kann dann jahrelang bestehen bleiben. Die Prellung kann auch mit Bakterien infiziert werden, dadurch kommt es zu einem Hufgeschw\u00fcr. Der hierdurch auftretende Druck im Huf ist sehr schmerzhaft. Das Pferd entlastet das Bein oder setzt den Huf nach vorne. Beim Abtasten (Palpation) f\u00fchlt man Herzschlag (Pulsation) im Bereich der Fessel.<\/p>\n<p><strong>Behandlung:<\/strong> Die Behandlung, bei der es die geringsten Komplikationen gibt ist, dem Huf einen Sauerkrautverband anzulegen. Innerhalb von 1-7 Tagen reift das Geschw\u00fcr und bricht am Kronenrand nach au\u00dfen durch. Zur Unterst\u00fctzung verabreicht man <u><a href=\"https:\/\/simicur.com\/de\/homeopathische-medicijnen\/glandulacur-100-ml.html\">glandulacur<\/a><\/u>. Lasertherapie beschleunigt den Heilungsprozess.<\/p>\n","protected":false},"excerpt":{"rendered":"<p>Die hom\u00f6opathische Behandlung von Hufgeschw\u00fcr und Hufsohlenprellung beim Pferd Wenn  [&#8230;]<\/p>\n","protected":false},"author":1,"featured_media":0,"parent":1187,"menu_order":0,"comment_status":"closed","ping_status":"closed","template":"","meta":{"footnotes":""},"class_list":["post-1218","page","type-page","status-publish","hentry"],"_links":{"self":[{"href":"https:\/\/simicur.com\/de\/wp-json\/wp\/v2\/pages\/1218","targetHints":{"allow":["GET"]}}],"collection":[{"href":"https:\/\/simicur.com\/de\/wp-json\/wp\/v2\/pages"}],"about":[{"href":"https:\/\/simicur.com\/de\/wp-json\/wp\/v2\/types\/page"}],"author":[{"embeddable":true,"href":"https:\/\/simicur.com\/de\/wp-json\/wp\/v2\/users\/1"}],"replies":[{"embeddable":true,"href":"https:\/\/simicur.com\/de\/wp-json\/wp\/v2\/comments?post=1218"}],"version-history":[{"count":1,"href":"https:\/\/simicur.com\/de\/wp-json\/wp\/v2\/pages\/1218\/revisions"}],"predecessor-version":[{"id":1219,"href":"https:\/\/simicur.com\/de\/wp-json\/wp\/v2\/pages\/1218\/revisions\/1219"}],"up":[{"embeddable":true,"href":"https:\/\/simicur.com\/de\/wp-json\/wp\/v2\/pages\/1187"}],"wp:attachment":[{"href":"https:\/\/simicur.com\/de\/wp-json\/wp\/v2\/media?parent=1218"}],"curies":[{"name":"wp","href":"https:\/\/api.w.org\/{rel}","templated":true}]}}