{"id":1222,"date":"2020-01-19T21:05:13","date_gmt":"2020-01-19T21:05:13","guid":{"rendered":"https:\/\/simicur.dalphes.com\/?page_id=1222"},"modified":"2020-01-19T21:05:13","modified_gmt":"2020-01-19T21:05:13","slug":"kolik","status":"publish","type":"page","link":"https:\/\/simicur.com\/de\/lexikon-erkrankungen-und-behandlungen\/erkrankungen-pferd-pony\/kolik\/","title":{"rendered":"Kolik"},"content":{"rendered":"<p><strong>Die hom\u00f6opathische Behandlung von Kolik beim Pferd<\/strong><br \/>\nKolik ist die Sammelbezeichnung f\u00fcr Bauchschmerzen und Kr\u00e4mpfe. Das Pferd ist appetitlos, f\u00e4ngt an zu schwitzen, wird unruhig und der Bauch kann angeschwollen sein. Nachher wird sich das Pferd w\u00e4lzen. Es kann sich um eine richtige Kolik handeln, verursacht durch Magen- und Darmprobleme. Oder es handelt sich um eine unechte Kolik, verursacht durch andere Organe, wie Eierst\u00f6cke, Nieren und Harnwege, Geb\u00e4rmutter und Hoden.<\/p>\n<p><strong>Ursachen:<\/strong><\/p>\n<ul>\n<li><strong>Magendarm\u00fcberf\u00fcllung<\/strong>: Wenn ein Pferd zuviel Mehl auf einmal bekommt, kann die St\u00e4rke im Magen verklumpen. Ein Pferd kann nicht erbrechen und wird m\u00e4chtige Schmerzen f\u00fchlen. Zuviel Raufutter (zuviel Stroh und zuwenig Bewegung) kann sich ebenfalls im Dickdarm anh\u00e4ufen und Kolik verursachen.<\/li>\n<li><strong>Sandkolik:<\/strong> Im Laufe des Sommers kann sich die Weide in eine Sandfl\u00e4che verwandeln. Mit dem abknabbern der letzten Grashalme oder dem fressen des Heus vom Boden, schluckt das Pferd viel Sand herunter. Das kann Kolik verursachen, besonders bei Ponys, die im Winter drau\u00dfen laufen. Das Futter muss also zuerst vom Sand befreit werden, bevor es dem Pferd gegeben wird.<\/li>\n<li><strong>Krampfkolik<\/strong>: Das Trinken von kaltem oder gefrorenem Wasser reizt die Muskeln der Darmwand und verursacht heftige Kr\u00e4mpfe.<\/li>\n<li><strong>Wurminfektion:<\/strong> Bei einer gro\u00dfen Infektion k\u00f6nnen Spulw\u00fcrmer die Darmwand reizen oder einen Darmverschluss entstehen lassen und so Kolik verursachen. Doch auch Bandw\u00fcrmer im Blinddarm k\u00f6nnen durchg\u00e4ngig Anlass f\u00fcr eine Kolik sein.<\/li>\n<\/ul>\n<p><strong>Behandlung:<\/strong> Vorbeugend sollte man Futter immer in mehreren und kleinen Portionen geben und f\u00fcr guten Weidegang sorgen. Regelm\u00e4\u00dfiges Entwurmen ist von wesentlicher Bedeutung (alle 2-3 Monate). Wenn das Pferd an Kolik leidet, k\u00f6nnen die schlimmsten Schmerzen schnell behoben werden, indem man <u><a href=\"https:\/\/simicur.com\/de\/homeopathische-medicijnen\/gastricur-100-ml.html\">gastricur<\/a><\/u> ins Maul spritzt (jede halbe Stunde 4ml ins Maul spritzen).<\/p>\n<p>Kolikanf\u00e4llige Pferde k\u00f6nnen ebenfalls vorbeugend behandelt werden, wenn man t\u00e4glich <u><a href=\"https:\/\/simicur.com\/de\/homeopathische-medicijnen\/gastricur-100-ml.html\">gastricur<\/a><\/u> und <u><a href=\"https:\/\/simicur.com\/de\/kruiden-en-voedersupplementen\/digesticur.html\">digesticur<\/a><\/u> \u00fcber das Futter gibt.<\/p>\n","protected":false},"excerpt":{"rendered":"<p>Die hom\u00f6opathische Behandlung von Kolik beim Pferd Kolik ist die  [&#8230;]<\/p>\n","protected":false},"author":1,"featured_media":0,"parent":1187,"menu_order":0,"comment_status":"closed","ping_status":"closed","template":"","meta":{"footnotes":""},"class_list":["post-1222","page","type-page","status-publish","hentry"],"_links":{"self":[{"href":"https:\/\/simicur.com\/de\/wp-json\/wp\/v2\/pages\/1222","targetHints":{"allow":["GET"]}}],"collection":[{"href":"https:\/\/simicur.com\/de\/wp-json\/wp\/v2\/pages"}],"about":[{"href":"https:\/\/simicur.com\/de\/wp-json\/wp\/v2\/types\/page"}],"author":[{"embeddable":true,"href":"https:\/\/simicur.com\/de\/wp-json\/wp\/v2\/users\/1"}],"replies":[{"embeddable":true,"href":"https:\/\/simicur.com\/de\/wp-json\/wp\/v2\/comments?post=1222"}],"version-history":[{"count":1,"href":"https:\/\/simicur.com\/de\/wp-json\/wp\/v2\/pages\/1222\/revisions"}],"predecessor-version":[{"id":1223,"href":"https:\/\/simicur.com\/de\/wp-json\/wp\/v2\/pages\/1222\/revisions\/1223"}],"up":[{"embeddable":true,"href":"https:\/\/simicur.com\/de\/wp-json\/wp\/v2\/pages\/1187"}],"wp:attachment":[{"href":"https:\/\/simicur.com\/de\/wp-json\/wp\/v2\/media?parent=1222"}],"curies":[{"name":"wp","href":"https:\/\/api.w.org\/{rel}","templated":true}]}}