{"id":1224,"date":"2020-01-19T21:05:39","date_gmt":"2020-01-19T21:05:39","guid":{"rendered":"https:\/\/simicur.dalphes.com\/?page_id=1224"},"modified":"2020-01-19T21:05:39","modified_gmt":"2020-01-19T21:05:39","slug":"leberentzuendung-leberegel","status":"publish","type":"page","link":"https:\/\/simicur.com\/de\/lexikon-erkrankungen-und-behandlungen\/erkrankungen-pferd-pony\/leberentzuendung-leberegel\/","title":{"rendered":"Leberentz\u00fcndung, Leberegel"},"content":{"rendered":"<p><strong>Die hom\u00f6opathische Behandlung von Leberentz\u00fcndung \/ Leberegel beim Pferd<\/strong><br \/>\nEine Infektion mit dem Leberegel ist haupts\u00e4chlich bei Schafen bekannt, dabei sind die Symptome deutlich. Eine Leberegelinfektion kann in eine akute oder chronische Erkrankung eingeteilt werden.<\/p>\n<ul>\n<li><strong>Akut:<\/strong> Durch eine pl\u00f6tzliche Invasion von jungen Leberegeln k\u00f6nnen Lebersch\u00e4den auftreten. Dies f\u00fchrt zu Leberversagen, Blutungen in der Bauchh\u00f6hle und ein pl\u00f6tzlicher Tod kann eintreten.<\/li>\n<li><strong>Chronisch:<\/strong> Verstopfung von den Galleng\u00e4ngen an, Sch\u00e4digung des Lebergewebes, Leberfibrose und An\u00e4mie. H\u00e4ufig zeigt das Tier ein verz\u00f6gertes Wachstum, sowie eine sp\u00e4te Futterverdauung, ein stumpfes Fell und chronischen Durchfall.<\/li>\n<\/ul>\n<p>Wenngleich eine Leberegelinfektion bei Pferden und Ponys ziemlich selten in Anbetracht gezogen und geschildert wird, trifft unser eigener Tierarzt in seiner Praxis immer \u00f6fter auf Pferde die in Verdacht stehen, sich damit infiziert zu haben. Hierbei sind folgende Merkmale auffallend: Schwitzen nach dem Fressen, Kolikanf\u00e4lligkeit, Blutarmut (An\u00e4mie) und eine juckende Haut.<\/p>\n<p>Eine Leberegelinfektion wird durch den Parasit Fasciola hepatica (ein Plattwurm) verursacht und kommt haupts\u00e4chlich bei Schafen vor, aber auch andere Gras fressende Tiere k\u00f6nnen sich infizieren. Die Eier der Leberegel haben, um infekti\u00f6s zu werden, einen Zwischengastwirt n\u00f6tig, die Schnecke Lymnaea tomentosa. In dieser Schnecke vermehren sich die Eier bei der richtigen Temperatur in eine gro\u00dfe Anzahl infekti\u00f6ser Zysten. Im Winter findet keine Entwicklung statt und bei uns im Land findet im Herbst die gr\u00f6\u00dfte Infizierung statt. \u00dcber infiziertes Gras oder Heu k\u00f6nnen die Zysten durch den Wirt aufgenommen werden. Hier kommen die Larven frei und wandern \u00fcber den Magen-Darmkanal zur Leber. Schlie\u00dflich gelangen sie in die Galleng\u00e4nge (4-5 Wochen nach der Infizierung), wo sie sich zu ausgereiften Leberegeln entwickeln. Wenn die Eier anfangen sich zu produzieren, k\u00f6nnen diese \u00fcber den Kot des Wirtes ausgeschieden werden, wonach andere Tiere infiziert werden k\u00f6nnen.<\/p>\n<p><strong>Behandlung:<\/strong> Es ist bekannt, das die Leberegellarve in sumpfigen Gebieten mit langsam flie\u00dfendem Wasser vorkommt. Besonders nach einem hei\u00dfen Sommer, gefolgt von einem milden Winter k\u00f6nnen Infektionen mit Leberegeln auftreten. Wenngleich Infektionen viel mehr bei Schafen auftreten, kommen in den letzten Jahren auch immer \u00f6fter Ansteckungen bei Pferden vor (schon oder nicht erkannt). Man kann vorbeugend daf\u00fcr sorgen, dass die Tiere auf trockenen Weiden stehen, eventuell kann man verseuchte Gebiete mit Schneckengift bearbeiten. Das wirksamste Wurmmittel gegen den Leberegel selbst ist Fascinex, es enth\u00e4lt Triclabendazol und wirkt gegen junge, 1 Jahr alte Leberegel. Es kann erforderlich sein, hiermit alle 2-4 Monate zu entwurmen, um die Leberegel v\u00f6llig zu verlieren. Das kann \u00fcber einige Jahre lang notwendig sein. Zur Unterst\u00fctzung des Tieres k\u00f6nnen Sie <u><a href=\"https:\/\/simicur.com\/de\/homeopathische-medicijnen\/anemiacur-100-ml.html\">anemiacur<\/a><\/u> verabreichen, um die Blutarmut zu beheben und <u><a href=\"https:\/\/simicur.com\/de\/homeopathische-medicijnen\/hepacur-100-ml.html\">hepacur<\/a><\/u>, um die Kondition der Leber zu steigern.<\/p>\n","protected":false},"excerpt":{"rendered":"<p>Die hom\u00f6opathische Behandlung von Leberentz\u00fcndung \/ Leberegel beim Pferd Eine  [&#8230;]<\/p>\n","protected":false},"author":1,"featured_media":0,"parent":1187,"menu_order":0,"comment_status":"closed","ping_status":"closed","template":"","meta":{"footnotes":""},"class_list":["post-1224","page","type-page","status-publish","hentry"],"_links":{"self":[{"href":"https:\/\/simicur.com\/de\/wp-json\/wp\/v2\/pages\/1224","targetHints":{"allow":["GET"]}}],"collection":[{"href":"https:\/\/simicur.com\/de\/wp-json\/wp\/v2\/pages"}],"about":[{"href":"https:\/\/simicur.com\/de\/wp-json\/wp\/v2\/types\/page"}],"author":[{"embeddable":true,"href":"https:\/\/simicur.com\/de\/wp-json\/wp\/v2\/users\/1"}],"replies":[{"embeddable":true,"href":"https:\/\/simicur.com\/de\/wp-json\/wp\/v2\/comments?post=1224"}],"version-history":[{"count":1,"href":"https:\/\/simicur.com\/de\/wp-json\/wp\/v2\/pages\/1224\/revisions"}],"predecessor-version":[{"id":1225,"href":"https:\/\/simicur.com\/de\/wp-json\/wp\/v2\/pages\/1224\/revisions\/1225"}],"up":[{"embeddable":true,"href":"https:\/\/simicur.com\/de\/wp-json\/wp\/v2\/pages\/1187"}],"wp:attachment":[{"href":"https:\/\/simicur.com\/de\/wp-json\/wp\/v2\/media?parent=1224"}],"curies":[{"name":"wp","href":"https:\/\/api.w.org\/{rel}","templated":true}]}}