{"id":1228,"date":"2020-01-19T21:06:34","date_gmt":"2020-01-19T21:06:34","guid":{"rendered":"https:\/\/simicur.dalphes.com\/?page_id=1228"},"modified":"2020-01-19T21:06:34","modified_gmt":"2020-01-19T21:06:34","slug":"luftsackentzuendung-entzuendete-ohrspeicheldruesen","status":"publish","type":"page","link":"https:\/\/simicur.com\/de\/lexikon-erkrankungen-und-behandlungen\/erkrankungen-pferd-pony\/luftsackentzuendung-entzuendete-ohrspeicheldruesen\/","title":{"rendered":"Luftsackentz\u00fcndung, entz\u00fcndete Ohrspeicheldr\u00fcsen"},"content":{"rendered":"<p><strong>Die hom\u00f6opathische Behandlung von Luftsackentz\u00fcndung beim Pferd<\/strong><br \/>\nDas Pferd hat in der Verbindung zwischen Kehle und Mittelohr (Eustachische R\u00f6hre) Ausbeulungen (Lufts\u00e4cke). Diese H\u00f6hlen k\u00f6nnen sich nach einer Kehl- und\/oder Mittelohrentz\u00fcndung entz\u00fcnden. Dabei k\u00f6nnen sie sich mit Eiter f\u00fcllen oder verstopfen, wodurch sie mit Luft \u00fcberf\u00fcllt werden. Dadurch dehnen sie sich aus und dr\u00fccken die Ohrspeicheldr\u00fcsen nach au\u00dfen. Durch den Druck auf den Kiefer und die Kehle kann das Pferd den Kopf nicht biegen. Es ist auch sehr empfindlich unter dem Ohr und hinter den Kiefern.<\/p>\n<p>Als Komplikation k\u00f6nnen sich Nerven entz\u00fcnden, die durch dieses Gebiet laufen und zu den Stimmb\u00e4ndern f\u00fchren. Hierdurch kann eine Stimmbandl\u00e4hmung auftreten (Cornage).<\/p>\n<p><strong>Behandlung: <\/strong>\u00dcberf\u00fcllte und entz\u00fcndete Lufts\u00e4cke und Ohrspeicheldr\u00fcsen werden mit <u><a href=\"https:\/\/simicur.com\/de\/homeopathische-medicijnen\/glandulacur-100-ml.html\">glandulacur<\/a><\/u> behandelt. Um die Entz\u00fcndung und die Schmerzen zu verringern, sind eine Laserbehandlung und das Einreiben mit <u><a href=\"http:\/\/simicur.com\/spiergel.html\">spiergel<\/a><\/u> im Gebiet unter den Ohren und hinter dem Kiefer zu empfehlen.<\/p>\n","protected":false},"excerpt":{"rendered":"<p>Die hom\u00f6opathische Behandlung von Luftsackentz\u00fcndung beim Pferd Das Pferd hat  [&#8230;]<\/p>\n","protected":false},"author":1,"featured_media":0,"parent":1187,"menu_order":0,"comment_status":"closed","ping_status":"closed","template":"","meta":{"footnotes":""},"class_list":["post-1228","page","type-page","status-publish","hentry"],"_links":{"self":[{"href":"https:\/\/simicur.com\/de\/wp-json\/wp\/v2\/pages\/1228","targetHints":{"allow":["GET"]}}],"collection":[{"href":"https:\/\/simicur.com\/de\/wp-json\/wp\/v2\/pages"}],"about":[{"href":"https:\/\/simicur.com\/de\/wp-json\/wp\/v2\/types\/page"}],"author":[{"embeddable":true,"href":"https:\/\/simicur.com\/de\/wp-json\/wp\/v2\/users\/1"}],"replies":[{"embeddable":true,"href":"https:\/\/simicur.com\/de\/wp-json\/wp\/v2\/comments?post=1228"}],"version-history":[{"count":1,"href":"https:\/\/simicur.com\/de\/wp-json\/wp\/v2\/pages\/1228\/revisions"}],"predecessor-version":[{"id":1229,"href":"https:\/\/simicur.com\/de\/wp-json\/wp\/v2\/pages\/1228\/revisions\/1229"}],"up":[{"embeddable":true,"href":"https:\/\/simicur.com\/de\/wp-json\/wp\/v2\/pages\/1187"}],"wp:attachment":[{"href":"https:\/\/simicur.com\/de\/wp-json\/wp\/v2\/media?parent=1228"}],"curies":[{"name":"wp","href":"https:\/\/api.w.org\/{rel}","templated":true}]}}