{"id":1232,"date":"2020-01-19T21:20:49","date_gmt":"2020-01-19T21:20:49","guid":{"rendered":"https:\/\/simicur.dalphes.com\/?page_id=1232"},"modified":"2020-01-19T21:20:49","modified_gmt":"2020-01-19T21:20:49","slug":"mauke","status":"publish","type":"page","link":"https:\/\/simicur.com\/de\/lexikon-erkrankungen-und-behandlungen\/erkrankungen-pferd-pony\/mauke\/","title":{"rendered":"Mauke"},"content":{"rendered":"<p><strong>Die hom\u00f6opthische Behandlung von trockener und nasser Mauke beim Pferd<\/strong><br \/>\nMauke ist eine Hautentz\u00fcndung der Fesselbeuge. Wenn die Entz\u00fcndung sich \u00fcber den ganzen Unterschenkel und speziell an dessen Vorderseite verbreitet, dann spricht man von Raspe. Hautsch\u00e4den in der Fesselbeuge k\u00f6nnen leicht durch Sand, Matsch, Schmutz und Mist auftreten. Diese Sch\u00e4den heilen im Allgemeinen schlecht, dadurch dass diese Haut intensiv bewegt wird, so dass Mikroorganismen leicht in die Haut eindringen k\u00f6nnen, mit einer Entz\u00fcndung als Folge. Daneben sind Sonnenbr\u00e4nde (wei\u00dfe Haut ist empfindlicher) und Schorfmilben (viel Behang) beg\u00fcnstigende Faktoren.<\/p>\n<p>Mauke kann unterschieden werden in \u201etrockene Mauke\u201c = Krustenbildung auf der betroffenen Haut und in &#8217;nasse Mauke&#8216; = n\u00e4ssendes Ekzem in der Fesselbeuge. Die befallenen Stellen sind schmerzhaft und in schweren F\u00e4llen kann das Pferd leicht lahm gehen. Bei Mauke infolge von Schorfmilben jucken die Unterschenkel stark und das eine Bein wird mit dem anderen gekratzt.<\/p>\n<p><strong>Behandlung:<\/strong> Trockene Mauke wird mit <u><a href=\"http:\/\/simicur.com\/de\/graphicur-i.html\">Graphicur I<\/a><\/u>behandelt und die Haut mit <u><a href=\"http:\/\/simicur.com\/de\/wundspray.html\">wundspray<\/a><\/u> eingespr\u00fcht. Nasse Mauke wird mit <u><a href=\"http:\/\/simicur.com\/de\/graphicur-ii.html\">Graphicur II<\/a><\/u> behandelt und die nassen Stellen k\u00f6nnen mit <u><a href=\"http:\/\/simicur.com\/de\/wondzalf.html\">wundsalbe<\/a><\/u> eingeschmiert werden. Zur Unterst\u00fctzung der Hautbeschaffenheit kann man <u><a href=\"https:\/\/simicur.com\/de\/homeopathische-medicijnen\/dermacur-100-ml.html\">dermacur<\/a><\/u> verabreichen.<\/p>\n","protected":false},"excerpt":{"rendered":"<p>Die hom\u00f6opthische Behandlung von trockener und nasser Mauke beim Pferd  [&#8230;]<\/p>\n","protected":false},"author":1,"featured_media":0,"parent":1187,"menu_order":0,"comment_status":"closed","ping_status":"closed","template":"","meta":{"footnotes":""},"class_list":["post-1232","page","type-page","status-publish","hentry"],"_links":{"self":[{"href":"https:\/\/simicur.com\/de\/wp-json\/wp\/v2\/pages\/1232","targetHints":{"allow":["GET"]}}],"collection":[{"href":"https:\/\/simicur.com\/de\/wp-json\/wp\/v2\/pages"}],"about":[{"href":"https:\/\/simicur.com\/de\/wp-json\/wp\/v2\/types\/page"}],"author":[{"embeddable":true,"href":"https:\/\/simicur.com\/de\/wp-json\/wp\/v2\/users\/1"}],"replies":[{"embeddable":true,"href":"https:\/\/simicur.com\/de\/wp-json\/wp\/v2\/comments?post=1232"}],"version-history":[{"count":1,"href":"https:\/\/simicur.com\/de\/wp-json\/wp\/v2\/pages\/1232\/revisions"}],"predecessor-version":[{"id":1233,"href":"https:\/\/simicur.com\/de\/wp-json\/wp\/v2\/pages\/1232\/revisions\/1233"}],"up":[{"embeddable":true,"href":"https:\/\/simicur.com\/de\/wp-json\/wp\/v2\/pages\/1187"}],"wp:attachment":[{"href":"https:\/\/simicur.com\/de\/wp-json\/wp\/v2\/media?parent=1232"}],"curies":[{"name":"wp","href":"https:\/\/api.w.org\/{rel}","templated":true}]}}